{"id":3251,"date":"2024-06-12T15:02:21","date_gmt":"2024-06-12T12:02:21","guid":{"rendered":"https:\/\/blog.edu.turku.fi\/tsyk\/?page_id=3251"},"modified":"2024-06-12T15:02:21","modified_gmt":"2024-06-12T12:02:21","slug":"paattoviikot","status":"publish","type":"page","link":"https:\/\/blog.edu.turku.fi\/tsyk\/paattoviikot\/","title":{"rendered":"P\u00e4\u00e4tt\u00f6viikot"},"content":{"rendered":"<p>Jokainen periodi p\u00e4\u00e4ttyy p\u00e4\u00e4tt\u00f6viikkoon. Kokeiden j\u00e4rjestys m\u00e4\u00e4r\u00e4ytyy opintojaksotarjottimen palkkien mukaan. Opintojaksoilla voidaan pit\u00e4\u00e4 my\u00f6s ns. v\u00e4likokeita. Tarkemmista ohjeista tiedotetaan oppiaineiden tunneilla, Wilmassa, koulun nettisivuilla ja ryhm\u00e4nohjauksissa. Koetta edelt\u00e4v\u00e4n\u00e4 p\u00e4iv\u00e4n\u00e4 tai koep\u00e4iv\u00e4n aamuna pidet\u00e4\u00e4n pakollinen preppaustunti.<\/p>\n<p>P\u00e4\u00e4tt\u00f6viikon kokeessa on oltava v\u00e4hint\u00e4\u00e4n puolet kokeen kokonaisajasta ennen poistumista.<\/p>\n<p>Opiskelijat, joilla on oikeus lis\u00e4aikaan kokeessa, informoivat opettajia asiasta itse kunkin periodin alussa. HUOM. Ylioppilaskokeissa lis\u00e4aikaan ovat oikeutettuja vain ne opiskelijat, joille Ylioppilastutkintolautakunta on hakemuksesta my\u00f6nt\u00e4nyt lis\u00e4ajan.<\/p>\n<p>Kokeet palautetaan ja palaute annetaan s\u00e4hk\u00f6isesti tai opettajan ilmoittaman ajankohtana. Arviointiin liittyviss\u00e4 kysymyksiss\u00e4 tulee olla yhteydess\u00e4 opintojakson opettajaan.<\/p>\n","protected":false},"excerpt":{"rendered":"<p>Jokainen periodi p\u00e4\u00e4ttyy p\u00e4\u00e4tt\u00f6viikkoon. Kokeiden j\u00e4rjestys m\u00e4\u00e4r\u00e4ytyy opintojaksotarjottimen palkkien mukaan. Opintojaksoilla voidaan pit\u00e4\u00e4 my\u00f6s ns. v\u00e4likokeita. Tarkemmista ohjeista tiedotetaan oppiaineiden tunneilla, Wilmassa, koulun nettisivuilla ja ryhm\u00e4nohjauksissa. Koetta edelt\u00e4v\u00e4n\u00e4 p\u00e4iv\u00e4n\u00e4 tai koep\u00e4iv\u00e4n aamuna pidet\u00e4\u00e4n pakollinen preppaustunti. P\u00e4\u00e4tt\u00f6viikon kokeessa on oltava v\u00e4hint\u00e4\u00e4n puolet kokeen kokonaisajasta ennen poistumista. Opiskelijat, joilla on oikeus lis\u00e4aikaan kokeessa, informoivat opettajia asiasta itse &hellip; <a href=\"https:\/\/blog.edu.turku.fi\/tsyk\/paattoviikot\/\" class=\"more-link\">Jatka artikkeliin <span class=\"screen-reader-text\">P\u00e4\u00e4tt\u00f6viikot<\/span><\/a><\/p>\n","protected":false},"author":2565,"featured_media":0,"parent":0,"menu_order":0,"comment_status":"closed","ping_status":"closed","template":"","meta":{"footnotes":""},"class_list":["post-3251","page","type-page","status-publish","hentry"],"_links":{"self":[{"href":"https:\/\/blog.edu.turku.fi\/tsyk\/wp-json\/wp\/v2\/pages\/3251","targetHints":{"allow":["GET"]}}],"collection":[{"href":"https:\/\/blog.edu.turku.fi\/tsyk\/wp-json\/wp\/v2\/pages"}],"about":[{"href":"https:\/\/blog.edu.turku.fi\/tsyk\/wp-json\/wp\/v2\/types\/page"}],"author":[{"embeddable":true,"href":"https:\/\/blog.edu.turku.fi\/tsyk\/wp-json\/wp\/v2\/users\/2565"}],"replies":[{"embeddable":true,"href":"https:\/\/blog.edu.turku.fi\/tsyk\/wp-json\/wp\/v2\/comments?post=3251"}],"version-history":[{"count":1,"href":"https:\/\/blog.edu.turku.fi\/tsyk\/wp-json\/wp\/v2\/pages\/3251\/revisions"}],"predecessor-version":[{"id":3252,"href":"https:\/\/blog.edu.turku.fi\/tsyk\/wp-json\/wp\/v2\/pages\/3251\/revisions\/3252"}],"wp:attachment":[{"href":"https:\/\/blog.edu.turku.fi\/tsyk\/wp-json\/wp\/v2\/media?parent=3251"}],"curies":[{"name":"wp","href":"https:\/\/api.w.org\/{rel}","templated":true}]}}