{"id":3248,"date":"2024-06-12T14:54:39","date_gmt":"2024-06-12T11:54:39","guid":{"rendered":"https:\/\/blog.edu.turku.fi\/tsyk\/?page_id=3248"},"modified":"2025-06-10T13:08:49","modified_gmt":"2025-06-10T10:08:49","slug":"oppiaineen-tason-vaihto","status":"publish","type":"page","link":"https:\/\/blog.edu.turku.fi\/tsyk\/oppiaineen-tason-vaihto\/","title":{"rendered":"Oppiaineen tason vaihto"},"content":{"rendered":"<p><strong>Opiskelijalla voi olla p\u00e4\u00e4tt\u00f6todistuksessaan oppiaineesta vain yhden laajuinen oppim\u00e4\u00e4r\u00e4.<\/strong> Opiskelijan siirtyess\u00e4 oppiaineen pitk\u00e4st\u00e4 oppim\u00e4\u00e4r\u00e4st\u00e4 lyhyemp\u00e4\u00e4n h\u00e4nen hyv\u00e4ksytysti suorittamansa pitk\u00e4n oppim\u00e4\u00e4r\u00e4n opinnot luetaan hyv\u00e4ksi lyhyemm\u00e4ss\u00e4 oppim\u00e4\u00e4r\u00e4ss\u00e4 siin\u00e4 m\u00e4\u00e4rin kuin niiden tavoitteet ja keskeiset sis\u00e4ll\u00f6t vastaavat toisiaan.<\/p>\n<p>Pitk\u00e4n oppim\u00e4\u00e4r\u00e4n opintojen arvosanat siirtyv\u00e4t suoraan lyhyen oppim\u00e4\u00e4r\u00e4n opintojen arvosanoiksi, jollei opiskelija anna korkeampaan arvosanaan oikeuttavaa lis\u00e4n\u00e4ytt\u00f6\u00e4. Jos opiskelija pyyt\u00e4\u00e4, tulee h\u00e4nelle j\u00e4rjest\u00e4\u00e4 mahdollisuus lis\u00e4n\u00e4ytt\u00f6ihin osaamistason toteamiseksi.<\/p>\n<p>Opiskelijan siirtyess\u00e4 kesken oppim\u00e4\u00e4r\u00e4n lyhyemm\u00e4st\u00e4 pidemp\u00e4\u00e4n oppim\u00e4\u00e4r\u00e4\u00e4n t\u00e4ll\u00f6in voidaan edellytt\u00e4\u00e4 t\u00e4ydent\u00e4vi\u00e4 opintoja, ja t\u00e4ss\u00e4 yhteydess\u00e4 my\u00f6s jo suoritettujen opintojen arvosanat harkitaan uudelleen.<\/p>\n<p><strong>Opiskelijan vaihtaessa oppim\u00e4\u00e4r\u00e4n tasoa (esim. pitk\u00e4st\u00e4 matematiikasta lyhyeen matematiikkaan) tulee h\u00e4nen keskustella opinto-ohjaajan ja kyseisen oppiaineen aineenopettajan kanssa.\u00a0 T\u00e4m\u00e4n j\u00e4lkeen opiskelija t\u00e4ytt\u00e4\u00e4 oppim\u00e4\u00e4r\u00e4ntason muutoslomakkeen ja palauttaa lomakkeen mahdollisimman pian t\u00e4ytettyn\u00e4 kansliaan.<\/strong><\/p>\n<p>Siirrytt\u00e4ess\u00e4 pitk\u00e4n matematiikan oppim\u00e4\u00e4r\u00e4st\u00e4 lyhyeen suoritetut opintojaksot luetaan hyv\u00e4ksi seuraavasti:<br \/>\nPitk\u00e4n matematiikan moduuli \u00a0\u00a0\u00a0\u00a0\u00a0\u00a0\u00a0\u00a0\u00a0\u00a0\u00a0\u00a0\u00a0\u00a0\u00a0\u00a0\u00a0\u00a0\u00a0\u00a0\u00a0\u00a0\u00a0\u00a0\u00a0\u00a0\u00a0\u00a0\u00a0\u00a0\u00a0\u00a0\u00a0 Lyhyen matematiikan moduuli<br \/>\nMAA02 (3op)\u00a0\u00a0\u00a0\u00a0\u00a0\u00a0\u00a0\u00a0\u00a0\u00a0\u00a0\u00a0\u00a0\u00a0\u00a0\u00a0\u00a0\u00a0\u00a0\u00a0\u00a0\u00a0\u00a0\u00a0\u00a0\u00a0\u00a0\u00a0\u00a0\u00a0\u00a0\u00a0\u00a0\u00a0\u00a0\u00a0\u00a0\u00a0\u00a0\u00a0\u00a0\u00a0\u00a0\u00a0\u00a0\u00a0\u00a0\u00a0\u00a0\u00a0\u00a0\u00a0\u00a0\u00a0\u00a0\u00a0\u00a0\u00a0\u00a0\u00a0\u00a0\u00a0\u00a0 MAB02 (2op)<br \/>\nMAA03 (2op)\u00a0\u00a0\u00a0\u00a0\u00a0\u00a0\u00a0\u00a0\u00a0\u00a0\u00a0\u00a0\u00a0\u00a0\u00a0\u00a0\u00a0\u00a0\u00a0\u00a0\u00a0\u00a0\u00a0\u00a0\u00a0\u00a0\u00a0\u00a0\u00a0\u00a0\u00a0\u00a0\u00a0\u00a0\u00a0\u00a0\u00a0\u00a0\u00a0\u00a0\u00a0\u00a0\u00a0\u00a0\u00a0\u00a0\u00a0\u00a0\u00a0\u00a0\u00a0\u00a0\u00a0\u00a0\u00a0\u00a0\u00a0\u00a0\u00a0\u00a0\u00a0\u00a0\u00a0 MAB03 (2op)<br \/>\nMAA06 (3op)\u00a0\u00a0\u00a0\u00a0\u00a0\u00a0\u00a0\u00a0\u00a0\u00a0\u00a0\u00a0\u00a0\u00a0\u00a0\u00a0\u00a0\u00a0\u00a0\u00a0\u00a0\u00a0\u00a0\u00a0\u00a0\u00a0\u00a0\u00a0\u00a0\u00a0\u00a0\u00a0\u00a0\u00a0\u00a0\u00a0\u00a0\u00a0\u00a0\u00a0\u00a0\u00a0\u00a0\u00a0\u00a0\u00a0\u00a0\u00a0\u00a0\u00a0\u00a0\u00a0\u00a0\u00a0\u00a0\u00a0\u00a0\u00a0\u00a0\u00a0\u00a0\u00a0\u00a0 MAB08 (2op)<br \/>\nMAA08 (2op)\u00a0\u00a0\u00a0\u00a0\u00a0\u00a0\u00a0\u00a0\u00a0\u00a0\u00a0\u00a0\u00a0\u00a0\u00a0\u00a0\u00a0\u00a0\u00a0\u00a0\u00a0\u00a0\u00a0\u00a0\u00a0\u00a0\u00a0\u00a0\u00a0\u00a0\u00a0\u00a0\u00a0\u00a0\u00a0\u00a0\u00a0\u00a0\u00a0\u00a0\u00a0\u00a0\u00a0\u00a0\u00a0\u00a0\u00a0\u00a0\u00a0\u00a0\u00a0\u00a0\u00a0\u00a0\u00a0\u00a0\u00a0\u00a0\u00a0\u00a0\u00a0\u00a0\u00a0 MAB05 (2op)<br \/>\nMAA09 ( 1op)\u00a0 \u00a0 \u00a0 \u00a0 \u00a0 \u00a0 \u00a0 \u00a0 \u00a0 \u00a0 \u00a0 \u00a0 \u00a0 \u00a0 \u00a0 \u00a0 \u00a0 \u00a0 \u00a0 \u00a0 \u00a0 \u00a0 \u00a0 \u00a0 \u00a0 \u00a0 \u00a0 \u00a0 \u00a0 \u00a0 \u00a0 \u00a0MAB07 (1op)<\/p>\n","protected":false},"excerpt":{"rendered":"<p>Opiskelijalla voi olla p\u00e4\u00e4tt\u00f6todistuksessaan oppiaineesta vain yhden laajuinen oppim\u00e4\u00e4r\u00e4. Opiskelijan siirtyess\u00e4 oppiaineen pitk\u00e4st\u00e4 oppim\u00e4\u00e4r\u00e4st\u00e4 lyhyemp\u00e4\u00e4n h\u00e4nen hyv\u00e4ksytysti suorittamansa pitk\u00e4n oppim\u00e4\u00e4r\u00e4n opinnot luetaan hyv\u00e4ksi lyhyemm\u00e4ss\u00e4 oppim\u00e4\u00e4r\u00e4ss\u00e4 siin\u00e4 m\u00e4\u00e4rin kuin niiden tavoitteet ja keskeiset sis\u00e4ll\u00f6t vastaavat toisiaan. Pitk\u00e4n oppim\u00e4\u00e4r\u00e4n opintojen arvosanat siirtyv\u00e4t suoraan lyhyen oppim\u00e4\u00e4r\u00e4n opintojen arvosanoiksi, jollei opiskelija anna korkeampaan arvosanaan oikeuttavaa lis\u00e4n\u00e4ytt\u00f6\u00e4. Jos opiskelija pyyt\u00e4\u00e4, &hellip; <a href=\"https:\/\/blog.edu.turku.fi\/tsyk\/oppiaineen-tason-vaihto\/\" class=\"more-link\">Jatka artikkeliin <span class=\"screen-reader-text\">Oppiaineen tason vaihto<\/span><\/a><\/p>\n","protected":false},"author":2565,"featured_media":0,"parent":0,"menu_order":0,"comment_status":"closed","ping_status":"closed","template":"","meta":{"footnotes":""},"class_list":["post-3248","page","type-page","status-publish","hentry"],"_links":{"self":[{"href":"https:\/\/blog.edu.turku.fi\/tsyk\/wp-json\/wp\/v2\/pages\/3248","targetHints":{"allow":["GET"]}}],"collection":[{"href":"https:\/\/blog.edu.turku.fi\/tsyk\/wp-json\/wp\/v2\/pages"}],"about":[{"href":"https:\/\/blog.edu.turku.fi\/tsyk\/wp-json\/wp\/v2\/types\/page"}],"author":[{"embeddable":true,"href":"https:\/\/blog.edu.turku.fi\/tsyk\/wp-json\/wp\/v2\/users\/2565"}],"replies":[{"embeddable":true,"href":"https:\/\/blog.edu.turku.fi\/tsyk\/wp-json\/wp\/v2\/comments?post=3248"}],"version-history":[{"count":3,"href":"https:\/\/blog.edu.turku.fi\/tsyk\/wp-json\/wp\/v2\/pages\/3248\/revisions"}],"predecessor-version":[{"id":3619,"href":"https:\/\/blog.edu.turku.fi\/tsyk\/wp-json\/wp\/v2\/pages\/3248\/revisions\/3619"}],"wp:attachment":[{"href":"https:\/\/blog.edu.turku.fi\/tsyk\/wp-json\/wp\/v2\/media?parent=3248"}],"curies":[{"name":"wp","href":"https:\/\/api.w.org\/{rel}","templated":true}]}}