{"id":3245,"date":"2024-06-12T14:45:06","date_gmt":"2024-06-12T11:45:06","guid":{"rendered":"https:\/\/blog.edu.turku.fi\/tsyk\/?page_id=3245"},"modified":"2025-04-10T15:14:16","modified_gmt":"2025-04-10T12:14:16","slug":"numeroin-arvioitavat-oppiaineiden-oppimaarat","status":"publish","type":"page","link":"https:\/\/blog.edu.turku.fi\/tsyk\/numeroin-arvioitavat-oppiaineiden-oppimaarat\/","title":{"rendered":"Numeroin arvioitavat oppiaineiden oppim\u00e4\u00e4r\u00e4t ja T-merkinn\u00e4t"},"content":{"rendered":"<p>Numeroarvosanoin arvioidaan kaikki pakollisten oppiaineiden oppim\u00e4\u00e4r\u00e4t sek\u00e4 valinnaiset vieraat kielet. Opinto-ohjauksesta annetaan suoritusmerkint\u00e4. Mik\u00e4li opiskelija pyyt\u00e4\u00e4, h\u00e4n on oikeutettu saamaan suoritusmerkinn\u00e4n liikunnasta ja sellaisista oppiaineista, joissa opiskelijan suorittama oppim\u00e4\u00e4r\u00e4 k\u00e4sitt\u00e4\u00e4 vain kaksi opintopistett\u00e4, sek\u00e4 valinnaisista vieraista kielist\u00e4, mik\u00e4li opiskelijan suorittama oppim\u00e4\u00e4r\u00e4 niiss\u00e4 k\u00e4sitt\u00e4\u00e4 korkeintaan nelj\u00e4 opintopistett\u00e4.<\/p>\n<p>Mik\u00e4li opiskelija haluaa p\u00e4\u00e4tt\u00f6todistukseen ko. oppiaineista suoritusmerkinn\u00e4n, ilmoittaa h\u00e4n kirjallisesti erillisell\u00e4 lomakkeella kansliaan p\u00e4\u00e4tt\u00f6vuoden huhtikuun loppuun menness\u00e4.<\/p>\n<p>P\u00e4\u00e4tt\u00f6todistuksen numeroarvosanaa ei voi muuttaa suoritusmerkinn\u00e4ksi eik\u00e4 suoritusmerkint\u00e4\u00e4 numeroarvosanaksi virallisen todistuksen antop\u00e4iv\u00e4n j\u00e4lkeen.<\/p>\n<p>Opintojaksosta saatu T tarkoittaa kesken olevaa suoritusta. N\u00e4iden osalta noudatamme lukiossamme m\u00e4\u00e4r\u00e4aikoja, joka l\u00f6ytyy lukiomme kotisivuilta kohdasta: Lukuvuoden aikatauluja -&gt; Lukuvuoden t\u00e4rkeit\u00e4 p\u00e4iv\u00e4m\u00e4\u00e4ri\u00e4.<\/p>\n","protected":false},"excerpt":{"rendered":"<p>Numeroarvosanoin arvioidaan kaikki pakollisten oppiaineiden oppim\u00e4\u00e4r\u00e4t sek\u00e4 valinnaiset vieraat kielet. Opinto-ohjauksesta annetaan suoritusmerkint\u00e4. Mik\u00e4li opiskelija pyyt\u00e4\u00e4, h\u00e4n on oikeutettu saamaan suoritusmerkinn\u00e4n liikunnasta ja sellaisista oppiaineista, joissa opiskelijan suorittama oppim\u00e4\u00e4r\u00e4 k\u00e4sitt\u00e4\u00e4 vain kaksi opintopistett\u00e4, sek\u00e4 valinnaisista vieraista kielist\u00e4, mik\u00e4li opiskelijan suorittama oppim\u00e4\u00e4r\u00e4 niiss\u00e4 k\u00e4sitt\u00e4\u00e4 korkeintaan nelj\u00e4 opintopistett\u00e4. Mik\u00e4li opiskelija haluaa p\u00e4\u00e4tt\u00f6todistukseen ko. oppiaineista suoritusmerkinn\u00e4n, ilmoittaa h\u00e4n &hellip; <a href=\"https:\/\/blog.edu.turku.fi\/tsyk\/numeroin-arvioitavat-oppiaineiden-oppimaarat\/\" class=\"more-link\">Jatka artikkeliin <span class=\"screen-reader-text\">Numeroin arvioitavat oppiaineiden oppim\u00e4\u00e4r\u00e4t ja T-merkinn\u00e4t<\/span><\/a><\/p>\n","protected":false},"author":2565,"featured_media":0,"parent":0,"menu_order":0,"comment_status":"closed","ping_status":"closed","template":"","meta":{"footnotes":""},"class_list":["post-3245","page","type-page","status-publish","hentry"],"_links":{"self":[{"href":"https:\/\/blog.edu.turku.fi\/tsyk\/wp-json\/wp\/v2\/pages\/3245","targetHints":{"allow":["GET"]}}],"collection":[{"href":"https:\/\/blog.edu.turku.fi\/tsyk\/wp-json\/wp\/v2\/pages"}],"about":[{"href":"https:\/\/blog.edu.turku.fi\/tsyk\/wp-json\/wp\/v2\/types\/page"}],"author":[{"embeddable":true,"href":"https:\/\/blog.edu.turku.fi\/tsyk\/wp-json\/wp\/v2\/users\/2565"}],"replies":[{"embeddable":true,"href":"https:\/\/blog.edu.turku.fi\/tsyk\/wp-json\/wp\/v2\/comments?post=3245"}],"version-history":[{"count":5,"href":"https:\/\/blog.edu.turku.fi\/tsyk\/wp-json\/wp\/v2\/pages\/3245\/revisions"}],"predecessor-version":[{"id":3559,"href":"https:\/\/blog.edu.turku.fi\/tsyk\/wp-json\/wp\/v2\/pages\/3245\/revisions\/3559"}],"wp:attachment":[{"href":"https:\/\/blog.edu.turku.fi\/tsyk\/wp-json\/wp\/v2\/media?parent=3245"}],"curies":[{"name":"wp","href":"https:\/\/api.w.org\/{rel}","templated":true}]}}