{"id":3242,"date":"2024-06-12T14:43:43","date_gmt":"2024-06-12T11:43:43","guid":{"rendered":"https:\/\/blog.edu.turku.fi\/tsyk\/?page_id=3242"},"modified":"2024-06-12T14:43:43","modified_gmt":"2024-06-12T11:43:43","slug":"oppiaineen-oppimaaran-arviointi","status":"publish","type":"page","link":"https:\/\/blog.edu.turku.fi\/tsyk\/oppiaineen-oppimaaran-arviointi\/","title":{"rendered":"Oppiaineen oppim\u00e4\u00e4r\u00e4n arviointi"},"content":{"rendered":"<p>Oppiaineen oppim\u00e4\u00e4r\u00e4 muodostuu pakollisista ja valtakunnallisista syvent\u00e4vist\u00e4 sek\u00e4 niihin l\u00e4heisesti liittyvist\u00e4 soveltavista kursseista. Opiskelijan on suoritettava v\u00e4hint\u00e4\u00e4n 2\/3 opinto-ohjelmansa mukaisista oppiaineen oppim\u00e4\u00e4r\u00e4n pakollisista ja valtakunnallisista valinnaisista opintojaksoista hyv\u00e4ksytysti (arvosana v\u00e4hint\u00e4\u00e4n 5) riippuen opiskeltujen opintojaksojen kokonaism\u00e4\u00e4r\u00e4st\u00e4.<\/p>\n<p>2\u20135 opintopistett\u00e4\u00a0\u00a0\u00a0\u00a0\u00a0\u00a0\u00a0\u00a0\u00a0\u00a0\u00a0\u00a0\u00a0\u00a0\u00a0\u00a0\u00a0\u00a0\u00a0\u00a0\u00a0\u00a0\u00a0\u00a0\u00a0\u00a0\u00a0\u00a0\u00a0\u00a0\u00a0\u00a0\u00a0\u00a0\u00a0\u00a0\u00a0\u00a0\u00a0\u00a0\u00a0\u00a0\u00a0\u00a0\u00a0\u00a0\u00a0\u00a0\u00a0\u00a0\u00a0\u00a0\u00a0\u00a0 0 hyl\u00e4tty\u00e4 opintopistett\u00e4<br \/>\n6\u201311 opintopistett\u00e4\u00a0\u00a0\u00a0\u00a0\u00a0\u00a0\u00a0\u00a0\u00a0\u00a0\u00a0\u00a0\u00a0\u00a0\u00a0\u00a0\u00a0\u00a0\u00a0\u00a0\u00a0\u00a0\u00a0\u00a0\u00a0\u00a0\u00a0\u00a0\u00a0\u00a0\u00a0\u00a0\u00a0\u00a0\u00a0\u00a0\u00a0\u00a0\u00a0\u00a0\u00a0\u00a0\u00a0\u00a0\u00a0\u00a0\u00a0\u00a0\u00a0\u00a0\u00a0\u00a0 2 hyl\u00e4tty opintopistett\u00e4<br \/>\n12\u201317 opintopistett\u00e4\u00a0\u00a0\u00a0\u00a0\u00a0\u00a0 \u00a0\u00a0\u00a0\u00a0\u00a0\u00a0\u00a0\u00a0\u00a0\u00a0\u00a0\u00a0\u00a0\u00a0\u00a0\u00a0\u00a0\u00a0\u00a0\u00a0\u00a0\u00a0\u00a0\u00a0\u00a0\u00a0\u00a0\u00a0\u00a0\u00a0\u00a0\u00a0\u00a0\u00a0\u00a0\u00a0\u00a0\u00a0\u00a0\u00a0\u00a0\u00a0 4 hyl\u00e4tty\u00e4 opintopistett\u00e4<br \/>\n18 opintopistett\u00e4 tai enemm\u00e4n \u00a0\u00a0\u00a0\u00a0\u00a0\u00a0\u00a0\u00a0\u00a0\u00a0\u00a0\u00a0\u00a0\u00a0\u00a0\u00a0\u00a0\u00a0\u00a0\u00a0\u00a0\u00a0\u00a0\u00a0\u00a0\u00a0\u00a0\u00a0\u00a0\u00a0\u00a0 6 hyl\u00e4tty\u00e4 opintopistett\u00e4 enint\u00e4\u00e4n<\/p>\n<p>J\u00e4lkik\u00e4teen ei voi poistaa opiskelijan opiskelemia pakollisia opintoja eik\u00e4 hyv\u00e4ksytysti suoritettuja valtakunnallisia valinnaisia opintoja. Muista valinnaisista opinnoista luetaan oppiaineen oppim\u00e4\u00e4r\u00e4\u00e4n vain opiskelijan hyv\u00e4ksytysti suorittamat opinnot (LOPS 2019, s.51).<\/p>\n<p>Lukiolaki 27\u00a7:n mukaan Opetushallitus voi antaa tarkempia m\u00e4\u00e4r\u00e4yksi\u00e4 osaamisen tunnistamisesta ja sit\u00e4 koskevasta menettelyst\u00e4. Opetushallitus on linjannut, ett\u00e4 vain hyv\u00e4ksytysti suoritetut opinnot katsotaan lukiolain 27\u00a7:ss\u00e4 tarkoitetutuksi aiemmin hankituksi osaamiseksi, joka opetuksen j\u00e4rjest\u00e4j\u00e4n tulee tunnustaa.<\/p>\n<p>Oppiaineisiin l\u00e4heisesti liittyv\u00e4t koulukohtaiset valinnaiset opintojaksot voivat vaikuttaa arvosanaan lis\u00e4n\u00e4ytt\u00f6n\u00e4 (ks. opintojaksoselosteet). Mik\u00e4li opiskelijan tiedot ja taidot ovat opiskelun p\u00e4\u00e4tt\u00f6vaiheessa opintojaksoarvosanojen keskiarvon perusteella m\u00e4\u00e4r\u00e4ytyv\u00e4\u00e4 arvosanaa paremmat, kyseisen aineen opettajat voivat my\u00f6s korottaa oppiaineen arvosanaa. Loppuarvosanaa voit my\u00f6s korottaa abeille j\u00e4rjestett\u00e4viss\u00e4 korotustenteiss\u00e4, jotka ovat kirjallisia, suullisia tai molempia.<\/p>\n","protected":false},"excerpt":{"rendered":"<p>Oppiaineen oppim\u00e4\u00e4r\u00e4 muodostuu pakollisista ja valtakunnallisista syvent\u00e4vist\u00e4 sek\u00e4 niihin l\u00e4heisesti liittyvist\u00e4 soveltavista kursseista. Opiskelijan on suoritettava v\u00e4hint\u00e4\u00e4n 2\/3 opinto-ohjelmansa mukaisista oppiaineen oppim\u00e4\u00e4r\u00e4n pakollisista ja valtakunnallisista valinnaisista opintojaksoista hyv\u00e4ksytysti (arvosana v\u00e4hint\u00e4\u00e4n 5) riippuen opiskeltujen opintojaksojen kokonaism\u00e4\u00e4r\u00e4st\u00e4. 2\u20135 opintopistett\u00e4\u00a0\u00a0\u00a0\u00a0\u00a0\u00a0\u00a0\u00a0\u00a0\u00a0\u00a0\u00a0\u00a0\u00a0\u00a0\u00a0\u00a0\u00a0\u00a0\u00a0\u00a0\u00a0\u00a0\u00a0\u00a0\u00a0\u00a0\u00a0\u00a0\u00a0\u00a0\u00a0\u00a0\u00a0\u00a0\u00a0\u00a0\u00a0\u00a0\u00a0\u00a0\u00a0\u00a0\u00a0\u00a0\u00a0\u00a0\u00a0\u00a0\u00a0\u00a0\u00a0\u00a0\u00a0 0 hyl\u00e4tty\u00e4 opintopistett\u00e4 6\u201311 opintopistett\u00e4\u00a0\u00a0\u00a0\u00a0\u00a0\u00a0\u00a0\u00a0\u00a0\u00a0\u00a0\u00a0\u00a0\u00a0\u00a0\u00a0\u00a0\u00a0\u00a0\u00a0\u00a0\u00a0\u00a0\u00a0\u00a0\u00a0\u00a0\u00a0\u00a0\u00a0\u00a0\u00a0\u00a0\u00a0\u00a0\u00a0\u00a0\u00a0\u00a0\u00a0\u00a0\u00a0\u00a0\u00a0\u00a0\u00a0\u00a0\u00a0\u00a0\u00a0\u00a0\u00a0 2 hyl\u00e4tty opintopistett\u00e4 12\u201317 opintopistett\u00e4\u00a0\u00a0\u00a0\u00a0\u00a0\u00a0 \u00a0\u00a0\u00a0\u00a0\u00a0\u00a0\u00a0\u00a0\u00a0\u00a0\u00a0\u00a0\u00a0\u00a0\u00a0\u00a0\u00a0\u00a0\u00a0\u00a0\u00a0\u00a0\u00a0\u00a0\u00a0\u00a0\u00a0\u00a0\u00a0\u00a0\u00a0\u00a0\u00a0\u00a0\u00a0\u00a0\u00a0\u00a0\u00a0\u00a0\u00a0\u00a0 4 hyl\u00e4tty\u00e4 opintopistett\u00e4 18 opintopistett\u00e4 tai enemm\u00e4n &hellip; <a href=\"https:\/\/blog.edu.turku.fi\/tsyk\/oppiaineen-oppimaaran-arviointi\/\" class=\"more-link\">Jatka artikkeliin <span class=\"screen-reader-text\">Oppiaineen oppim\u00e4\u00e4r\u00e4n arviointi<\/span><\/a><\/p>\n","protected":false},"author":2565,"featured_media":0,"parent":0,"menu_order":0,"comment_status":"closed","ping_status":"closed","template":"","meta":{"footnotes":""},"class_list":["post-3242","page","type-page","status-publish","hentry"],"_links":{"self":[{"href":"https:\/\/blog.edu.turku.fi\/tsyk\/wp-json\/wp\/v2\/pages\/3242","targetHints":{"allow":["GET"]}}],"collection":[{"href":"https:\/\/blog.edu.turku.fi\/tsyk\/wp-json\/wp\/v2\/pages"}],"about":[{"href":"https:\/\/blog.edu.turku.fi\/tsyk\/wp-json\/wp\/v2\/types\/page"}],"author":[{"embeddable":true,"href":"https:\/\/blog.edu.turku.fi\/tsyk\/wp-json\/wp\/v2\/users\/2565"}],"replies":[{"embeddable":true,"href":"https:\/\/blog.edu.turku.fi\/tsyk\/wp-json\/wp\/v2\/comments?post=3242"}],"version-history":[{"count":1,"href":"https:\/\/blog.edu.turku.fi\/tsyk\/wp-json\/wp\/v2\/pages\/3242\/revisions"}],"predecessor-version":[{"id":3243,"href":"https:\/\/blog.edu.turku.fi\/tsyk\/wp-json\/wp\/v2\/pages\/3242\/revisions\/3243"}],"wp:attachment":[{"href":"https:\/\/blog.edu.turku.fi\/tsyk\/wp-json\/wp\/v2\/media?parent=3242"}],"curies":[{"name":"wp","href":"https:\/\/api.w.org\/{rel}","templated":true}]}}