{"id":3236,"date":"2024-06-12T14:35:54","date_gmt":"2024-06-12T11:35:54","guid":{"rendered":"https:\/\/blog.edu.turku.fi\/tsyk\/?page_id=3236"},"modified":"2025-09-29T08:49:07","modified_gmt":"2025-09-29T05:49:07","slug":"opintojaksojen-suoritusohjeet","status":"publish","type":"page","link":"https:\/\/blog.edu.turku.fi\/tsyk\/opintojaksojen-suoritusohjeet\/","title":{"rendered":"Opintojaksojen suoritusohjeet"},"content":{"rendered":"<p><strong>Opetukseen osallistuminen<br \/>\n<\/strong>Lukion suorittaminen edellytt\u00e4\u00e4, ett\u00e4 opiskelija osallistuu s\u00e4\u00e4nn\u00f6llisesti valitsemiensa opintojaksojen opetukseen ja selvitt\u00e4\u00e4 mahdolliset poissaolot viipym\u00e4tt\u00e4.<\/p>\n<p>Mik\u00e4li opiskelijalla on etuk\u00e4teen tiedossa oleva este, on alaik\u00e4isen opiskelijan huoltajan ilmoitettava siit\u00e4 opintojakson opettajalle etuk\u00e4teen. Mik\u00e4li alaik\u00e4inen opiskelija on sairaana, tulee h\u00e4nen huoltajansa ilmoittaa \/ kirjata poissaolo Wilmassa heti sairastumisp\u00e4iv\u00e4n\u00e4.<\/p>\n<p><strong>Opinto-ohjelma, valintojen tekeminen ja muuttaminen<br \/>\n<\/strong>Opiskelija suunnittelee oman opinto-ohjelmansa koko lukuvuodelle opintotarjottimen pohjalta. Ty\u00f6m\u00e4\u00e4r\u00e4n tasainen jakautuminen, ylioppilaskirjoitusten hajauttamis- ja jatko-opintosuunnitelmat ovat t\u00e4rkeit\u00e4 n\u00e4k\u00f6kulmia opinto-ohjelman suunnittelussa.<\/p>\n<p>Jos muutat opinto-ohjelmaasi opintojen kuluessa, niin neuvottele asiasta aina opinto-ohjaajan kanssa. Opintojaksomuutoksia tehdess\u00e4si sinun pit\u00e4\u00e4 huolehtia siit\u00e4, ett\u00e4 lukuvuoden opintopistekertym\u00e4 on riitt\u00e4v\u00e4. Opiskelijana kannat itse vastuun omien opintojesi sujuvasta etenemisest\u00e4, mutta saat siihen apua tarpeen mukaan.<\/p>\n<p>Opintojaksovalinnat ovat sitovia, muutoksia niihin voidaan tehd\u00e4 ainoastaan tarvittaessa. <strong>Mahdolliset muutokset on teht\u00e4v\u00e4 <u>viimeist\u00e4\u00e4n viikkoa ennen seuraavaa p\u00e4\u00e4tt\u00f6viikkoa<\/u><\/strong>. On suositeltavaa, ett\u00e4 aloitettua opintojaksoa ei keskeytet\u00e4. Opinto-ohjelman muutoksesta on keskusteltava opinto-ohjaajan kanssa, joka my\u00f6s tekee muutokset Wilmaan.<\/p>\n<p><strong>Opintojakson itsen\u00e4inen suoritus<br \/>\n<\/strong>Monet opintojaksot on mahdollista suorittaa perustellusta syyst\u00e4 my\u00f6s itsen\u00e4isesti. Itsen\u00e4inen suorituksen lomakkeita saa kanslian eteisest\u00e4 sek\u00e4 lukion <a href=\"https:\/\/blog.edu.turku.fi\/tsyk\/lomakkeet\/\">Lomakkeet-valikon alta.<\/a> \u00a0Itsen\u00e4isest\u00e4 suorituksesta keskustellaan aina ensi opinto-ohjaajan ja kyseisen aineenopettajan kanssa. Aineenopettajan hyv\u00e4ksym\u00e4t lomakkeet toimitetaan rehtorille hyv\u00e4ksytt\u00e4v\u00e4ksi.<\/p>\n<p>Itsen\u00e4isesti opiskellusta opintojaksosta edellytet\u00e4\u00e4n hyv\u00e4ksytty\u00e4 arvosanaa.<\/p>\n<p><strong>Muissa oppilaitoksissa suoritetut opintojaksot<br \/>\n<\/strong>Opintojaksoja voi valita my\u00f6s toisista Turun lukioista, mik\u00e4li niiss\u00e4 on tilaa. Ilmoittautuminen muiden lukioiden opintojaksoihin tapahtuu aina oman opinto-ohjaajan v\u00e4lityksell\u00e4.<\/p>\n<p><strong>Hyl\u00e4tyn arvosanan korottaminen<br \/>\n<\/strong>Hyl\u00e4tyn arvosanan voit korottaa osallistumalla kokeeseen uusintakuulustelup\u00e4ivin\u00e4, k\u00e4ym\u00e4ll\u00e4 opintojakson kokonaan uudelleen tai suorittamalla opintojakso itsen\u00e4isesti. Itsen\u00e4isest\u00e4 suorituksesta opiskelijan on aina keskusteltava ensin opinto-ohjaajansa ja aineenopettajan kanssa.<\/p>\n<p><strong>El\u00e4m\u00e4nkatsomustieto ja pienryhm\u00e4l\u00e4iset uskonnot<br \/>\n<\/strong>Opintojaksojen ajankohdat ja kellonajat l\u00f6ytyv\u00e4t ilmoitustaululta sek\u00e4 Wilman tiedotteista.<\/p>\n<p><strong>Turun iltalukion opintojaksot ja suomi toisena kielen\u00e4 opetus<br \/>\n<\/strong>Turun iltalukion moduuleille ja opintojaksoille ilmoittaudutaan aina jokaisen periodin (jakson) ensimm\u00e4isell\u00e4 tunnilla luokassa opettajalle. Wilmassa ilmoittautuminen on kokonaan estetty.<\/p>\n<p>Turun p\u00e4iv\u00e4lukiota k\u00e4yv\u00e4t opiskelijat ilmoittautuvat iltalukioon ilmaiseksi aineopiskelijoiksi. <a href=\"http:\/\/www.turuniltalukio.fi\">www.turuniltalukio.fi.<\/a><\/p>\n<p>Mik\u00e4li olet suorittanut Turun iltalukiossa opintoja, ota arvosanan saatuasi yhteytt\u00e4 Wilmassa koulusihteeriin. T\u00e4m\u00e4n j\u00e4lkeen h\u00e4n tekee hyv\u00e4ksiluvun suorituksestasi opintokirjaotteeseesi.<\/p>\n<p>Huomioithan, ett\u00e4 muualla suoritetusta (esim.\u00a0 Iltalukiossa) hyl\u00e4tyst\u00e4 opintojaksosta ei synny suoritusta, jonka voisi hyv\u00e4ksi lukea (Lukioasetus 810\/2018 17\u00a7)<\/p>\n<p><strong>Et\u00e4- ja verkko-opetusrengas<br \/>\n<\/strong>Lukiokursseja tarjotaan joka jaksossa. Tutustu tarjontaan sivuilla <a href=\"https:\/\/blog.edu.turku.fi\/turunseudunetarengas\/\">Turun seudun et\u00e4rengas<\/a>.<\/p>\n<p><strong>Muualla suoritetut opintojaksot<br \/>\n<\/strong>Muissa oppilaitoksissa tai muita lukioaikana suoritettuja opintoja luetaan hyv\u00e4ksi tietyin edellytyksin (ks. opintojaksojen suorittaminen).\u00a0 Muualla suoritetuista opintojaksoista voidaan hyv\u00e4ksi lukea vain hyv\u00e4ksytysti suoritetut opintojaksot. Rehtori p\u00e4\u00e4tt\u00e4\u00e4 opintojen hyv\u00e4ksymisest\u00e4.<\/p>\n<p>Hyv\u00e4ksyminen edellytt\u00e4\u00e4 my\u00f6s ko. oppilaitoksesta saatua todistusta suorituksesta.<\/p>\n","protected":false},"excerpt":{"rendered":"<p>Opetukseen osallistuminen Lukion suorittaminen edellytt\u00e4\u00e4, ett\u00e4 opiskelija osallistuu s\u00e4\u00e4nn\u00f6llisesti valitsemiensa opintojaksojen opetukseen ja selvitt\u00e4\u00e4 mahdolliset poissaolot viipym\u00e4tt\u00e4. Mik\u00e4li opiskelijalla on etuk\u00e4teen tiedossa oleva este, on alaik\u00e4isen opiskelijan huoltajan ilmoitettava siit\u00e4 opintojakson opettajalle etuk\u00e4teen. Mik\u00e4li alaik\u00e4inen opiskelija on sairaana, tulee h\u00e4nen huoltajansa ilmoittaa \/ kirjata poissaolo Wilmassa heti sairastumisp\u00e4iv\u00e4n\u00e4. Opinto-ohjelma, valintojen tekeminen ja muuttaminen Opiskelija suunnittelee &hellip; <a href=\"https:\/\/blog.edu.turku.fi\/tsyk\/opintojaksojen-suoritusohjeet\/\" class=\"more-link\">Jatka artikkeliin <span class=\"screen-reader-text\">Opintojaksojen suoritusohjeet<\/span><\/a><\/p>\n","protected":false},"author":2565,"featured_media":0,"parent":0,"menu_order":0,"comment_status":"closed","ping_status":"closed","template":"","meta":{"footnotes":""},"class_list":["post-3236","page","type-page","status-publish","hentry"],"_links":{"self":[{"href":"https:\/\/blog.edu.turku.fi\/tsyk\/wp-json\/wp\/v2\/pages\/3236","targetHints":{"allow":["GET"]}}],"collection":[{"href":"https:\/\/blog.edu.turku.fi\/tsyk\/wp-json\/wp\/v2\/pages"}],"about":[{"href":"https:\/\/blog.edu.turku.fi\/tsyk\/wp-json\/wp\/v2\/types\/page"}],"author":[{"embeddable":true,"href":"https:\/\/blog.edu.turku.fi\/tsyk\/wp-json\/wp\/v2\/users\/2565"}],"replies":[{"embeddable":true,"href":"https:\/\/blog.edu.turku.fi\/tsyk\/wp-json\/wp\/v2\/comments?post=3236"}],"version-history":[{"count":8,"href":"https:\/\/blog.edu.turku.fi\/tsyk\/wp-json\/wp\/v2\/pages\/3236\/revisions"}],"predecessor-version":[{"id":3686,"href":"https:\/\/blog.edu.turku.fi\/tsyk\/wp-json\/wp\/v2\/pages\/3236\/revisions\/3686"}],"wp:attachment":[{"href":"https:\/\/blog.edu.turku.fi\/tsyk\/wp-json\/wp\/v2\/media?parent=3236"}],"curies":[{"name":"wp","href":"https:\/\/api.w.org\/{rel}","templated":true}]}}