{"id":3233,"date":"2024-06-12T14:19:45","date_gmt":"2024-06-12T11:19:45","guid":{"rendered":"https:\/\/blog.edu.turku.fi\/tsyk\/?page_id=3233"},"modified":"2025-06-09T14:02:20","modified_gmt":"2025-06-09T11:02:20","slug":"kolmannen-ja-neljannen-vuoden-opiskelijalle","status":"publish","type":"page","link":"https:\/\/blog.edu.turku.fi\/tsyk\/kolmannen-ja-neljannen-vuoden-opiskelijalle\/","title":{"rendered":"Kolmannen ja nelj\u00e4nnen vuoden opiskelijalle"},"content":{"rendered":"<p><strong>Tarkista heti syyslukukauden alkaessa, ett\u00e4 tulet saavuttamaan riitt\u00e4v\u00e4sti opintopisteit\u00e4 (v\u00e4hint\u00e4\u00e4n 150).<\/strong> Tee suunnitelma puuttuvien kurssien suorittamiseksi heti lukukauden alussa yhdess\u00e4 opinto-ohjaajan ja \/ tai ryhm\u00e4nohjaajan kanssa.<\/p>\n<p>Muista, ett\u00e4 ylioppilastutkinnossa kirjoitettavan aineen\u00a0<strong>pakolliset opintojaksot<\/strong> <strong>pit\u00e4\u00e4 olla suoritettu hyviss\u00e4 ajoin ennen kirjallisia kokeita<\/strong> (syksyn kirjoittajilla syyslukukauden alkaessa).<\/p>\n<p>Huomioi, ett\u00e4 ylioppilastutkinnon kokeet pohjautuvat kirjoitettavan aineen kaikkiin pakollisiin ja valtakunnallisiin syvent\u00e4viin opintojaksoihin.<\/p>\n<p><strong>Lukion p\u00e4\u00e4tt\u00f6todistuksen ja ylioppilastutkintotodistuksen saamiseksi lakkiaisjuhlassa tulee olla kaikki vaadittavat opintojaksot suoritettuina:<br \/>\n&#8211; syksyll\u00e4 2025 valmistuvilla 24.10.2025 menness\u00e4<br \/>\n&#8211;\u00a0<\/strong><strong>kev\u00e4\u00e4ll\u00e4 2025 valmistuvilla 24.4.2026 menness\u00e4.<\/strong><\/p>\n<p>Mahdolliset viimeiset itsen\u00e4iset suoritukset tulee sopia huhtikuun alkuun 1.4.2025 menness\u00e4, jotta opiskelu- ja arviointiaikaa j\u00e4\u00e4 riitt\u00e4v\u00e4sti.<\/p>\n<p>Tarkista, ettei sinulla ole liikaa hyl\u00e4ttyj\u00e4 arvosanoja miss\u00e4\u00e4n oppiaineessa. Sallitun rajan ylitt\u00e4v\u00e4 m\u00e4\u00e4r\u00e4 yhdess\u00e4kin oppiaineessa est\u00e4\u00e4 lukion p\u00e4\u00e4tt\u00f6todistuksen saamisen ja ylioppilaaksi tulemisen.<\/p>\n<p>Lukion p\u00e4\u00e4tt\u00f6todistuksen saaminen edellytt\u00e4\u00e4 v\u00e4hint\u00e4\u00e4n 150 opintopisteen suorittamista: kaikki linjojen mukaiset pakolliset opinnot,\u00a0 v\u00e4hint\u00e4\u00e4n 20 valtakunnallista valinnaista opintopistett\u00e4 sek\u00e4 erityislinjojen edellytt\u00e4m\u00e4t\u00a0 opintopisteet.<\/p>\n<p>Ylioppilaaksi p\u00e4\u00e4sy edellytt\u00e4\u00e4 lukion p\u00e4\u00e4tt\u00f6todistuksen saamisen lis\u00e4ksi ylioppilastutkinnon hyv\u00e4ksytty\u00e4 suorittamista.<\/p>\n<p>&nbsp;<\/p>\n","protected":false},"excerpt":{"rendered":"<p>Tarkista heti syyslukukauden alkaessa, ett\u00e4 tulet saavuttamaan riitt\u00e4v\u00e4sti opintopisteit\u00e4 (v\u00e4hint\u00e4\u00e4n 150). Tee suunnitelma puuttuvien kurssien suorittamiseksi heti lukukauden alussa yhdess\u00e4 opinto-ohjaajan ja \/ tai ryhm\u00e4nohjaajan kanssa. Muista, ett\u00e4 ylioppilastutkinnossa kirjoitettavan aineen\u00a0pakolliset opintojaksot pit\u00e4\u00e4 olla suoritettu hyviss\u00e4 ajoin ennen kirjallisia kokeita (syksyn kirjoittajilla syyslukukauden alkaessa). Huomioi, ett\u00e4 ylioppilastutkinnon kokeet pohjautuvat kirjoitettavan aineen kaikkiin pakollisiin ja valtakunnallisiin &hellip; <a href=\"https:\/\/blog.edu.turku.fi\/tsyk\/kolmannen-ja-neljannen-vuoden-opiskelijalle\/\" class=\"more-link\">Jatka artikkeliin <span class=\"screen-reader-text\">Kolmannen ja nelj\u00e4nnen vuoden opiskelijalle<\/span><\/a><\/p>\n","protected":false},"author":2565,"featured_media":0,"parent":0,"menu_order":0,"comment_status":"closed","ping_status":"closed","template":"","meta":{"footnotes":""},"class_list":["post-3233","page","type-page","status-publish","hentry"],"_links":{"self":[{"href":"https:\/\/blog.edu.turku.fi\/tsyk\/wp-json\/wp\/v2\/pages\/3233","targetHints":{"allow":["GET"]}}],"collection":[{"href":"https:\/\/blog.edu.turku.fi\/tsyk\/wp-json\/wp\/v2\/pages"}],"about":[{"href":"https:\/\/blog.edu.turku.fi\/tsyk\/wp-json\/wp\/v2\/types\/page"}],"author":[{"embeddable":true,"href":"https:\/\/blog.edu.turku.fi\/tsyk\/wp-json\/wp\/v2\/users\/2565"}],"replies":[{"embeddable":true,"href":"https:\/\/blog.edu.turku.fi\/tsyk\/wp-json\/wp\/v2\/comments?post=3233"}],"version-history":[{"count":3,"href":"https:\/\/blog.edu.turku.fi\/tsyk\/wp-json\/wp\/v2\/pages\/3233\/revisions"}],"predecessor-version":[{"id":3610,"href":"https:\/\/blog.edu.turku.fi\/tsyk\/wp-json\/wp\/v2\/pages\/3233\/revisions\/3610"}],"wp:attachment":[{"href":"https:\/\/blog.edu.turku.fi\/tsyk\/wp-json\/wp\/v2\/media?parent=3233"}],"curies":[{"name":"wp","href":"https:\/\/api.w.org\/{rel}","templated":true}]}}