{"id":3230,"date":"2024-06-12T13:34:50","date_gmt":"2024-06-12T10:34:50","guid":{"rendered":"https:\/\/blog.edu.turku.fi\/tsyk\/?page_id=3230"},"modified":"2024-06-12T13:34:50","modified_gmt":"2024-06-12T10:34:50","slug":"toisen-vuositason-opiskelijalle","status":"publish","type":"page","link":"https:\/\/blog.edu.turku.fi\/tsyk\/toisen-vuositason-opiskelijalle\/","title":{"rendered":"Toisen vuositason opiskelijalle"},"content":{"rendered":"<p>Tutustu lukion kotisivuihin huolellisesti ja tarkista sielt\u00e4 tietoja tarpeen mukaan lukuvuoden aikana.<\/p>\n<p>Tarkista suorittamasi opintopisteiden m\u00e4\u00e4r\u00e4 (n. 60 opintopistett\u00e4 toisen vuoden aikana \/ vuoden suunnitelma), koska kolmannen vuoden opinnot kest\u00e4v\u00e4t p\u00e4\u00e4s\u00e4\u00e4nt\u00f6isesti vain kolme periodia (4. periodi rauhoitettu yo-kirjoituksille).<\/p>\n<p>Toinen vuosi on ty\u00f6nt\u00e4yteinen vuosi, kiinnit\u00e4 siis huomiota ajanhallintaan. Muista pit\u00e4\u00e4 huoli my\u00f6s omasta jaksamisestasi.<\/p>\n<p>Huomioi opinto-ohjelmassasi erityisesti aineet, jotka aiot kirjoittaa ylioppilaskirjoituksissa. Muista, ett\u00e4 ylioppilastutkinnossa kirjoitettavan aineen edellytt\u00e4m\u00e4t opintojaksot pit\u00e4\u00e4 olla suoritettu kirjallisten kokeiden alkuun menness\u00e4, muutoin kokeeseen ei ole osallistumisoikeutta.<\/p>\n<p>Eri aineiden valinnaisia opintoja on hyv\u00e4 suorittaa toisena vuotena, samoin viimeiset pakolliset opinnot.<\/p>\n<p>Tarkista, mit\u00e4 voit hy\u00f6dynt\u00e4\u00e4 yliopiston opintotarjonnasta. Opinto-ohjaaja auttaa aikataulun teossa ja opintojaksoihin ilmoittautumisissa.<\/p>\n","protected":false},"excerpt":{"rendered":"<p>Tutustu lukion kotisivuihin huolellisesti ja tarkista sielt\u00e4 tietoja tarpeen mukaan lukuvuoden aikana. Tarkista suorittamasi opintopisteiden m\u00e4\u00e4r\u00e4 (n. 60 opintopistett\u00e4 toisen vuoden aikana \/ vuoden suunnitelma), koska kolmannen vuoden opinnot kest\u00e4v\u00e4t p\u00e4\u00e4s\u00e4\u00e4nt\u00f6isesti vain kolme periodia (4. periodi rauhoitettu yo-kirjoituksille). Toinen vuosi on ty\u00f6nt\u00e4yteinen vuosi, kiinnit\u00e4 siis huomiota ajanhallintaan. Muista pit\u00e4\u00e4 huoli my\u00f6s omasta jaksamisestasi. Huomioi opinto-ohjelmassasi &hellip; <a href=\"https:\/\/blog.edu.turku.fi\/tsyk\/toisen-vuositason-opiskelijalle\/\" class=\"more-link\">Jatka artikkeliin <span class=\"screen-reader-text\">Toisen vuositason opiskelijalle<\/span><\/a><\/p>\n","protected":false},"author":2565,"featured_media":0,"parent":0,"menu_order":0,"comment_status":"closed","ping_status":"closed","template":"","meta":{"footnotes":""},"class_list":["post-3230","page","type-page","status-publish","hentry"],"_links":{"self":[{"href":"https:\/\/blog.edu.turku.fi\/tsyk\/wp-json\/wp\/v2\/pages\/3230","targetHints":{"allow":["GET"]}}],"collection":[{"href":"https:\/\/blog.edu.turku.fi\/tsyk\/wp-json\/wp\/v2\/pages"}],"about":[{"href":"https:\/\/blog.edu.turku.fi\/tsyk\/wp-json\/wp\/v2\/types\/page"}],"author":[{"embeddable":true,"href":"https:\/\/blog.edu.turku.fi\/tsyk\/wp-json\/wp\/v2\/users\/2565"}],"replies":[{"embeddable":true,"href":"https:\/\/blog.edu.turku.fi\/tsyk\/wp-json\/wp\/v2\/comments?post=3230"}],"version-history":[{"count":1,"href":"https:\/\/blog.edu.turku.fi\/tsyk\/wp-json\/wp\/v2\/pages\/3230\/revisions"}],"predecessor-version":[{"id":3231,"href":"https:\/\/blog.edu.turku.fi\/tsyk\/wp-json\/wp\/v2\/pages\/3230\/revisions\/3231"}],"wp:attachment":[{"href":"https:\/\/blog.edu.turku.fi\/tsyk\/wp-json\/wp\/v2\/media?parent=3230"}],"curies":[{"name":"wp","href":"https:\/\/api.w.org\/{rel}","templated":true}]}}