{"id":3227,"date":"2024-06-12T13:31:49","date_gmt":"2024-06-12T10:31:49","guid":{"rendered":"https:\/\/blog.edu.turku.fi\/tsyk\/?page_id=3227"},"modified":"2025-06-09T13:55:22","modified_gmt":"2025-06-09T10:55:22","slug":"ensimmaisen-vuositason-opiskelijalle","status":"publish","type":"page","link":"https:\/\/blog.edu.turku.fi\/tsyk\/ensimmaisen-vuositason-opiskelijalle\/","title":{"rendered":"Ensimm\u00e4isen vuositason opiskelijalle"},"content":{"rendered":"<p>Tutustu huolellisesti lukion kotisivuihin ja palaa tietoihin aina tarvittaessa.<\/p>\n<p>Seuraa Wilman tiedotteita ja viestej\u00e4 s\u00e4\u00e4nn\u00f6llisesti.<\/p>\n<p>Kysy aina rohkeasti neuvoa ryhm\u00e4nohjaajaltasi tai muulta koulun henkil\u00f6kunnalta, me olemme t\u00e4\u00e4ll\u00e4 sinua varten.<\/p>\n<p>Lukiossakin huoltajien ja vanhempien tuki on edelleen tarpeen ja t\u00e4rke\u00e4\u00e4.<\/p>\n<p>Muista, ett\u00e4 lukiossa vastuu opintojen suunnittelusta ja etenemisest\u00e4 painottuu sinulle itsellesi. Opinto-ohjaaja ja ryhm\u00e4nohjaaja ovat kuitenkin tukenasi ja apunasi.<\/p>\n<p>Lukio-opinnot vaativat ty\u00f6t\u00e4, pitk\u00e4j\u00e4nteisyytt\u00e4 sek\u00e4 hyv\u00e4\u00e4 ajanhallintaa, kiinnit\u00e4 n\u00e4ihin huomiota heti alusta alkaen. On t\u00e4rke\u00e4\u00e4, ett\u00e4 aikaa j\u00e4\u00e4 my\u00f6s vapaa-ajalle ja rentoutumiselle.<\/p>\n<p>Huolehdi, ett\u00e4 opiskelet ensimm\u00e4isen vuoden aikana riitt\u00e4v\u00e4sti opintoja (n. 60 opintopistett\u00e4 \/ 3 vuoden suunnitelma).<\/p>\n","protected":false},"excerpt":{"rendered":"<p>Tutustu huolellisesti lukion kotisivuihin ja palaa tietoihin aina tarvittaessa. Seuraa Wilman tiedotteita ja viestej\u00e4 s\u00e4\u00e4nn\u00f6llisesti. Kysy aina rohkeasti neuvoa ryhm\u00e4nohjaajaltasi tai muulta koulun henkil\u00f6kunnalta, me olemme t\u00e4\u00e4ll\u00e4 sinua varten. Lukiossakin huoltajien ja vanhempien tuki on edelleen tarpeen ja t\u00e4rke\u00e4\u00e4. Muista, ett\u00e4 lukiossa vastuu opintojen suunnittelusta ja etenemisest\u00e4 painottuu sinulle itsellesi. Opinto-ohjaaja ja ryhm\u00e4nohjaaja ovat kuitenkin &hellip; <a href=\"https:\/\/blog.edu.turku.fi\/tsyk\/ensimmaisen-vuositason-opiskelijalle\/\" class=\"more-link\">Jatka artikkeliin <span class=\"screen-reader-text\">Ensimm\u00e4isen vuositason opiskelijalle<\/span><\/a><\/p>\n","protected":false},"author":2565,"featured_media":0,"parent":0,"menu_order":0,"comment_status":"closed","ping_status":"closed","template":"","meta":{"footnotes":""},"class_list":["post-3227","page","type-page","status-publish","hentry"],"_links":{"self":[{"href":"https:\/\/blog.edu.turku.fi\/tsyk\/wp-json\/wp\/v2\/pages\/3227","targetHints":{"allow":["GET"]}}],"collection":[{"href":"https:\/\/blog.edu.turku.fi\/tsyk\/wp-json\/wp\/v2\/pages"}],"about":[{"href":"https:\/\/blog.edu.turku.fi\/tsyk\/wp-json\/wp\/v2\/types\/page"}],"author":[{"embeddable":true,"href":"https:\/\/blog.edu.turku.fi\/tsyk\/wp-json\/wp\/v2\/users\/2565"}],"replies":[{"embeddable":true,"href":"https:\/\/blog.edu.turku.fi\/tsyk\/wp-json\/wp\/v2\/comments?post=3227"}],"version-history":[{"count":2,"href":"https:\/\/blog.edu.turku.fi\/tsyk\/wp-json\/wp\/v2\/pages\/3227\/revisions"}],"predecessor-version":[{"id":3608,"href":"https:\/\/blog.edu.turku.fi\/tsyk\/wp-json\/wp\/v2\/pages\/3227\/revisions\/3608"}],"wp:attachment":[{"href":"https:\/\/blog.edu.turku.fi\/tsyk\/wp-json\/wp\/v2\/media?parent=3227"}],"curies":[{"name":"wp","href":"https:\/\/api.w.org\/{rel}","templated":true}]}}