{"id":3218,"date":"2024-06-12T11:32:08","date_gmt":"2024-06-12T08:32:08","guid":{"rendered":"https:\/\/blog.edu.turku.fi\/tsyk\/?page_id=3218"},"modified":"2024-09-09T10:26:06","modified_gmt":"2024-09-09T07:26:06","slug":"lukion-jarjestyssaannot","status":"publish","type":"page","link":"https:\/\/blog.edu.turku.fi\/tsyk\/lukion-jarjestyssaannot\/","title":{"rendered":"TSYKin yhteiset k\u00e4yt\u00e4nteet ja hyv\u00e4t tavat"},"content":{"rendered":"<p><strong>Seuraavat yhteiset k\u00e4yt\u00e4nteet ja hyv\u00e4t tavat luovat viihtyisyytt\u00e4 meille kaikille:<\/strong><\/p>\n<p><strong>1. Tervehtiminen <\/strong>kuuluu hyviin k\u00e4yt\u00f6stapoihin.<br \/>\n2. Opiskelijoita ja opettajia kohdellaan keskin\u00e4isell\u00e4 <strong>kunnioituksella <\/strong>ja kaikkien kanssa harjoitellaan tekem\u00e4\u00e4n ryhm\u00e4ss\u00e4 hyv\u00e4ss\u00e4 hengess\u00e4 t\u00f6it\u00e4. Mink\u00e4\u00e4nlainen toisen ik\u00e4v\u00e4 kohtelu ei kuulu hyviin k\u00e4yt\u00f6stapoihin \u2013\u00a0\u00a0suosi siis kannustusta, auttamista ja hyv\u00e4n hengen yll\u00e4pit\u00e4mist\u00e4.<br \/>\n3. Takit ja p\u00e4\u00e4llysvaatteet j\u00e4tet\u00e4\u00e4n naulakkoon tai lokeroon oppitunnin ajaksi.<br \/>\n4. Ruokalassa ei olla p\u00e4\u00e4llysvaatteissa ja p\u00e4\u00e4hineiss\u00e4. Laukut j\u00e4tet\u00e4\u00e4n ruokailun ajaksi lokerikkoon.<br \/>\n5. Digilaitteiden k\u00e4ytt\u00f6 oppitunnilla on sallittu vain opiskelutarkoituksiin.<br \/>\n6. P\u00e4ihteiden hallussapito ja k\u00e4ytt\u00e4minen sek\u00e4 niiden vaikutuksenalaisena esiintyminen oppilaitoksen tiloissa ja toiminnoissa on kielletty.<br \/>\n7. Omien j\u00e4lkien siivoaminen on jokaisen velvollisuus yleisen viihtyvyyden vuoksi: siisp\u00e4 tuolit ja p\u00f6yd\u00e4t paikoilleen ja roskat roskikseen.<\/p>\n<p><strong>Turun lukioiden kurinpitosuunnitelma ja kurinpitotaulukko l\u00f6ytyv\u00e4t alaluvuista.<\/strong><\/p>\n","protected":false},"excerpt":{"rendered":"<p>Seuraavat yhteiset k\u00e4yt\u00e4nteet ja hyv\u00e4t tavat luovat viihtyisyytt\u00e4 meille kaikille: 1. Tervehtiminen kuuluu hyviin k\u00e4yt\u00f6stapoihin. 2. Opiskelijoita ja opettajia kohdellaan keskin\u00e4isell\u00e4 kunnioituksella ja kaikkien kanssa harjoitellaan tekem\u00e4\u00e4n ryhm\u00e4ss\u00e4 hyv\u00e4ss\u00e4 hengess\u00e4 t\u00f6it\u00e4. Mink\u00e4\u00e4nlainen toisen ik\u00e4v\u00e4 kohtelu ei kuulu hyviin k\u00e4yt\u00f6stapoihin \u2013\u00a0\u00a0suosi siis kannustusta, auttamista ja hyv\u00e4n hengen yll\u00e4pit\u00e4mist\u00e4. 3. Takit ja p\u00e4\u00e4llysvaatteet j\u00e4tet\u00e4\u00e4n naulakkoon tai lokeroon &hellip; <a href=\"https:\/\/blog.edu.turku.fi\/tsyk\/lukion-jarjestyssaannot\/\" class=\"more-link\">Jatka artikkeliin <span class=\"screen-reader-text\">TSYKin yhteiset k\u00e4yt\u00e4nteet ja hyv\u00e4t tavat<\/span><\/a><\/p>\n","protected":false},"author":2565,"featured_media":0,"parent":0,"menu_order":0,"comment_status":"closed","ping_status":"closed","template":"","meta":{"footnotes":""},"class_list":["post-3218","page","type-page","status-publish","hentry"],"_links":{"self":[{"href":"https:\/\/blog.edu.turku.fi\/tsyk\/wp-json\/wp\/v2\/pages\/3218","targetHints":{"allow":["GET"]}}],"collection":[{"href":"https:\/\/blog.edu.turku.fi\/tsyk\/wp-json\/wp\/v2\/pages"}],"about":[{"href":"https:\/\/blog.edu.turku.fi\/tsyk\/wp-json\/wp\/v2\/types\/page"}],"author":[{"embeddable":true,"href":"https:\/\/blog.edu.turku.fi\/tsyk\/wp-json\/wp\/v2\/users\/2565"}],"replies":[{"embeddable":true,"href":"https:\/\/blog.edu.turku.fi\/tsyk\/wp-json\/wp\/v2\/comments?post=3218"}],"version-history":[{"count":7,"href":"https:\/\/blog.edu.turku.fi\/tsyk\/wp-json\/wp\/v2\/pages\/3218\/revisions"}],"predecessor-version":[{"id":3349,"href":"https:\/\/blog.edu.turku.fi\/tsyk\/wp-json\/wp\/v2\/pages\/3218\/revisions\/3349"}],"wp:attachment":[{"href":"https:\/\/blog.edu.turku.fi\/tsyk\/wp-json\/wp\/v2\/media?parent=3218"}],"curies":[{"name":"wp","href":"https:\/\/api.w.org\/{rel}","templated":true}]}}