{"id":3211,"date":"2024-06-12T10:51:36","date_gmt":"2024-06-12T07:51:36","guid":{"rendered":"https:\/\/blog.edu.turku.fi\/tsyk\/?page_id=3211"},"modified":"2024-06-12T10:54:30","modified_gmt":"2024-06-12T07:54:30","slug":"lukion-kaytanteita-ja-pelisaantoja","status":"publish","type":"page","link":"https:\/\/blog.edu.turku.fi\/tsyk\/lukion-kaytanteita-ja-pelisaantoja\/","title":{"rendered":"Lukion k\u00e4yt\u00e4nteit\u00e4 ja pelis\u00e4\u00e4nt\u00f6j\u00e4"},"content":{"rendered":"<p>TSYKin lukion arvoperusta<\/p>\n<p>Turun Suomalaisen Yhteiskoulun lukion keskeinen arvop\u00e4\u00e4m\u00e4\u00e4r\u00e4 on sivistys. Se on ajattelun, tahdon ja toiminnan harjoittamista yhteis\u00f6ss\u00e4, jonka ty\u00f6skentelytavoissa oikeudenmukaisuus, inhimillisyys ja opiskelijamy\u00f6nteisyys ovat itseisarvoja.<\/p>\n<p>Sivistys on monipuolista tietojen ja taitojen hallintaa, luovuutta sek\u00e4 kriittist\u00e4 ajattelua. Se on my\u00f6s kasvamista eettisyyteen ja yhteis\u00f6llisyyteen. Pid\u00e4mme t\u00e4rke\u00e4n\u00e4 jokaisen opiskelijan my\u00f6nteisten mahdollisuuksien tunnistamista ja toteutumista sek\u00e4 opiskelijan sis\u00e4syntyisen motivaation vahvistamista. Lukiossamme opiskelijat voivat oppia erilaisten persoonien muodostamassa yhteis\u00f6ss\u00e4 el\u00e4m\u00e4nhallinnan kannalta t\u00e4rkeit\u00e4 sosiaalisia tietoja ja taitoja.<\/p>\n<p>Lukiossamme on valtakunnallisen erityisteht\u00e4v\u00e4n saanut luonnontiedelukion linja, Turun kaupungin p\u00e4\u00e4t\u00f6ksell\u00e4 erityisteht\u00e4v\u00e4n saanut merilinja ja koulukohtaisena painotuksena on kuvataiteen opetus. Yleislukiossa toteutettavan laajan opintotarjonnan kautta on mahdollisuus monipuolisiin opintoihin kieliss\u00e4, matematiikassa sek\u00e4 eri reaaliaineissa.<\/p>\n","protected":false},"excerpt":{"rendered":"<p>TSYKin lukion arvoperusta Turun Suomalaisen Yhteiskoulun lukion keskeinen arvop\u00e4\u00e4m\u00e4\u00e4r\u00e4 on sivistys. Se on ajattelun, tahdon ja toiminnan harjoittamista yhteis\u00f6ss\u00e4, jonka ty\u00f6skentelytavoissa oikeudenmukaisuus, inhimillisyys ja opiskelijamy\u00f6nteisyys ovat itseisarvoja. Sivistys on monipuolista tietojen ja taitojen hallintaa, luovuutta sek\u00e4 kriittist\u00e4 ajattelua. Se on my\u00f6s kasvamista eettisyyteen ja yhteis\u00f6llisyyteen. Pid\u00e4mme t\u00e4rke\u00e4n\u00e4 jokaisen opiskelijan my\u00f6nteisten mahdollisuuksien tunnistamista ja toteutumista sek\u00e4 &hellip; <a href=\"https:\/\/blog.edu.turku.fi\/tsyk\/lukion-kaytanteita-ja-pelisaantoja\/\" class=\"more-link\">Jatka artikkeliin <span class=\"screen-reader-text\">Lukion k\u00e4yt\u00e4nteit\u00e4 ja pelis\u00e4\u00e4nt\u00f6j\u00e4<\/span><\/a><\/p>\n","protected":false},"author":2565,"featured_media":0,"parent":0,"menu_order":0,"comment_status":"closed","ping_status":"closed","template":"","meta":{"footnotes":""},"class_list":["post-3211","page","type-page","status-publish","hentry"],"_links":{"self":[{"href":"https:\/\/blog.edu.turku.fi\/tsyk\/wp-json\/wp\/v2\/pages\/3211","targetHints":{"allow":["GET"]}}],"collection":[{"href":"https:\/\/blog.edu.turku.fi\/tsyk\/wp-json\/wp\/v2\/pages"}],"about":[{"href":"https:\/\/blog.edu.turku.fi\/tsyk\/wp-json\/wp\/v2\/types\/page"}],"author":[{"embeddable":true,"href":"https:\/\/blog.edu.turku.fi\/tsyk\/wp-json\/wp\/v2\/users\/2565"}],"replies":[{"embeddable":true,"href":"https:\/\/blog.edu.turku.fi\/tsyk\/wp-json\/wp\/v2\/comments?post=3211"}],"version-history":[{"count":2,"href":"https:\/\/blog.edu.turku.fi\/tsyk\/wp-json\/wp\/v2\/pages\/3211\/revisions"}],"predecessor-version":[{"id":3215,"href":"https:\/\/blog.edu.turku.fi\/tsyk\/wp-json\/wp\/v2\/pages\/3211\/revisions\/3215"}],"wp:attachment":[{"href":"https:\/\/blog.edu.turku.fi\/tsyk\/wp-json\/wp\/v2\/media?parent=3211"}],"curies":[{"name":"wp","href":"https:\/\/api.w.org\/{rel}","templated":true}]}}