{"id":3208,"date":"2024-06-12T08:36:19","date_gmt":"2024-06-12T05:36:19","guid":{"rendered":"https:\/\/blog.edu.turku.fi\/tsyk\/?page_id=3208"},"modified":"2025-09-24T10:15:44","modified_gmt":"2025-09-24T07:15:44","slug":"lukuvuoden-aikatauluja","status":"publish","type":"page","link":"https:\/\/blog.edu.turku.fi\/tsyk\/lukuvuoden-aikatauluja\/","title":{"rendered":"Lukuvuoden aikatauluja"},"content":{"rendered":"<p><strong>Lukuvuosi 2025\u20132026<br \/>\n<\/strong><strong>Syyslukukausi: to 7.8. \u2013 pe 20.12.2025<br \/>\n<\/strong>Syysloma: ma 13.10. \u2013 su 19.10.2025<br \/>\nSuomen itsen\u00e4isyysp\u00e4iv\u00e4juhla pe 5.12.2025<br \/>\nSyksyn ylioppilasjuhla pe 5.12.2025<br \/>\nJoululoma: su 21.12.2025 \u2013 ti 6.1.2026<\/p>\n<p><strong>Kev\u00e4tlukukausi: ke\u00a0 7.1. \u2013 la 30.5.2026<br \/>\n<\/strong>Penkkarit to 5.2.2026<br \/>\nVanhojen tanssit 12.2.2026<br \/>\nTalviloma: ma 16.2. \u2013 su 22.2.2026<\/p>\n<p><strong>Periodit<br \/>\n<\/strong>Periodi I\u00a0\u00a0\u00a0\u00a0\u00a0\u00a0\u00a0\u00a0\u00a0\u00a0\u00a0 07.08.2025 \u2013 30.9.2025\u00a0 \u00a0 \u00a0 \u00a0 \u00a039 p\u00e4iv\u00e4\u00e4<br \/>\nPeriodi II\u00a0\u00a0\u00a0\u00a0\u00a0\u00a0\u00a0\u00a0\u00a0\u00a0 01.10.2025 \u2013 27.11.2025\u00a0 \u00a0 \u00a0 \u00a037 p\u00e4iv\u00e4\u00e4<br \/>\nPeriodi III\u00a0 \u00a0 \u00a0 \u00a0 \u00a028.11.2025 \u2013 03.02.2026\u00a0 \u00a0 \u00a0 \u00a037 p\u00e4iv\u00e4\u00e4<br \/>\nPeriodi IV\u00a0\u00a0\u00a0\u00a0\u00a0\u00a0\u00a0\u00a0 04.02.2026 \u2013 02.04.2026\u00a0 \u00a0 \u00a0 \u00a0 36 p\u00e4iv\u00e4\u00e4<br \/>\nPeriodi V\u00a0\u00a0\u00a0\u00a0\u00a0\u00a0\u00a0\u00a0\u00a0\u00a0 07.04.2026 \u2013 30.05.2026\u00a0 \u00a0 \u00a0 \u00a0 38 p\u00e4iv\u00e4\u00e4<\/p>\n<p><a href=\"https:\/\/www.turku.fi\/paivahoito-ja-koulutus\/lukiokoulutus\/tyo-ja-loma-ajat-lukiossa\">Ty\u00f6- ja loma-ajat lukiossa | Turku.fi<\/a><\/p>\n","protected":false},"excerpt":{"rendered":"<p>Lukuvuosi 2025\u20132026 Syyslukukausi: to 7.8. \u2013 pe 20.12.2025 Syysloma: ma 13.10. \u2013 su 19.10.2025 Suomen itsen\u00e4isyysp\u00e4iv\u00e4juhla pe 5.12.2025 Syksyn ylioppilasjuhla pe 5.12.2025 Joululoma: su 21.12.2025 \u2013 ti 6.1.2026 Kev\u00e4tlukukausi: ke\u00a0 7.1. \u2013 la 30.5.2026 Penkkarit to 5.2.2026 Vanhojen tanssit 12.2.2026 Talviloma: ma 16.2. \u2013 su 22.2.2026 Periodit Periodi I\u00a0\u00a0\u00a0\u00a0\u00a0\u00a0\u00a0\u00a0\u00a0\u00a0\u00a0 07.08.2025 \u2013 30.9.2025\u00a0 \u00a0 \u00a0 \u00a0 &hellip; <a href=\"https:\/\/blog.edu.turku.fi\/tsyk\/lukuvuoden-aikatauluja\/\" class=\"more-link\">Jatka artikkeliin <span class=\"screen-reader-text\">Lukuvuoden aikatauluja<\/span><\/a><\/p>\n","protected":false},"author":2565,"featured_media":0,"parent":0,"menu_order":0,"comment_status":"closed","ping_status":"closed","template":"","meta":{"footnotes":""},"class_list":["post-3208","page","type-page","status-publish","hentry"],"_links":{"self":[{"href":"https:\/\/blog.edu.turku.fi\/tsyk\/wp-json\/wp\/v2\/pages\/3208","targetHints":{"allow":["GET"]}}],"collection":[{"href":"https:\/\/blog.edu.turku.fi\/tsyk\/wp-json\/wp\/v2\/pages"}],"about":[{"href":"https:\/\/blog.edu.turku.fi\/tsyk\/wp-json\/wp\/v2\/types\/page"}],"author":[{"embeddable":true,"href":"https:\/\/blog.edu.turku.fi\/tsyk\/wp-json\/wp\/v2\/users\/2565"}],"replies":[{"embeddable":true,"href":"https:\/\/blog.edu.turku.fi\/tsyk\/wp-json\/wp\/v2\/comments?post=3208"}],"version-history":[{"count":2,"href":"https:\/\/blog.edu.turku.fi\/tsyk\/wp-json\/wp\/v2\/pages\/3208\/revisions"}],"predecessor-version":[{"id":3679,"href":"https:\/\/blog.edu.turku.fi\/tsyk\/wp-json\/wp\/v2\/pages\/3208\/revisions\/3679"}],"wp:attachment":[{"href":"https:\/\/blog.edu.turku.fi\/tsyk\/wp-json\/wp\/v2\/media?parent=3208"}],"curies":[{"name":"wp","href":"https:\/\/api.w.org\/{rel}","templated":true}]}}