{"id":3202,"date":"2024-06-11T13:23:23","date_gmt":"2024-06-11T10:23:23","guid":{"rendered":"https:\/\/blog.edu.turku.fi\/tsyk\/?page_id=3202"},"modified":"2025-06-09T14:05:52","modified_gmt":"2025-06-09T11:05:52","slug":"henkilokohtainen-opintosuunnitelma","status":"publish","type":"page","link":"https:\/\/blog.edu.turku.fi\/tsyk\/henkilokohtainen-opintosuunnitelma\/","title":{"rendered":"Henkil\u00f6kohtainen opintosuunnitelma"},"content":{"rendered":"<p>Lukio-opintojen alussa kukin opiskelija tekee henkil\u00f6kohtaisen opintosuunnitelman, jota p\u00e4ivitet\u00e4\u00e4n opintojen ajan. Opintosuunnitelma koostuu kolmesta eri osa-alueesta:<\/p>\n<p>1) Opiskelusuunnitelma: laaditaan opintojen alussa ja p\u00e4ivitet\u00e4\u00e4n s\u00e4\u00e4nn\u00f6llisesti opintojen edetess\u00e4 (esim. lukio-opintojen aikataulu, vuosittain lukuvuodelle valitut opintojaksot).<\/p>\n<p>2) Ylioppilastutkintosuunnitelma: laaditaan p\u00e4\u00e4s\u00e4\u00e4nt\u00f6isesti ensimm\u00e4isen vuoden kev\u00e4\u00e4ll\u00e4 tai toisen opiskeluvuoden aikana opinto-ohjaajan kanssa.\u00a0 Mahdollista erityisj\u00e4rjestelyist\u00e4 olethan yhteydess\u00e4 erityisopettajiin tai apulaisrehtoriin.<\/p>\n<p>3) Jatko-opinto- ja urasuunnitelma, jota p\u00e4ivitet\u00e4\u00e4n henkil\u00f6kohtaisissa ohjauskeskusteluissa koko lukioajan.<em><br \/>\n<\/em><\/p>\n","protected":false},"excerpt":{"rendered":"<p>Lukio-opintojen alussa kukin opiskelija tekee henkil\u00f6kohtaisen opintosuunnitelman, jota p\u00e4ivitet\u00e4\u00e4n opintojen ajan. Opintosuunnitelma koostuu kolmesta eri osa-alueesta: 1) Opiskelusuunnitelma: laaditaan opintojen alussa ja p\u00e4ivitet\u00e4\u00e4n s\u00e4\u00e4nn\u00f6llisesti opintojen edetess\u00e4 (esim. lukio-opintojen aikataulu, vuosittain lukuvuodelle valitut opintojaksot). 2) Ylioppilastutkintosuunnitelma: laaditaan p\u00e4\u00e4s\u00e4\u00e4nt\u00f6isesti ensimm\u00e4isen vuoden kev\u00e4\u00e4ll\u00e4 tai toisen opiskeluvuoden aikana opinto-ohjaajan kanssa.\u00a0 Mahdollista erityisj\u00e4rjestelyist\u00e4 olethan yhteydess\u00e4 erityisopettajiin tai apulaisrehtoriin. 3) Jatko-opinto- &hellip; <a href=\"https:\/\/blog.edu.turku.fi\/tsyk\/henkilokohtainen-opintosuunnitelma\/\" class=\"more-link\">Jatka artikkeliin <span class=\"screen-reader-text\">Henkil\u00f6kohtainen opintosuunnitelma<\/span><\/a><\/p>\n","protected":false},"author":2565,"featured_media":0,"parent":0,"menu_order":0,"comment_status":"closed","ping_status":"closed","template":"","meta":{"footnotes":""},"class_list":["post-3202","page","type-page","status-publish","hentry"],"_links":{"self":[{"href":"https:\/\/blog.edu.turku.fi\/tsyk\/wp-json\/wp\/v2\/pages\/3202","targetHints":{"allow":["GET"]}}],"collection":[{"href":"https:\/\/blog.edu.turku.fi\/tsyk\/wp-json\/wp\/v2\/pages"}],"about":[{"href":"https:\/\/blog.edu.turku.fi\/tsyk\/wp-json\/wp\/v2\/types\/page"}],"author":[{"embeddable":true,"href":"https:\/\/blog.edu.turku.fi\/tsyk\/wp-json\/wp\/v2\/users\/2565"}],"replies":[{"embeddable":true,"href":"https:\/\/blog.edu.turku.fi\/tsyk\/wp-json\/wp\/v2\/comments?post=3202"}],"version-history":[{"count":3,"href":"https:\/\/blog.edu.turku.fi\/tsyk\/wp-json\/wp\/v2\/pages\/3202\/revisions"}],"predecessor-version":[{"id":3612,"href":"https:\/\/blog.edu.turku.fi\/tsyk\/wp-json\/wp\/v2\/pages\/3202\/revisions\/3612"}],"wp:attachment":[{"href":"https:\/\/blog.edu.turku.fi\/tsyk\/wp-json\/wp\/v2\/media?parent=3202"}],"curies":[{"name":"wp","href":"https:\/\/api.w.org\/{rel}","templated":true}]}}