{"id":3194,"date":"2024-06-11T12:54:29","date_gmt":"2024-06-11T09:54:29","guid":{"rendered":"https:\/\/blog.edu.turku.fi\/tsyk\/?page_id=3194"},"modified":"2025-06-09T14:07:52","modified_gmt":"2025-06-09T11:07:52","slug":"opiskelu-lukiossa","status":"publish","type":"page","link":"https:\/\/blog.edu.turku.fi\/tsyk\/opiskelu-lukiossa\/","title":{"rendered":"Lukio-opintojen rakenne, opintokirja, opintojakso ja opintopiste"},"content":{"rendered":"<p><strong>Lukio-opintojen rakenne<\/strong><br \/>\nNuorille suunnatun lukiokoulutuksen oppim\u00e4\u00e4r\u00e4n laajuus on 150 opintopistett\u00e4 ja opinnot koostuvat<br \/>\n&#8211; pakollisista opintojaksoista<br \/>\n&#8211; valtakunnallisista valinnaisista opintojaksoista ja<br \/>\n&#8211; lukiokohtaisista muista valinnaisista opintojaksoista<br \/>\n&#8211; erityislukiolinjalla erityislinjan vaadittavista opinnoista<\/p>\n<p>Val\u00adta\u00adkun\u00adnal\u00adli\u00adset va\u00adlin\u00adnai\u00adset opin\u00adto\u00adjak\u00adsot ovat opis\u00adke\u00adli\u00adjoil\u00adle va\u00adlin\u00adnai\u00adsia, oppi\u00adai\u00adneen pa\u00adkol\u00adli\u00adsiin opin\u00adto\u00adjak\u00adsoi\u00adhin liit\u00adty\u00advi\u00e4 opin\u00adto\u00adja, joi\u00adta opis\u00adke\u00adli\u00adjan on va\u00adlit\u00adta\u00adva opin\u00adto-oh\u00adjel\u00admaan\u00adsa v\u00e4\u00adhin\u00adt\u00e4\u00e4n 20 opin\u00adto\u00adpis\u00adteen ver\u00adran.\u00a0 Yli\u00adop\u00adpi\u00adlas\u00adkir\u00adjoi\u00adtus\u00adten teh\u00adt\u00e4\u00adv\u00e4t laa\u00addi\u00adtaan pa\u00adkol\u00adlis\u00adten ja val\u00adta\u00adkun\u00adnal\u00adlis\u00adten va\u00adlin\u00adnais\u00adten opin\u00adto\u00adjen poh\u00adjal\u00adta.<\/p>\n<p>Opis\u00adke\u00adli\u00adjan tu\u00adlee opis\u00adkel\u00adla lu\u00adki\u00adon tun\u00adti\u00adja\u00ados\u00adsa m\u00e4\u00e4\u00adri\u00adtel\u00adlyt pa\u00adkol\u00adli\u00adset opin\u00adto\u00adjak\u00adsot. Ly\u00adhy\u00aden ma\u00adte\u00adma\u00adtii\u00adkan opis\u00adke\u00adli\u00adjoil\u00adla pa\u00adkol\u00adlis\u00adten opin\u00adto\u00adjak\u00adso\u00adjen laa\u00adjuus on 94 opin\u00adto\u00adpis\u00adtet\u00adt\u00e4 ja pit\u00adk\u00e4n ma\u00adte\u00adma\u00adtii\u00adkan opis\u00adke\u00adli\u00adjoil\u00adla 102 opin\u00adto\u00adpis\u00adtet\u00adt\u00e4.<\/p>\n<p>Opiskelijan tulee seurata omaa opintojaksokertym\u00e4\u00e4ns\u00e4 koko lukion ajan; <strong>opiskelija on itse vastuussa opintojensa etenemisest\u00e4.<\/strong> Ylioppilastodistuksen saaminen edellytt\u00e4\u00e4 hyv\u00e4ksytyn ylioppilastutkinnon lis\u00e4ksi lukion p\u00e4\u00e4tt\u00f6todistuksen saamista eli kaikkien siihen vaadittavien opintojen suorittamista<em>.<\/em><\/p>\n<p><strong>Opintokirja<\/strong><br \/>\nLukiossa pidet\u00e4\u00e4n opiskelijan opinnoista opintokirjaa, josta ilmenev\u00e4t suoritetut opinnot, niiden laajuus (opintopisteet) ja niiden arvosanat. Opiskelijan opintojaksovalinnat- ja suoritukset l\u00f6ytyv\u00e4t Wilmasta (Opinnot-v\u00e4lilehti \u2192 Suoritukset \u2192 klikkaamalla oppiaineen edess\u00e4 +merkki\u00e4 tulevat esille ko. oppiaineen opintojaksojen tiedot)<\/p>\n<p><strong>\u00a0Opintojakso<\/strong><em><br \/>\n<\/em>Lukion oppiaineita opiskellaan opintojaksoissa. Yhden opintojakson laajuus on 1\u20133 opintopistett\u00e4, yleisimmin 2 opintopistett\u00e4. 2 opintopisteen laajuinen opintojakso vastaa entist\u00e4 lukion kurssia. Opintojaksoon sis\u00e4ltyv\u00e4t sek\u00e4 opetus ett\u00e4 kaikki teht\u00e4v\u00e4t ty\u00f6t ja kokeet. Opintojaksot ovat itsen\u00e4isi\u00e4 kokonaisuuksia ja ne arvioidaan toisistaan riippumatta.<\/p>\n<p><strong>Opintopiste<\/strong><br \/>\nOpintopiste kuvaa opintojen laajuutta. Lukion aikana opiskelijan tulee suorittaa v\u00e4hint\u00e4\u00e4n 150 opintopisteen verran opintoja. Yksi opintopiste vastaa 19 oppituntia, kun oppitunnin pituus on 45 minuuttia.<\/p>\n<p><strong>Opintojaksotarjotin<\/strong><em><br \/>\n<\/em>Opintojaksotarjotin on perusty\u00f6j\u00e4rjestys, johon on merkitty kaikki lukuvuoden aikana tarjottavat opintojaksot. Opintojaksotarjotin on opiskelijan oma vuotuisen opintosuunnitelman perusta.<\/p>\n<p>Kussakin periodissa toteutettavat opintojaksot on j\u00e4rjestetty ns. palkkeihin. Samaan palkkiin sijoitetut opintojaksot opetetaan samalla oppitunnilla, joten voit valita palkista yleens\u00e4 yhden opintojakson. Jos esimerkiksi valitset opintojaksosi kuudesta palkista\/periodi, viikkotuntim\u00e4\u00e4r\u00e4si tulee olemaan noin kahdeksantoista 75 minuutin oppituntia. Pakolliset opintojaksot kannattaa valita suosituksen mukaisesti (ks. opintoseloste).\u00a0<em><br \/>\n<\/em><\/p>\n","protected":false},"excerpt":{"rendered":"<p>Lukio-opintojen rakenne Nuorille suunnatun lukiokoulutuksen oppim\u00e4\u00e4r\u00e4n laajuus on 150 opintopistett\u00e4 ja opinnot koostuvat &#8211; pakollisista opintojaksoista &#8211; valtakunnallisista valinnaisista opintojaksoista ja &#8211; lukiokohtaisista muista valinnaisista opintojaksoista &#8211; erityislukiolinjalla erityislinjan vaadittavista opinnoista Val\u00adta\u00adkun\u00adnal\u00adli\u00adset va\u00adlin\u00adnai\u00adset opin\u00adto\u00adjak\u00adsot ovat opis\u00adke\u00adli\u00adjoil\u00adle va\u00adlin\u00adnai\u00adsia, oppi\u00adai\u00adneen pa\u00adkol\u00adli\u00adsiin opin\u00adto\u00adjak\u00adsoi\u00adhin liit\u00adty\u00advi\u00e4 opin\u00adto\u00adja, joi\u00adta opis\u00adke\u00adli\u00adjan on va\u00adlit\u00adta\u00adva opin\u00adto-oh\u00adjel\u00admaan\u00adsa v\u00e4\u00adhin\u00adt\u00e4\u00e4n 20 opin\u00adto\u00adpis\u00adteen ver\u00adran.\u00a0 Yli\u00adop\u00adpi\u00adlas\u00adkir\u00adjoi\u00adtus\u00adten teh\u00adt\u00e4\u00adv\u00e4t laa\u00addi\u00adtaan pa\u00adkol\u00adlis\u00adten &hellip; <a href=\"https:\/\/blog.edu.turku.fi\/tsyk\/opiskelu-lukiossa\/\" class=\"more-link\">Jatka artikkeliin <span class=\"screen-reader-text\">Lukio-opintojen rakenne, opintokirja, opintojakso ja opintopiste<\/span><\/a><\/p>\n","protected":false},"author":2565,"featured_media":0,"parent":0,"menu_order":0,"comment_status":"closed","ping_status":"closed","template":"","meta":{"footnotes":""},"class_list":["post-3194","page","type-page","status-publish","hentry"],"_links":{"self":[{"href":"https:\/\/blog.edu.turku.fi\/tsyk\/wp-json\/wp\/v2\/pages\/3194","targetHints":{"allow":["GET"]}}],"collection":[{"href":"https:\/\/blog.edu.turku.fi\/tsyk\/wp-json\/wp\/v2\/pages"}],"about":[{"href":"https:\/\/blog.edu.turku.fi\/tsyk\/wp-json\/wp\/v2\/types\/page"}],"author":[{"embeddable":true,"href":"https:\/\/blog.edu.turku.fi\/tsyk\/wp-json\/wp\/v2\/users\/2565"}],"replies":[{"embeddable":true,"href":"https:\/\/blog.edu.turku.fi\/tsyk\/wp-json\/wp\/v2\/comments?post=3194"}],"version-history":[{"count":4,"href":"https:\/\/blog.edu.turku.fi\/tsyk\/wp-json\/wp\/v2\/pages\/3194\/revisions"}],"predecessor-version":[{"id":3613,"href":"https:\/\/blog.edu.turku.fi\/tsyk\/wp-json\/wp\/v2\/pages\/3194\/revisions\/3613"}],"wp:attachment":[{"href":"https:\/\/blog.edu.turku.fi\/tsyk\/wp-json\/wp\/v2\/media?parent=3194"}],"curies":[{"name":"wp","href":"https:\/\/api.w.org\/{rel}","templated":true}]}}