{"id":3192,"date":"2024-06-11T12:49:24","date_gmt":"2024-06-11T09:49:24","guid":{"rendered":"https:\/\/blog.edu.turku.fi\/tsyk\/?page_id=3192"},"modified":"2025-06-09T13:51:08","modified_gmt":"2025-06-09T10:51:08","slug":"oppivelvollisuus","status":"publish","type":"page","link":"https:\/\/blog.edu.turku.fi\/tsyk\/oppivelvollisuus\/","title":{"rendered":"Oppivelvollisuus"},"content":{"rendered":"<p>Oppivelvollinen on Suomessa vakituisesti asuva lapsi ja nuori.<\/p>\n<p><strong>Oppivelvollisuuden<\/strong>\u00a0laajennus\u00a0<strong>koskee<\/strong>\u00a0kaikkia niit\u00e4 nuoria, jotka suorittavat perusopetuksen oppim\u00e4\u00e4r\u00e4\u00e4 oppivelvollisina 1.1.2021 ja t\u00e4m\u00e4n j\u00e4lkeen. Jos perusopetuslain mukainen\u00a0<strong>oppivelvollisuus<\/strong>\u00a0on p\u00e4\u00e4ttynyt ennen 1.1.2021, henkil\u00f6 ei ole\u00a0<strong>oppivelvollisuuden<\/strong>\u00a0laajentumisen piiriss\u00e4.<\/p>\n<p><strong>Oppivelvollisuuden laajentaminen ei koske nuoria, joiden kotikunta on Ahvenanmaalla<\/strong>, koska itsehallintolain mukaisesti Ahvenanmaan maakunnalla on lains\u00e4\u00e4d\u00e4nt\u00f6valta muun muassa opetusta ja oppisopimusta koskevissa asioissa.<\/p>\n<p>Oppivelvollisuus p\u00e4\u00e4ttyy, kun opiskelija t\u00e4ytt\u00e4\u00e4 18 vuotta tai kun h\u00e4n t\u00e4t\u00e4 ennen suorittaa toisen asteen tutkinnon (ylioppilastutkinto tai ammatillinen tutkinto). Oikeus maksuttomaan toisen asteen koulutukseen kest\u00e4\u00e4 sen vuoden loppuun, jolloin opiskelija t\u00e4ytt\u00e4\u00e4 20 vuotta. Oikeus maksuttomuuteen p\u00e4\u00e4ttyy, kun toisen asteen tutkinto on suoritettu.<\/p>\n<p>Opiskelijan tulee osallistua opintoihin suunnitelmansa mukaisesti. Huoltajan tulee huolehtia siit\u00e4, ett\u00e4 oppivelvollisuus tulee suoritettua.<\/p>\n<p>Oppivelvollisuuden laajentuessa opinnot voidaan keskeytt\u00e4\u00e4 vain erityisest\u00e4 syyst\u00e4:<br \/>\n&#8211; pitk\u00e4aikainen sairaus tai vamma<br \/>\n&#8211; \u00e4itiys-, isyys tai vanhempainvapaa tai el\u00e4m\u00e4ntilanteeseen liittyv\u00e4 painava syy, joka est\u00e4\u00e4 oppivelvollisuuden suorittamisen.<\/p>\n<p><strong>Oppivelvollisuuden keskeytyminen<br \/>\n<\/strong>Oppivelvollinen tai h\u00e4nen huoltajansa voi tehd\u00e4 hakemuksen oppivelvollisuuden m\u00e4\u00e4r\u00e4aikaisesta (esim. vaihto-oppilasvuosi ulkomailla) tai toistaiseksi tapahtuvasta keskeytyksest\u00e4.<br \/>\nMik\u00e4li opiskelija on l\u00e4hd\u00f6ss\u00e4 vaihto-opiskelijaksi lukio-opintojen aikana, tulee h\u00e4nen ottaa yhteytt\u00e4 apulaisrehtoriin Wilman v\u00e4lityksell\u00e4 ja sopia tapaamisaika.<\/p>\n<p>M\u00e4\u00e4r\u00e4aikaisesta keskeytt\u00e4misest\u00e4 p\u00e4\u00e4tt\u00e4\u00e4 lukion rehtori ja toistaiseksi tapahtuvasta keskeytyksest\u00e4 p\u00e4\u00e4tt\u00e4\u00e4 lukiokoulutuksen palvelualuejohtaja. Toistaiseksi keskeytymisest\u00e4 oppilaitos on velvollinen ilmoittamaan opiskelijan asuinkuntaan.<\/p>\n<p>Opiskelija voidaan katsoa eronneeksi, mik\u00e4li h\u00e4nen opintonsa eiv\u00e4t etene henkil\u00f6kohtaisen opintosuunnitelman mukaisesti. T\u00e4t\u00e4 ennen selvitet\u00e4\u00e4n opiskelijan ja huoltajan kanssa eri tukitoimet opiskelujen jatkamiseksi.<\/p>\n<p>Opiskelija voi omalla ilmoituksellaan erota opiskelusta <u>ainoastaan<\/u>, jos h\u00e4nell\u00e4 on uusi opiskelupaikka. Oppilaitoksella on velvollisuus ilmoittaa opiskelijan asuinkunnalle opinnoista eronneesta opiskelijasta, joka ei ole aloittanut opintoja uudessa opiskelupaikassa.<\/p>\n","protected":false},"excerpt":{"rendered":"<p>Oppivelvollinen on Suomessa vakituisesti asuva lapsi ja nuori. Oppivelvollisuuden\u00a0laajennus\u00a0koskee\u00a0kaikkia niit\u00e4 nuoria, jotka suorittavat perusopetuksen oppim\u00e4\u00e4r\u00e4\u00e4 oppivelvollisina 1.1.2021 ja t\u00e4m\u00e4n j\u00e4lkeen. Jos perusopetuslain mukainen\u00a0oppivelvollisuus\u00a0on p\u00e4\u00e4ttynyt ennen 1.1.2021, henkil\u00f6 ei ole\u00a0oppivelvollisuuden\u00a0laajentumisen piiriss\u00e4. Oppivelvollisuuden laajentaminen ei koske nuoria, joiden kotikunta on Ahvenanmaalla, koska itsehallintolain mukaisesti Ahvenanmaan maakunnalla on lains\u00e4\u00e4d\u00e4nt\u00f6valta muun muassa opetusta ja oppisopimusta koskevissa asioissa. Oppivelvollisuus p\u00e4\u00e4ttyy, &hellip; <a href=\"https:\/\/blog.edu.turku.fi\/tsyk\/oppivelvollisuus\/\" class=\"more-link\">Jatka artikkeliin <span class=\"screen-reader-text\">Oppivelvollisuus<\/span><\/a><\/p>\n","protected":false},"author":2565,"featured_media":0,"parent":0,"menu_order":0,"comment_status":"closed","ping_status":"closed","template":"","meta":{"footnotes":""},"class_list":["post-3192","page","type-page","status-publish","hentry"],"_links":{"self":[{"href":"https:\/\/blog.edu.turku.fi\/tsyk\/wp-json\/wp\/v2\/pages\/3192","targetHints":{"allow":["GET"]}}],"collection":[{"href":"https:\/\/blog.edu.turku.fi\/tsyk\/wp-json\/wp\/v2\/pages"}],"about":[{"href":"https:\/\/blog.edu.turku.fi\/tsyk\/wp-json\/wp\/v2\/types\/page"}],"author":[{"embeddable":true,"href":"https:\/\/blog.edu.turku.fi\/tsyk\/wp-json\/wp\/v2\/users\/2565"}],"replies":[{"embeddable":true,"href":"https:\/\/blog.edu.turku.fi\/tsyk\/wp-json\/wp\/v2\/comments?post=3192"}],"version-history":[{"count":4,"href":"https:\/\/blog.edu.turku.fi\/tsyk\/wp-json\/wp\/v2\/pages\/3192\/revisions"}],"predecessor-version":[{"id":3607,"href":"https:\/\/blog.edu.turku.fi\/tsyk\/wp-json\/wp\/v2\/pages\/3192\/revisions\/3607"}],"wp:attachment":[{"href":"https:\/\/blog.edu.turku.fi\/tsyk\/wp-json\/wp\/v2\/media?parent=3192"}],"curies":[{"name":"wp","href":"https:\/\/api.w.org\/{rel}","templated":true}]}}