{"id":3189,"date":"2024-06-11T12:11:00","date_gmt":"2024-06-11T09:11:00","guid":{"rendered":"https:\/\/blog.edu.turku.fi\/tsyk\/?page_id=3189"},"modified":"2024-06-11T12:11:00","modified_gmt":"2024-06-11T09:11:00","slug":"wilma-tunnukset","status":"publish","type":"page","link":"https:\/\/blog.edu.turku.fi\/tsyk\/wilma-tunnukset\/","title":{"rendered":"Wilma-tunnukset"},"content":{"rendered":"<p><strong>Opiskelijat<br \/>\n<\/strong>Ulkopaikkakuntien peruskouluista tulevat ensimm\u00e4isen vuoden opiskelijat ovat saaneet Wilma \u2013tunnuksensa postitse. Mik\u00e4li et ole saanut Wilma-tunnusta, otathan yhteytt\u00e4 koulusihteeriin. Turun peruskouluista tulleilla toimivat samat tunnukset kuin peruskoulussa.<\/p>\n<p>Turun koululaitoksen Wilma l\u00f6ytyy internet-osoitteesta <a href=\"https:\/\/turku.inschool.fi\/\">https:\/\/turku.inschool.fi\/<\/a>. Sama tunnus on voimassa koko lukio-opiskelun ajan. Samalla tunnuksella opiskelija p\u00e4\u00e4see my\u00f6s muihin Turun koululaitoksen s\u00e4hk\u00f6isiin palveluihin. S\u00e4hk\u00f6isi\u00e4 palveluja ovat muun muassa<\/p>\n<ul>\n<li>turku.fi \u2013s\u00e4hk\u00f6posti (tunnus@edu.turku.fi)<\/li>\n<li>Windows 7 \u2013koneisiin kirjautuminen (verkon sis\u00e4inen nimi: opas.turku.fi)<\/li>\n<li>Moodle: peruskoulut, lukiot ja aikuiskoulutus, ammatti-instituutti (verkkokursseilla saatetaan k\u00e4ytt\u00e4\u00e4 ammatti-instituutin Moodlea, johon kuka tahansa pystyy tekem\u00e4\u00e4n omat tunnukset)<\/li>\n<li>Turku Quest, Turku Device<\/li>\n<li>Wilma, lukiolaisten opintovalinta<\/li>\n<\/ul>\n<p>Office 365 \u2013palvelu<br \/>\nTunnuksia koskevissa asioissa voi k\u00e4\u00e4nty\u00e4 opettajien tai kanslian puoleen.<\/p>\n<p><strong>Huoltajat<br \/>\n<\/strong>Huoltajatunnukset l\u00e4hetet\u00e4\u00e4n ulkopaikkakuntalaisille huoltajille s\u00e4hk\u00f6postilla ensimm\u00e4isen lukiovuoden elokuussa koulun alkaessa. Turun peruskouluista siirtyvien opiskelijoiden huoltajatunnukset pysyv\u00e4t samoina kuin peruskoulussa.<br \/>\n<strong>Huoltajatunnuksia ei saa miss\u00e4\u00e4n tapauksessa antaa opiskelijalle.<\/strong><em><\/p>\n<p><\/em><strong>Yhteystietojen p\u00e4ivitt\u00e4minen<\/strong><em><br \/>\n<\/em>Yhteystietojen (osoite, puhelinnumero ja s\u00e4hk\u00f6posti) pit\u00e4minen ajan tasalla on eritt\u00e4in t\u00e4rke\u00e4\u00e4. Jokainen opiskelija ja huoltaja p\u00e4ivitt\u00e4v\u00e4t itse yhteystietonsa Wilman lomakkeissa (l\u00f6ytyy Wilman oikeasta yl\u00e4kulmasta: \u201dLis\u00e4\u00e4\u201d ja t\u00e4m\u00e4n alta kohdasta \u201dLomakkeet\u201d).\u00a0 Lomakkeissa voit m\u00e4\u00e4ritell\u00e4 my\u00f6s, haluatko Wilmasta viestej\u00e4 s\u00e4hk\u00f6postiin. Tietojen p\u00e4ivityksen j\u00e4lkeen pit\u00e4\u00e4 muistaa aina painaa tallennuspainiketta.<\/p>\n<p><strong>T\u00e4ysi-ik\u00e4isen opiskelijan huoltajatunnukset<br \/>\n<\/strong>T\u00e4ytetty\u00e4\u00e4n 18 vuotta opiskelija voi itse jatkaa huoltajiensa Wilma-tunnuksien k\u00e4ytt\u00f6aikaa lukio-opintojensa loppuun asti. Wilman lomakkeiden omiin tietoihin tulee kohta \u201dSalli huoltajani kirjautuminen t\u00e4ytetty\u00e4ni 18 v\u201d. Rastittamalla t\u00e4m\u00e4n kohdan ja tallentamalla muutoksen huoltajasi tunnukset pysyv\u00e4t voimassa. T\u00e4m\u00e4 ruutu tulee n\u00e4kyviin Wilmaan vasta sin\u00e4 p\u00e4iv\u00e4n\u00e4, kun opiskelija t\u00e4ytt\u00e4\u00e4 18 vuotta.<\/p>\n<p>Huoltaja voi selvitt\u00e4\u00e4 18-vuotiaan poissaolot edelleen Wilmaan. Muussa tapauksessa joudut selvitt\u00e4m\u00e4\u00e4n poissaolosi virallisin dokumentein (l\u00e4\u00e4k\u00e4rintodistus).<em><br \/>\n<\/em><\/p>\n","protected":false},"excerpt":{"rendered":"<p>Opiskelijat Ulkopaikkakuntien peruskouluista tulevat ensimm\u00e4isen vuoden opiskelijat ovat saaneet Wilma \u2013tunnuksensa postitse. Mik\u00e4li et ole saanut Wilma-tunnusta, otathan yhteytt\u00e4 koulusihteeriin. Turun peruskouluista tulleilla toimivat samat tunnukset kuin peruskoulussa. Turun koululaitoksen Wilma l\u00f6ytyy internet-osoitteesta https:\/\/turku.inschool.fi\/. Sama tunnus on voimassa koko lukio-opiskelun ajan. Samalla tunnuksella opiskelija p\u00e4\u00e4see my\u00f6s muihin Turun koululaitoksen s\u00e4hk\u00f6isiin palveluihin. S\u00e4hk\u00f6isi\u00e4 palveluja ovat muun &hellip; <a href=\"https:\/\/blog.edu.turku.fi\/tsyk\/wilma-tunnukset\/\" class=\"more-link\">Jatka artikkeliin <span class=\"screen-reader-text\">Wilma-tunnukset<\/span><\/a><\/p>\n","protected":false},"author":2565,"featured_media":0,"parent":0,"menu_order":0,"comment_status":"closed","ping_status":"closed","template":"","meta":{"footnotes":""},"class_list":["post-3189","page","type-page","status-publish","hentry"],"_links":{"self":[{"href":"https:\/\/blog.edu.turku.fi\/tsyk\/wp-json\/wp\/v2\/pages\/3189","targetHints":{"allow":["GET"]}}],"collection":[{"href":"https:\/\/blog.edu.turku.fi\/tsyk\/wp-json\/wp\/v2\/pages"}],"about":[{"href":"https:\/\/blog.edu.turku.fi\/tsyk\/wp-json\/wp\/v2\/types\/page"}],"author":[{"embeddable":true,"href":"https:\/\/blog.edu.turku.fi\/tsyk\/wp-json\/wp\/v2\/users\/2565"}],"replies":[{"embeddable":true,"href":"https:\/\/blog.edu.turku.fi\/tsyk\/wp-json\/wp\/v2\/comments?post=3189"}],"version-history":[{"count":1,"href":"https:\/\/blog.edu.turku.fi\/tsyk\/wp-json\/wp\/v2\/pages\/3189\/revisions"}],"predecessor-version":[{"id":3190,"href":"https:\/\/blog.edu.turku.fi\/tsyk\/wp-json\/wp\/v2\/pages\/3189\/revisions\/3190"}],"wp:attachment":[{"href":"https:\/\/blog.edu.turku.fi\/tsyk\/wp-json\/wp\/v2\/media?parent=3189"}],"curies":[{"name":"wp","href":"https:\/\/api.w.org\/{rel}","templated":true}]}}