{"id":3186,"date":"2024-06-11T12:06:38","date_gmt":"2024-06-11T09:06:38","guid":{"rendered":"https:\/\/blog.edu.turku.fi\/tsyk\/?page_id=3186"},"modified":"2025-06-10T13:38:53","modified_gmt":"2025-06-10T10:38:53","slug":"lukion-erityisopetus","status":"publish","type":"page","link":"https:\/\/blog.edu.turku.fi\/tsyk\/lukion-erityisopetus\/","title":{"rendered":"Lukion erityisopetus"},"content":{"rendered":"<p>Lukiolaki korostaa jokaisen opiskelijan oikeutta opinnoissa tarvittavaan tukeen.<\/p>\n<p>Lukion opiskelija on oikeutettu saamaan erityist\u00e4 tukea tai muuta oppimisen tukea yksil\u00f6llisten tarpeidensa mukaisesti. \u00a0Lukiolaki 28 \u00a7<\/p>\n<p>Mik\u00e4li opiskelija ep\u00e4ilee, ett\u00e4 h\u00e4nell\u00e4 saattaisi olla lukivaikeus tai muu oppimiseen vaikuttava oppimisvaikeus, asiasta kannattaa keskustella mahdollisimman nopeasti oman ryhm\u00e4nohjaajan, \u00e4idinkielen opettajan ja \/ tai opinto-ohjaajan kanssa. Lis\u00e4ksi h\u00e4nen tulee olla yhteydess\u00e4 lukion erityisopettajaan.<\/p>\n<p>Aiemmat lukilausunnot ja muut tutkimuksiin tai aiempaan tukeen liittyv\u00e4t asiapaperit voidaan toimittaa erityisopettajalle joko suoraan tai oman opinto-ohjaajan kautta. Erityisopettaja k\u00e4ynnist\u00e4\u00e4 saadun tiedon pohjalta oppimisen ja opiskelun tuen tarpeen kartoittamisen. Tavoitteena on, ett\u00e4 tarvittava pedagoginen tuki voidaan aloittaa heti opintojen alkaessa tai tarpeen ilmetess\u00e4.<\/p>\n<p>Lukivaikeuden selvitt\u00e4minen lukio-opintojen alettua on opiskelijan edun mukaista. Lukio-opinnoissa luettavan ja kirjoitettavan tekstin m\u00e4\u00e4r\u00e4 on suuri. T\u00e4st\u00e4 johtuen my\u00f6s sellaisilla opiskelijoilla, joilla ei aiemmin ole ollut vaikeuksia lukemisessa ja kirjoittamisessa, voi ilmet\u00e4 niihin liittyvi\u00e4 vaikeuksia.<\/p>\n<p>Opintonsa aloittavan lukiolaisen on mahdollisuus osallistua ensimm\u00e4isen vuoden syksyll\u00e4 DigiLukiseulaan. Seulan tuloksen perusteella opiskelija ohjataan tarvittaessa yksil\u00f6lliseen lukitestaukseen. Mik\u00e4li opiskelijan lukitestauksen tulokset yhdess\u00e4 lukemisen ja kirjoittamisen kokonaisarvion kanssa osoittavat, ett\u00e4 opiskelijalla on lukivaikeus, voi erityisopettaja kirjoittaa opiskelijalle lukilausunnon. Sen perusteella on mahdollista hakea erityisj\u00e4rjestelyit\u00e4 sek\u00e4 lukio-opintoihin ett\u00e4 ylioppilaskirjoituksiin.<\/p>\n<p>Riippumatta opiskelijan tuen tarpeen taustalla olevista syist\u00e4, on h\u00e4nelle mahdollista tehd\u00e4 lukio-opintoja koskeva yksil\u00f6llinen pedagogisen tuen suunnitelma. Se tehd\u00e4\u00e4n yhteisty\u00f6ss\u00e4 opiskelijan ja tarvittaessa esimerkiksi aineenopettajan kanssa. Suunnitelmaan kirjataan opiskelijan opintoja tukevat pedagogiset k\u00e4yt\u00e4nteet ja mahdolliset muut tukitoimet kuten kokeissa annettava lis\u00e4aika.<\/p>\n<p>Opintojen aikainen tuki toteutetaan aina yhteisty\u00f6ss\u00e4 opiskelijan aineenopettajien ja tarvittaessa lukion opiskeluhuollon kanssa. Erityisopettaja voi tukea opiskelijaa mm. oppimaan oppimisen taidoissa, ajank\u00e4ytt\u00f6\u00f6n liittyviss\u00e4 kysymyksiss\u00e4 ja muissa opiskeluun ja oppimiseen liittyviss\u00e4 kysymyksiss\u00e4. Halutessaan opiskelijalla on mahdollisuus osallistua my\u00f6s erityisopettajan pit\u00e4m\u00e4lle Taitava oppija -opintojaksolle.<\/p>\n<p>Opiskelija tai h\u00e4nen huoltajansa voivat tarvittaessa olla yhteydess\u00e4 erityisopettajaan my\u00f6s oma-aloitteisesti. Keskustelut erityisopettajan kanssa ovat aina luottamuksellisia. Erityisopettajaan voi olla yhteydess\u00e4 puhelimitse, s\u00e4hk\u00f6postitse tai Wilman v\u00e4lityksell\u00e4.<br \/>\nMaria Carlsson\u00a0 \u00a0 \u00a0 \u00a0 \u00a0 \u00a0 \u00a0 \u00a0 puh. 044 907 4048<br \/>\nJuha Hiltunen\u00a0\u00a0\u00a0\u00a0\u00a0\u00a0\u00a0\u00a0\u00a0\u00a0\u00a0\u00a0\u00a0\u00a0\u00a0\u00a0\u00a0 puh. 044\u00a0907 4906<br \/>\ns\u00e4hk\u00f6posti\u00a0 \u00a0 \u00a0 \u00a0 \u00a0 \u00a0 \u00a0 \u00a0 \u00a0 \u00a0 \u00a0 \u00a0 etunimi. sukunimi@edu.turku.fi<\/p>\n","protected":false},"excerpt":{"rendered":"<p>Lukiolaki korostaa jokaisen opiskelijan oikeutta opinnoissa tarvittavaan tukeen. Lukion opiskelija on oikeutettu saamaan erityist\u00e4 tukea tai muuta oppimisen tukea yksil\u00f6llisten tarpeidensa mukaisesti. \u00a0Lukiolaki 28 \u00a7 Mik\u00e4li opiskelija ep\u00e4ilee, ett\u00e4 h\u00e4nell\u00e4 saattaisi olla lukivaikeus tai muu oppimiseen vaikuttava oppimisvaikeus, asiasta kannattaa keskustella mahdollisimman nopeasti oman ryhm\u00e4nohjaajan, \u00e4idinkielen opettajan ja \/ tai opinto-ohjaajan kanssa. Lis\u00e4ksi h\u00e4nen tulee &hellip; <a href=\"https:\/\/blog.edu.turku.fi\/tsyk\/lukion-erityisopetus\/\" class=\"more-link\">Jatka artikkeliin <span class=\"screen-reader-text\">Lukion erityisopetus<\/span><\/a><\/p>\n","protected":false},"author":2565,"featured_media":0,"parent":0,"menu_order":0,"comment_status":"closed","ping_status":"closed","template":"","meta":{"footnotes":""},"class_list":["post-3186","page","type-page","status-publish","hentry"],"_links":{"self":[{"href":"https:\/\/blog.edu.turku.fi\/tsyk\/wp-json\/wp\/v2\/pages\/3186","targetHints":{"allow":["GET"]}}],"collection":[{"href":"https:\/\/blog.edu.turku.fi\/tsyk\/wp-json\/wp\/v2\/pages"}],"about":[{"href":"https:\/\/blog.edu.turku.fi\/tsyk\/wp-json\/wp\/v2\/types\/page"}],"author":[{"embeddable":true,"href":"https:\/\/blog.edu.turku.fi\/tsyk\/wp-json\/wp\/v2\/users\/2565"}],"replies":[{"embeddable":true,"href":"https:\/\/blog.edu.turku.fi\/tsyk\/wp-json\/wp\/v2\/comments?post=3186"}],"version-history":[{"count":3,"href":"https:\/\/blog.edu.turku.fi\/tsyk\/wp-json\/wp\/v2\/pages\/3186\/revisions"}],"predecessor-version":[{"id":3622,"href":"https:\/\/blog.edu.turku.fi\/tsyk\/wp-json\/wp\/v2\/pages\/3186\/revisions\/3622"}],"wp:attachment":[{"href":"https:\/\/blog.edu.turku.fi\/tsyk\/wp-json\/wp\/v2\/media?parent=3186"}],"curies":[{"name":"wp","href":"https:\/\/api.w.org\/{rel}","templated":true}]}}