{"id":3178,"date":"2024-06-11T11:57:29","date_gmt":"2024-06-11T08:57:29","guid":{"rendered":"https:\/\/blog.edu.turku.fi\/tsyk\/?page_id=3178"},"modified":"2024-06-11T11:57:29","modified_gmt":"2024-06-11T08:57:29","slug":"yhteydenpito","status":"publish","type":"page","link":"https:\/\/blog.edu.turku.fi\/tsyk\/yhteydenpito\/","title":{"rendered":"Yhteydenpito"},"content":{"rendered":"<p><strong>Tiedottaminen ja ilmoitustaulut<br \/>\n<\/strong><br \/>\nMuita tiedotuskanavia ovat lukion kotisivut, s\u00e4hk\u00f6posti ja ilmoitustaulut sek\u00e4 I ja II kerroksen Info-tv-taulut. Hallinnon ilmoitustaulu on 2. kerroksessa kanslian oven edess\u00e4. Opinto-ohjaajien ilmoitustaulut sijaitsevat 2. kerroksessa luokan 204 ja opinto-ohjaajien ty\u00f6tilojen v\u00e4liss\u00e4. Lukiolla on my\u00f6s omat Facebook &#8211; ja Instagram-sivut.<br \/>\nLukion yhteis\u00f6s\u00e4hk\u00f6posti: <a href=\"mailto:tsyk.lukio@edu.turku.fi\">tsyk.lukio@edu.turku.fi\u00a0<\/a><br \/>\n<a href=\"https:\/\/blog.edu.turku.fi\/tsyk\/\">TSYKin lukion kotisivut<\/a><br \/>\n<a href=\"https:\/\/fi-fi.facebook.com\/tsykl\/\">TSYKin lukion facebook-sivut<\/a><br \/>\n<a href=\"https:\/\/www.instagram.com\/tsykinlukio\/?hl=fi\">TSYKin lukion Instagram-sivut<\/a><\/p>\n<p>&nbsp;<\/p>\n","protected":false},"excerpt":{"rendered":"<p>Tiedottaminen ja ilmoitustaulut Muita tiedotuskanavia ovat lukion kotisivut, s\u00e4hk\u00f6posti ja ilmoitustaulut sek\u00e4 I ja II kerroksen Info-tv-taulut. Hallinnon ilmoitustaulu on 2. kerroksessa kanslian oven edess\u00e4. Opinto-ohjaajien ilmoitustaulut sijaitsevat 2. kerroksessa luokan 204 ja opinto-ohjaajien ty\u00f6tilojen v\u00e4liss\u00e4. Lukiolla on my\u00f6s omat Facebook &#8211; ja Instagram-sivut. Lukion yhteis\u00f6s\u00e4hk\u00f6posti: tsyk.lukio@edu.turku.fi\u00a0 TSYKin lukion kotisivut TSYKin lukion facebook-sivut TSYKin lukion &hellip; <a href=\"https:\/\/blog.edu.turku.fi\/tsyk\/yhteydenpito\/\" class=\"more-link\">Jatka artikkeliin <span class=\"screen-reader-text\">Yhteydenpito<\/span><\/a><\/p>\n","protected":false},"author":2565,"featured_media":0,"parent":0,"menu_order":0,"comment_status":"closed","ping_status":"closed","template":"","meta":{"footnotes":""},"class_list":["post-3178","page","type-page","status-publish","hentry"],"_links":{"self":[{"href":"https:\/\/blog.edu.turku.fi\/tsyk\/wp-json\/wp\/v2\/pages\/3178","targetHints":{"allow":["GET"]}}],"collection":[{"href":"https:\/\/blog.edu.turku.fi\/tsyk\/wp-json\/wp\/v2\/pages"}],"about":[{"href":"https:\/\/blog.edu.turku.fi\/tsyk\/wp-json\/wp\/v2\/types\/page"}],"author":[{"embeddable":true,"href":"https:\/\/blog.edu.turku.fi\/tsyk\/wp-json\/wp\/v2\/users\/2565"}],"replies":[{"embeddable":true,"href":"https:\/\/blog.edu.turku.fi\/tsyk\/wp-json\/wp\/v2\/comments?post=3178"}],"version-history":[{"count":1,"href":"https:\/\/blog.edu.turku.fi\/tsyk\/wp-json\/wp\/v2\/pages\/3178\/revisions"}],"predecessor-version":[{"id":3179,"href":"https:\/\/blog.edu.turku.fi\/tsyk\/wp-json\/wp\/v2\/pages\/3178\/revisions\/3179"}],"wp:attachment":[{"href":"https:\/\/blog.edu.turku.fi\/tsyk\/wp-json\/wp\/v2\/media?parent=3178"}],"curies":[{"name":"wp","href":"https:\/\/api.w.org\/{rel}","templated":true}]}}