{"id":3176,"date":"2024-06-11T11:55:41","date_gmt":"2024-06-11T08:55:41","guid":{"rendered":"https:\/\/blog.edu.turku.fi\/tsyk\/?page_id=3176"},"modified":"2024-06-11T11:55:41","modified_gmt":"2024-06-11T08:55:41","slug":"lokerikot-ja-loytotavarat","status":"publish","type":"page","link":"https:\/\/blog.edu.turku.fi\/tsyk\/lokerikot-ja-loytotavarat\/","title":{"rendered":"Lokerikot ja l\u00f6yt\u00f6tavarat"},"content":{"rendered":"<p><strong>Lokerikot<\/strong><\/p>\n<p>Opiskelija voi lunastaa lokeron koulusihteerilt\u00e4. Opiskelija on vastuussa omasta lokerikostaan ja sen avaimesta.<\/p>\n<p><strong>L\u00f6yt\u00f6tavarat<\/strong><\/p>\n<p>L\u00f6yt\u00f6tavaroista voi tiedustella kansliasta.<\/p>\n","protected":false},"excerpt":{"rendered":"<p>Lokerikot Opiskelija voi lunastaa lokeron koulusihteerilt\u00e4. Opiskelija on vastuussa omasta lokerikostaan ja sen avaimesta. L\u00f6yt\u00f6tavarat L\u00f6yt\u00f6tavaroista voi tiedustella kansliasta.<\/p>\n","protected":false},"author":2565,"featured_media":0,"parent":0,"menu_order":0,"comment_status":"closed","ping_status":"closed","template":"","meta":{"footnotes":""},"class_list":["post-3176","page","type-page","status-publish","hentry"],"_links":{"self":[{"href":"https:\/\/blog.edu.turku.fi\/tsyk\/wp-json\/wp\/v2\/pages\/3176","targetHints":{"allow":["GET"]}}],"collection":[{"href":"https:\/\/blog.edu.turku.fi\/tsyk\/wp-json\/wp\/v2\/pages"}],"about":[{"href":"https:\/\/blog.edu.turku.fi\/tsyk\/wp-json\/wp\/v2\/types\/page"}],"author":[{"embeddable":true,"href":"https:\/\/blog.edu.turku.fi\/tsyk\/wp-json\/wp\/v2\/users\/2565"}],"replies":[{"embeddable":true,"href":"https:\/\/blog.edu.turku.fi\/tsyk\/wp-json\/wp\/v2\/comments?post=3176"}],"version-history":[{"count":1,"href":"https:\/\/blog.edu.turku.fi\/tsyk\/wp-json\/wp\/v2\/pages\/3176\/revisions"}],"predecessor-version":[{"id":3177,"href":"https:\/\/blog.edu.turku.fi\/tsyk\/wp-json\/wp\/v2\/pages\/3176\/revisions\/3177"}],"wp:attachment":[{"href":"https:\/\/blog.edu.turku.fi\/tsyk\/wp-json\/wp\/v2\/media?parent=3176"}],"curies":[{"name":"wp","href":"https:\/\/api.w.org\/{rel}","templated":true}]}}