{"id":3173,"date":"2024-06-11T11:51:24","date_gmt":"2024-06-11T08:51:24","guid":{"rendered":"https:\/\/blog.edu.turku.fi\/tsyk\/?page_id=3173"},"modified":"2024-06-11T11:51:24","modified_gmt":"2024-06-11T08:51:24","slug":"ruokailu","status":"publish","type":"page","link":"https:\/\/blog.edu.turku.fi\/tsyk\/ruokailu\/","title":{"rendered":"Ruokailu"},"content":{"rendered":"<p>Ruokailu tapahtuu porrastetusti useammassa vuorossa. Kutakin periodia varten tehd\u00e4\u00e4n erikseen ruokavuorot, joita on ehdottomasti noudatettava.<br \/>\nRuokavuorot l\u00f6ytyv\u00e4t lukiomme kotisivuilta: <a href=\"https:\/\/blog.edu.turku.fi\/tsyk\/\">https:\/\/blog.edu.turku.fi\/tsyk\/<\/a><\/p>\n<p>Hygieniasyist\u00e4 p\u00e4\u00e4llysvaatteet, laukut ja reput on j\u00e4tett\u00e4v\u00e4 naulakoihin tai lokerikkoihin ruokailun ajaksi.<em><br \/>\n<\/em><br \/>\n<strong>Erityisruokavaliot<br \/>\n<\/strong><a href=\"https:\/\/www.turku.fi\/paivahoito-ja-koulutus\/perusopetus\/peruskoulut-ja-palvelut\/ruokailu-ja-ruokalistat-0\">Erityisruokavaliot kouluissa ja varhaiskasvatuksessa | Turku.fi<\/a><\/p>\n<p><strong>Terveydenhoitaja:<\/strong><br \/>\n* Ohjaa tarvittaessa jatkotutkimuksiin erityisruokavalioita koskevissa asioissa<\/p>\n<p><strong>Opiskelija:<\/strong><br \/>\n* Opiskelija toimittaa erityisruokavaliota koskevan ilmoituksen suoraan ruokapalveluntuottajalle. Mik\u00e4li opiskelija tarvitsee apua asian selvittelyyn, voi h\u00e4n ottaa yhteytt\u00e4 opiskeluterveydenhuoltoon jatkoselvityksi\u00e4 varten.<br \/>\n* Erityisruokavalioiden ilmoittamisessa k\u00e4ytet\u00e4\u00e4n tilaajan lomaketta. Opiskelija ilmoittavat erityisruokavaliot suoraan palveluntuottajalle. Opiskelijat vastaavat itse erityisruokavalioidensa ilmoittamisesta siirtyess\u00e4\u00e4n eri opetuksen toimipisteiden v\u00e4lill\u00e4. Kaikki ruoka tuotetaan laktoosittomana ja kasvisruokavalio toteutetaan p\u00e4\u00e4s\u00e4\u00e4nt\u00f6isesti lakto-ovo-vegetaarisena, vegaaninen ruokavalio on my\u00f6s saatavilla.<\/p>\n<p><a href=\"https:\/\/www.turku.fi\/sites\/default\/files\/atoms\/files\/erityisruokavalioselvityskoululaiset.pdf\">Selvitys terveydellisest\u00e4 erityisruokavaliosta (pdf)<\/a><br \/>\n<a href=\"https:\/\/www.turku.fi\/sites\/default\/files\/atoms\/files\/turun_kaupunki_erityisruokavalioilmoitus.pdf\">Ilmoitus kasvisruokavaliosta ja vakaumukseen perustuvasta ruokavaliosta (pdf)<\/a><br \/>\n<a href=\"https:\/\/www.turku.fi\/sites\/default\/files\/atoms\/files\/ilmoitus_erityisruokavaliosta_toisen_asteen_opiskelijoiden_ja_henkilokunnan_kayttoon.pdf\">Ilmoitus erityisruokavaliosta toisen asteen opiskelijoiden ja henkil\u00f6kunnan k\u00e4ytt\u00f6\u00f6n<\/a><\/p>\n","protected":false},"excerpt":{"rendered":"<p>Ruokailu tapahtuu porrastetusti useammassa vuorossa. Kutakin periodia varten tehd\u00e4\u00e4n erikseen ruokavuorot, joita on ehdottomasti noudatettava. Ruokavuorot l\u00f6ytyv\u00e4t lukiomme kotisivuilta: https:\/\/blog.edu.turku.fi\/tsyk\/ Hygieniasyist\u00e4 p\u00e4\u00e4llysvaatteet, laukut ja reput on j\u00e4tett\u00e4v\u00e4 naulakoihin tai lokerikkoihin ruokailun ajaksi. Erityisruokavaliot Erityisruokavaliot kouluissa ja varhaiskasvatuksessa | Turku.fi Terveydenhoitaja: * Ohjaa tarvittaessa jatkotutkimuksiin erityisruokavalioita koskevissa asioissa Opiskelija: * Opiskelija toimittaa erityisruokavaliota koskevan ilmoituksen suoraan &hellip; <a href=\"https:\/\/blog.edu.turku.fi\/tsyk\/ruokailu\/\" class=\"more-link\">Jatka artikkeliin <span class=\"screen-reader-text\">Ruokailu<\/span><\/a><\/p>\n","protected":false},"author":2565,"featured_media":0,"parent":0,"menu_order":0,"comment_status":"closed","ping_status":"closed","template":"","meta":{"footnotes":""},"class_list":["post-3173","page","type-page","status-publish","hentry"],"_links":{"self":[{"href":"https:\/\/blog.edu.turku.fi\/tsyk\/wp-json\/wp\/v2\/pages\/3173","targetHints":{"allow":["GET"]}}],"collection":[{"href":"https:\/\/blog.edu.turku.fi\/tsyk\/wp-json\/wp\/v2\/pages"}],"about":[{"href":"https:\/\/blog.edu.turku.fi\/tsyk\/wp-json\/wp\/v2\/types\/page"}],"author":[{"embeddable":true,"href":"https:\/\/blog.edu.turku.fi\/tsyk\/wp-json\/wp\/v2\/users\/2565"}],"replies":[{"embeddable":true,"href":"https:\/\/blog.edu.turku.fi\/tsyk\/wp-json\/wp\/v2\/comments?post=3173"}],"version-history":[{"count":1,"href":"https:\/\/blog.edu.turku.fi\/tsyk\/wp-json\/wp\/v2\/pages\/3173\/revisions"}],"predecessor-version":[{"id":3174,"href":"https:\/\/blog.edu.turku.fi\/tsyk\/wp-json\/wp\/v2\/pages\/3173\/revisions\/3174"}],"wp:attachment":[{"href":"https:\/\/blog.edu.turku.fi\/tsyk\/wp-json\/wp\/v2\/media?parent=3173"}],"curies":[{"name":"wp","href":"https:\/\/api.w.org\/{rel}","templated":true}]}}