{"id":3170,"date":"2024-06-11T11:47:10","date_gmt":"2024-06-11T08:47:10","guid":{"rendered":"https:\/\/blog.edu.turku.fi\/tsyk\/?page_id=3170"},"modified":"2024-06-11T11:47:10","modified_gmt":"2024-06-11T08:47:10","slug":"kansliassa-asiointi","status":"publish","type":"page","link":"https:\/\/blog.edu.turku.fi\/tsyk\/kansliassa-asiointi\/","title":{"rendered":"Kansliassa asiointi"},"content":{"rendered":"<p>T\u00e4yt\u00e4 valmiiksi kansliaan toimittamasi lomakkeet. <a href=\"https:\/\/blog.edu.turku.fi\/tsyk\/\">Lukiomme kotisivuilta<\/a> saat tietoja ja lomakkeita kansliassa asiointia varten. Lomakkeita on my\u00f6s saatavana kanslian eteisess\u00e4 olevasta lokerikosta.<\/p>\n<p>Koulusihteeri hoitaa muun muassa:<br \/>\n* Opiskelijarekisterin yll\u00e4pidon<br \/>\n* Opiskelijatodistukset<br \/>\n* Ilmoittautumiset ylioppilastutkintoon (s\u00e4hk\u00f6isesti Wilmassa)<br \/>\n* Todistusj\u00e4ljenn\u00f6kset<br \/>\n* Kelan opintoetuudet<br \/>\n* Opiskelijoiden lokerikot<\/p>\n<p><strong>Kanslian palveluajat<br \/>\n<\/strong>Lukuvuoden aikana:<br \/>\nma \u2013 to \u00a0\u00a0\u00a0\u00a0\u00a0\u00a0 klo 7.30\u201314.50<br \/>\npe \u00a0\u00a0\u00a0\u00a0\u00a0\u00a0\u00a0\u00a0\u00a0\u00a0\u00a0\u00a0\u00a0\u00a0\u00a0 \u00a0klo 7.30\u201313.00<\/p>\n<p>Kanslian puolen tunnin ruokatauko on v\u00e4lill\u00e4 11\u201313, jolloin kanslia on suljettu.<\/p>\n<p><strong>Koulun loma-aikoina ja kes\u00e4ll\u00e4<br \/>\n<\/strong>Kanslia on p\u00e4\u00e4s\u00e4\u00e4nt\u00f6isesi suljettu koulun loma-aikoina lukuvuoden aikana. Kes\u00e4n aikaisista aukioloajoista tiedotetaan erikseen Wilmassa.<\/p>\n<p><strong>Kanslian yhteystiedot<br \/>\n<\/strong>puh. 040\u00a0687 1385<br \/>\n<a href=\"mailto:maisa.lehvanen@edu.turku.fi\">maisa.lehvanen@edu.turku.fi<br \/>\n<\/a><a href=\"mailto:tsyk.lukio@edu.turku.fi\">tsyk.lukio@edu.turku.fi\u00a0<\/a><br \/>\n<a href=\"https:\/\/blog.edu.turku.fi\/tsyk\/\">https:\/\/blog.edu.turku.fi\/tsyk\/<\/a><\/p>\n<p>&nbsp;<\/p>\n<p><em>\u00a0<\/em><\/p>\n","protected":false},"excerpt":{"rendered":"<p>T\u00e4yt\u00e4 valmiiksi kansliaan toimittamasi lomakkeet. Lukiomme kotisivuilta saat tietoja ja lomakkeita kansliassa asiointia varten. Lomakkeita on my\u00f6s saatavana kanslian eteisess\u00e4 olevasta lokerikosta. Koulusihteeri hoitaa muun muassa: * Opiskelijarekisterin yll\u00e4pidon * Opiskelijatodistukset * Ilmoittautumiset ylioppilastutkintoon (s\u00e4hk\u00f6isesti Wilmassa) * Todistusj\u00e4ljenn\u00f6kset * Kelan opintoetuudet * Opiskelijoiden lokerikot Kanslian palveluajat Lukuvuoden aikana: ma \u2013 to \u00a0\u00a0\u00a0\u00a0\u00a0\u00a0 klo 7.30\u201314.50 pe &hellip; <a href=\"https:\/\/blog.edu.turku.fi\/tsyk\/kansliassa-asiointi\/\" class=\"more-link\">Jatka artikkeliin <span class=\"screen-reader-text\">Kansliassa asiointi<\/span><\/a><\/p>\n","protected":false},"author":2565,"featured_media":0,"parent":0,"menu_order":0,"comment_status":"closed","ping_status":"closed","template":"","meta":{"footnotes":""},"class_list":["post-3170","page","type-page","status-publish","hentry"],"_links":{"self":[{"href":"https:\/\/blog.edu.turku.fi\/tsyk\/wp-json\/wp\/v2\/pages\/3170","targetHints":{"allow":["GET"]}}],"collection":[{"href":"https:\/\/blog.edu.turku.fi\/tsyk\/wp-json\/wp\/v2\/pages"}],"about":[{"href":"https:\/\/blog.edu.turku.fi\/tsyk\/wp-json\/wp\/v2\/types\/page"}],"author":[{"embeddable":true,"href":"https:\/\/blog.edu.turku.fi\/tsyk\/wp-json\/wp\/v2\/users\/2565"}],"replies":[{"embeddable":true,"href":"https:\/\/blog.edu.turku.fi\/tsyk\/wp-json\/wp\/v2\/comments?post=3170"}],"version-history":[{"count":1,"href":"https:\/\/blog.edu.turku.fi\/tsyk\/wp-json\/wp\/v2\/pages\/3170\/revisions"}],"predecessor-version":[{"id":3171,"href":"https:\/\/blog.edu.turku.fi\/tsyk\/wp-json\/wp\/v2\/pages\/3170\/revisions\/3171"}],"wp:attachment":[{"href":"https:\/\/blog.edu.turku.fi\/tsyk\/wp-json\/wp\/v2\/media?parent=3170"}],"curies":[{"name":"wp","href":"https:\/\/api.w.org\/{rel}","templated":true}]}}