{"id":3167,"date":"2024-06-11T11:38:15","date_gmt":"2024-06-11T08:38:15","guid":{"rendered":"https:\/\/blog.edu.turku.fi\/tsyk\/?page_id=3167"},"modified":"2025-06-09T13:35:24","modified_gmt":"2025-06-09T10:35:24","slug":"tsykkilaisyys","status":"publish","type":"page","link":"https:\/\/blog.edu.turku.fi\/tsyk\/tsykkilaisyys\/","title":{"rendered":"Mist\u00e4 hyv\u00e4t opiskelutaidot koostuvat"},"content":{"rendered":"<p>Opiskelu on lukiolaisen p\u00e4\u00e4ty\u00f6. Suhtaudu siihen arvostaen. Hyvien oppimistulosten saavuttamiseen tarvitaan ty\u00f6t\u00e4, osaamista ja uskoa itseens\u00e4. Kehit\u00e4 osaamistasi, nauti ja anna itsellesi hyv\u00e4\u00e4 palautetta.<\/p>\n<p>Oppimisen kannalta ovat yht\u00e4 t\u00e4rkeit\u00e4 sek\u00e4 hyv\u00e4t oppimisen taidot kuin omasta hyvinvoinnista huolehtiminen. S\u00e4\u00e4nn\u00f6llinen p\u00e4iv\u00e4rytmi on t\u00e4rke\u00e4\u00e4 jaksamiselle ja hyvinvoinnille. Lukiolaisen on t\u00e4rke\u00e4\u00e4 osata my\u00f6s rentoutua ja irrottautua kouluty\u00f6st\u00e4 esim. kodin, yst\u00e4vien ja harrastusten parissa.<\/p>\n<p>Yht\u00e4 oppiainetta opiskellaan yleens\u00e4 kolme 75 minuutin oppituntia viikossa. Joissakin periodeissa sinulla saattaa olla samasta oppiaineesta esimerkiksi pakollinen ja syvent\u00e4v\u00e4 opintojakso. Pysy\u00e4ksesi mukana opinnoissa tulee sinun tehd\u00e4 p\u00e4ivitt\u00e4in kotiteht\u00e4v\u00e4t ja luettava l\u00e4ksysi. Lukiossa p\u00e4\u00e4vastuu opiskelusta on lukiolaisella itsell\u00e4\u00e4n. Tarvittaessa opiskelijahuollon henkil\u00f6st\u00f6 auttaa sinua n\u00e4iss\u00e4 asioissa.<\/p>\n<p>Jotta opiskelusi sujuu hyvin, noudata seuraavia perusohjeita:<br \/>\n1) Opiskele s\u00e4\u00e4nn\u00f6llisesti. Tee kotiteht\u00e4v\u00e4t ja lue l\u00e4ksyt p\u00e4ivitt\u00e4in. Samalla valmistaudut arviointiviikkoon. Tee tutkielmat sek\u00e4 muut kirjalliset ty\u00f6t ja tuotokset hyviss\u00e4 ajoin ennen m\u00e4\u00e4r\u00e4p\u00e4iv\u00e4\u00e4. Jos asiat j\u00e4\u00e4v\u00e4t ep\u00e4selviksi, kysy opettajalta viimeist\u00e4\u00e4n seuraavalla tunnilla.<br \/>\n2) Suunnittele opintojasi etuk\u00e4teen. Ryhm\u00e4nohjaaja ja opinto-ohjaajat auttavat ty\u00f6j\u00e4rjestyksesi tulkinnassa.<br \/>\n3) Osallistu ryhm\u00e4nohjauksiin. Ryhm\u00e4nohjaajasi kertoo, miten h\u00e4n on helpoiten tavoitettavissa. Ryhm\u00e4nohjaaja haastattelee ensimm\u00e4isen vuositason opiskelijat syyslukukauden kuluessa.<br \/>\n4) Kaikki koko lukuvuoden aikana j\u00e4rjestett\u00e4v\u00e4t opintojaksot k\u00e4yv\u00e4t ilmi opintotarjottimesta Wilmasta. Opintotarjottimeen tulee muutoksia lukuvuoden aikana mm. opiskelijoiden valintojen muutosten takia. Henkil\u00f6kohtaisen ty\u00f6j\u00e4rjestyksesi ja tuntikaavion n\u00e4et Wilmasta. Opintojaksovalintojen muuttaminen tapahtuu opinto-ohjaajien kautta.<br \/>\n5) Kysy neuvoa vaikeissa tilanteissa. Jos sinulla on opiskeluun tai lukioel\u00e4m\u00e4\u00e4n liittyvi\u00e4 vaikeuksia, kysy neuvoa ryhm\u00e4nohjaajalta, opinto-ohjaajalta, erityisopettajalta, koulusihteerilt\u00e4, rehtoreilta, kuraattorilta, terveydenhoitajalta tai opintopsykologilta.<\/p>\n<p><strong style=\"font-style: inherit\">\u00a0<\/strong>Jotta kouluty\u00f6mme sujuisi mahdollisimman miellytt\u00e4v\u00e4sti, muista seuraavat asiat:<br \/>\n\u2013 saavu tunnille ajoissa. My\u00f6h\u00e4styj\u00e4 h\u00e4iritsee oppitunnin kulkua (esitelm\u00e4t, kuuntelut yms.)<br \/>\n\u2013 j\u00e4t\u00e4 takit ja hatut lokerikkoosi tuntien ajaksi. Lukio ei vastaa naulakkoon j\u00e4tetyist\u00e4 tavaroista. Ruokalaan ei hygieniasyist\u00e4 menn\u00e4 p\u00e4\u00e4llysvaatteissa eik\u00e4 laukkujen kanssa.<br \/>\n\u2013 noudata hyvi\u00e4 tapoja oppitunneilla ja koulup\u00e4iv\u00e4n aikana. \u00c4l\u00e4 kuvaa oppituntia, opettajan esityst\u00e4 tai l\u00e4sn\u00e4 olevia henkil\u00f6it\u00e4 ilman lupaa. Muista my\u00f6s, ett\u00e4 tallenteiden jakaminen ei ole sallittua.<br \/>\n\u2013 ensiapua tarvitessasi tai muissa h\u00e4t\u00e4tapauksissa k\u00e4\u00e4nny henkil\u00f6kunnan puoleen.<\/p>\n<p><strong style=\"font-style: inherit\">Hyv\u00e4\u00e4 lukuvuotta 2025\u20132026!<\/strong><\/p>\n<p>&nbsp;<\/p>\n","protected":false},"excerpt":{"rendered":"<p>Opiskelu on lukiolaisen p\u00e4\u00e4ty\u00f6. Suhtaudu siihen arvostaen. Hyvien oppimistulosten saavuttamiseen tarvitaan ty\u00f6t\u00e4, osaamista ja uskoa itseens\u00e4. Kehit\u00e4 osaamistasi, nauti ja anna itsellesi hyv\u00e4\u00e4 palautetta. Oppimisen kannalta ovat yht\u00e4 t\u00e4rkeit\u00e4 sek\u00e4 hyv\u00e4t oppimisen taidot kuin omasta hyvinvoinnista huolehtiminen. S\u00e4\u00e4nn\u00f6llinen p\u00e4iv\u00e4rytmi on t\u00e4rke\u00e4\u00e4 jaksamiselle ja hyvinvoinnille. Lukiolaisen on t\u00e4rke\u00e4\u00e4 osata my\u00f6s rentoutua ja irrottautua kouluty\u00f6st\u00e4 esim. kodin, &hellip; <a href=\"https:\/\/blog.edu.turku.fi\/tsyk\/tsykkilaisyys\/\" class=\"more-link\">Jatka artikkeliin <span class=\"screen-reader-text\">Mist\u00e4 hyv\u00e4t opiskelutaidot koostuvat<\/span><\/a><\/p>\n","protected":false},"author":2565,"featured_media":0,"parent":0,"menu_order":0,"comment_status":"closed","ping_status":"closed","template":"","meta":{"footnotes":""},"class_list":["post-3167","page","type-page","status-publish","hentry"],"_links":{"self":[{"href":"https:\/\/blog.edu.turku.fi\/tsyk\/wp-json\/wp\/v2\/pages\/3167","targetHints":{"allow":["GET"]}}],"collection":[{"href":"https:\/\/blog.edu.turku.fi\/tsyk\/wp-json\/wp\/v2\/pages"}],"about":[{"href":"https:\/\/blog.edu.turku.fi\/tsyk\/wp-json\/wp\/v2\/types\/page"}],"author":[{"embeddable":true,"href":"https:\/\/blog.edu.turku.fi\/tsyk\/wp-json\/wp\/v2\/users\/2565"}],"replies":[{"embeddable":true,"href":"https:\/\/blog.edu.turku.fi\/tsyk\/wp-json\/wp\/v2\/comments?post=3167"}],"version-history":[{"count":5,"href":"https:\/\/blog.edu.turku.fi\/tsyk\/wp-json\/wp\/v2\/pages\/3167\/revisions"}],"predecessor-version":[{"id":3605,"href":"https:\/\/blog.edu.turku.fi\/tsyk\/wp-json\/wp\/v2\/pages\/3167\/revisions\/3605"}],"wp:attachment":[{"href":"https:\/\/blog.edu.turku.fi\/tsyk\/wp-json\/wp\/v2\/media?parent=3167"}],"curies":[{"name":"wp","href":"https:\/\/api.w.org\/{rel}","templated":true}]}}