{"id":30,"date":"2018-10-15T09:15:12","date_gmt":"2018-10-15T06:15:12","guid":{"rendered":"https:\/\/blog.edu.turku.fi\/tsyk\/?page_id=30"},"modified":"2025-09-04T14:26:11","modified_gmt":"2025-09-04T11:26:11","slug":"hakijalle","status":"publish","type":"page","link":"https:\/\/blog.edu.turku.fi\/tsyk\/hakijalle\/","title":{"rendered":"TSYKin lukion esittelyilta    TI 13.1.2026 klo 17.30 alkaen"},"content":{"rendered":"<h4>TSYKin luo esitt\u00e4ytyy tiistaina 13.1. klo 18.00 alkaen yhdeks\u00e4sluokkalaisille ja heid\u00e4n vanhemmilleen.<\/h4>\n<p><strong>Luonnontiedelukion tutustumisiltap\u00e4iv\u00e4 ke 11.2. klo 13.30-15.30.<br \/>\n<\/strong>Lis\u00e4\u00e4 infoa mm. ilmoittautumisesta iltap\u00e4iv\u00e4\u00e4n l\u00f6ytyy Luonnontieteet-valikosta<\/p>\n<p><strong>Hakuopas 2026 tulossa lokakuun aikana kotisivuillemme.\u00a0<\/strong><\/p>\n<p><strong><a href=\"https:\/\/opintopolku.fi\/konfo\/fi\/toteutus\/1.2.246.562.17.00000000000000003732\">TSYKin lukiossa<\/a> on kev\u00e4\u00e4n 2026 yhteishaussa 3 lukiolinjaa:<\/strong><br \/>\nYLEISLUKIOLINJA, aloituspaikkoja 135<br \/>\nLUONNONTTIEDELUKIOLINJA, aloituspaikkoja 75<br \/>\nMERILINJA, aloituspaikkoja 30<\/p>\n<p><span style=\"font-size: 20px;font-weight: bold\">Kev\u00e4\u00e4n 2026 perusopetuksen j\u00e4lkeisen koulutuksen yhteishaun hakuaika: 17.2. &#8211; 17.3.2026<\/span><\/p>\n<p>Koulutuksen j\u00e4rjest\u00e4j\u00e4t saavat julkaista valintojen tulokset aikaisintaan 11.6.2026.<\/p>\n<p><span style=\"font-size: 20px;font-weight: bold\">Hakijan on otettava opiskelupaikka vastaan s\u00e4hk\u00f6isesti viimeist\u00e4\u00e4n 25.6.2026.<\/span><\/p>\n<div class=\"MuiTypography-root MuiTypography-body1 MuiTypography-paragraph css-umvjy\"><\/div>\n","protected":false},"excerpt":{"rendered":"<p>TSYKin luo esitt\u00e4ytyy tiistaina 13.1. klo 18.00 alkaen yhdeks\u00e4sluokkalaisille ja heid\u00e4n vanhemmilleen. Luonnontiedelukion tutustumisiltap\u00e4iv\u00e4 ke 11.2. klo 13.30-15.30. Lis\u00e4\u00e4 infoa mm. ilmoittautumisesta iltap\u00e4iv\u00e4\u00e4n l\u00f6ytyy Luonnontieteet-valikosta Hakuopas 2026 tulossa lokakuun aikana kotisivuillemme.\u00a0 TSYKin lukiossa on kev\u00e4\u00e4n 2026 yhteishaussa 3 lukiolinjaa: YLEISLUKIOLINJA, aloituspaikkoja 135 LUONNONTTIEDELUKIOLINJA, aloituspaikkoja 75 MERILINJA, aloituspaikkoja 30 Kev\u00e4\u00e4n 2026 perusopetuksen j\u00e4lkeisen koulutuksen yhteishaun hakuaika: &hellip; <a href=\"https:\/\/blog.edu.turku.fi\/tsyk\/hakijalle\/\" class=\"more-link\">Jatka artikkeliin <span class=\"screen-reader-text\">TSYKin lukion esittelyilta    TI 13.1.2026 klo 17.30 alkaen<\/span><\/a><\/p>\n","protected":false},"author":182,"featured_media":0,"parent":0,"menu_order":0,"comment_status":"closed","ping_status":"closed","template":"","meta":{"footnotes":""},"class_list":["post-30","page","type-page","status-publish","hentry"],"_links":{"self":[{"href":"https:\/\/blog.edu.turku.fi\/tsyk\/wp-json\/wp\/v2\/pages\/30","targetHints":{"allow":["GET"]}}],"collection":[{"href":"https:\/\/blog.edu.turku.fi\/tsyk\/wp-json\/wp\/v2\/pages"}],"about":[{"href":"https:\/\/blog.edu.turku.fi\/tsyk\/wp-json\/wp\/v2\/types\/page"}],"author":[{"embeddable":true,"href":"https:\/\/blog.edu.turku.fi\/tsyk\/wp-json\/wp\/v2\/users\/182"}],"replies":[{"embeddable":true,"href":"https:\/\/blog.edu.turku.fi\/tsyk\/wp-json\/wp\/v2\/comments?post=30"}],"version-history":[{"count":24,"href":"https:\/\/blog.edu.turku.fi\/tsyk\/wp-json\/wp\/v2\/pages\/30\/revisions"}],"predecessor-version":[{"id":3668,"href":"https:\/\/blog.edu.turku.fi\/tsyk\/wp-json\/wp\/v2\/pages\/30\/revisions\/3668"}],"wp:attachment":[{"href":"https:\/\/blog.edu.turku.fi\/tsyk\/wp-json\/wp\/v2\/media?parent=30"}],"curies":[{"name":"wp","href":"https:\/\/api.w.org\/{rel}","templated":true}]}}