{"id":2891,"date":"2023-10-16T11:26:45","date_gmt":"2023-10-16T08:26:45","guid":{"rendered":"https:\/\/blog.edu.turku.fi\/tsyk\/?page_id=2891"},"modified":"2025-06-09T11:06:41","modified_gmt":"2025-06-09T08:06:41","slug":"lukuvuosi-2024-2025","status":"publish","type":"page","link":"https:\/\/blog.edu.turku.fi\/tsyk\/lukuvuosi-2024-2025\/","title":{"rendered":"Lukuvuosi 2025-2026"},"content":{"rendered":"<p><strong>Lukuvuosi 2025\u20132026<br \/>\n<\/strong><strong>Syyslukukausi: to 7.8. &#8211; pe 20.12.2025<br \/>\n<\/strong>Syysloma: ma 13.10. &#8211; su 19.10.2025<br \/>\nSuomen itsen\u00e4isyysp\u00e4iv\u00e4juhla pe 5.12.2025<br \/>\nSyksyn ylioppilasjuhla pe 5.12.2025<br \/>\nJoululoma: su 21.12.2025 &#8211; ti 6.1.2026<\/p>\n<p><strong>Kev\u00e4tlukukausi: ke\u00a0 7.1. &#8211; la 30.5.2026<br \/>\n<\/strong>Penkkarit to 5.2.2026<br \/>\nVanhojen tanssit 12.2.2026<br \/>\nTalviloma: ma 16.2. &#8211; su 22.2.2026<\/p>\n<p><strong>Periodit<br \/>\n<\/strong>Periodi I\u00a0\u00a0\u00a0\u00a0\u00a0\u00a0\u00a0\u00a0\u00a0\u00a0\u00a0 07.08.2025 &#8211; 30.9.2025\u00a0 \u00a0 \u00a0 \u00a0 \u00a039 p\u00e4iv\u00e4\u00e4<br \/>\nPeriodi II\u00a0\u00a0\u00a0\u00a0\u00a0\u00a0\u00a0\u00a0\u00a0\u00a0 01.10.2025 &#8211; 27.11.2025\u00a0 \u00a0 \u00a0 \u00a037 p\u00e4iv\u00e4\u00e4<br \/>\nPeriodi III\u00a0 \u00a0 \u00a0 \u00a0 \u00a028.11.2025 &#8211; 03.02.2026\u00a0 \u00a0 \u00a0 \u00a037 p\u00e4iv\u00e4\u00e4<br \/>\nPeriodi IV\u00a0\u00a0\u00a0\u00a0\u00a0\u00a0\u00a0\u00a0 04.02.2026 &#8211; 02.04.2026\u00a0 \u00a0 \u00a0 \u00a0 36 p\u00e4iv\u00e4\u00e4<br \/>\nPeriodi V\u00a0\u00a0\u00a0\u00a0\u00a0\u00a0\u00a0\u00a0\u00a0\u00a0 07.04.2026 &#8211; 30.05.2026\u00a0 \u00a0 \u00a0 \u00a0 38 p\u00e4iv\u00e4\u00e4<\/p>\n<p><a href=\"https:\/\/www.turku.fi\/paivahoito-ja-koulutus\/lukiokoulutus\/tyo-ja-loma-ajat-lukiossa\">Ty\u00f6- ja loma-ajat lukiossa | Turku.fi<\/a><\/p>\n","protected":false},"excerpt":{"rendered":"<p>Lukuvuosi 2025\u20132026 Syyslukukausi: to 7.8. &#8211; pe 20.12.2025 Syysloma: ma 13.10. &#8211; su 19.10.2025 Suomen itsen\u00e4isyysp\u00e4iv\u00e4juhla pe 5.12.2025 Syksyn ylioppilasjuhla pe 5.12.2025 Joululoma: su 21.12.2025 &#8211; ti 6.1.2026 Kev\u00e4tlukukausi: ke\u00a0 7.1. &#8211; la 30.5.2026 Penkkarit to 5.2.2026 Vanhojen tanssit 12.2.2026 Talviloma: ma 16.2. &#8211; su 22.2.2026 Periodit Periodi I\u00a0\u00a0\u00a0\u00a0\u00a0\u00a0\u00a0\u00a0\u00a0\u00a0\u00a0 07.08.2025 &#8211; 30.9.2025\u00a0 \u00a0 \u00a0 \u00a0 &hellip; <a href=\"https:\/\/blog.edu.turku.fi\/tsyk\/lukuvuosi-2024-2025\/\" class=\"more-link\">Jatka artikkeliin <span class=\"screen-reader-text\">Lukuvuosi 2025-2026<\/span><\/a><\/p>\n","protected":false},"author":2565,"featured_media":0,"parent":0,"menu_order":0,"comment_status":"closed","ping_status":"closed","template":"","meta":{"footnotes":""},"class_list":["post-2891","page","type-page","status-publish","hentry"],"_links":{"self":[{"href":"https:\/\/blog.edu.turku.fi\/tsyk\/wp-json\/wp\/v2\/pages\/2891","targetHints":{"allow":["GET"]}}],"collection":[{"href":"https:\/\/blog.edu.turku.fi\/tsyk\/wp-json\/wp\/v2\/pages"}],"about":[{"href":"https:\/\/blog.edu.turku.fi\/tsyk\/wp-json\/wp\/v2\/types\/page"}],"author":[{"embeddable":true,"href":"https:\/\/blog.edu.turku.fi\/tsyk\/wp-json\/wp\/v2\/users\/2565"}],"replies":[{"embeddable":true,"href":"https:\/\/blog.edu.turku.fi\/tsyk\/wp-json\/wp\/v2\/comments?post=2891"}],"version-history":[{"count":5,"href":"https:\/\/blog.edu.turku.fi\/tsyk\/wp-json\/wp\/v2\/pages\/2891\/revisions"}],"predecessor-version":[{"id":3603,"href":"https:\/\/blog.edu.turku.fi\/tsyk\/wp-json\/wp\/v2\/pages\/2891\/revisions\/3603"}],"wp:attachment":[{"href":"https:\/\/blog.edu.turku.fi\/tsyk\/wp-json\/wp\/v2\/media?parent=2891"}],"curies":[{"name":"wp","href":"https:\/\/api.w.org\/{rel}","templated":true}]}}