{"id":289,"date":"2018-10-26T14:28:07","date_gmt":"2018-10-26T11:28:07","guid":{"rendered":"https:\/\/blog.edu.turku.fi\/tsyk\/?page_id=289"},"modified":"2024-06-17T14:29:58","modified_gmt":"2024-06-17T11:29:58","slug":"kuraattori","status":"publish","type":"page","link":"https:\/\/blog.edu.turku.fi\/tsyk\/kuraattori\/","title":{"rendered":"Lukiokuraattori"},"content":{"rendered":"<p>Koulukuraattori kohtaa opiskelijoita kaikenlaisissa <strong>opiskeluarkeen, hyvinvointiin ja el\u00e4m\u00e4ntaitoihin<\/strong> liittyviss\u00e4 asioissa.<\/p>\n<p>Opiskelija voi tulla kuraattorin luokse keskustelemaan esimerkiksi seuraaviin teemoihin liittyen<\/p>\n<ul>\n<li>hyvinvoiva arki<\/li>\n<li>opintojen sujuminen ja toimintakyky<\/li>\n<li>el\u00e4m\u00e4nmuutokset ja menetykset<\/li>\n<li>itsetuntemus<\/li>\n<li>itsen\u00e4istymiseen liittyv\u00e4t asiat<\/li>\n<li>ty\u00f6nteko ja toimeentulo<\/li>\n<li>sosiaaliset suhteet<\/li>\n<li>jaksaminen, stressi ja kuormittuneisuuden kokemus<\/li>\n<li>yksin\u00e4isyyden tai turvattomuuden kokemukset<\/li>\n<li>konfliktitilanteet.<\/li>\n<\/ul>\n<p><strong>Ohjaus, neuvonta ja konsultointi<\/strong><br \/>\nKuraattori voi ohjata ja neuvoa opiskelijaa my\u00f6s muihin palveluihin hakeutumisessa. Opiskelijat voivat konsultoida kuraattoria anonyymisti my\u00f6s tilanteissa, joissa heill\u00e4 on her\u00e4nnyt huoli toiseen henkil\u00f6\u00f6n liittyen.<\/p>\n<p>Kuraattori voi antaa neuvontaa ja ohjausta my\u00f6s huoltajille.<\/p>\n<p>Opettajat ja muu lukion henkil\u00f6kunta voi konsultoida kuraattoria anonyymisti mm. mik\u00e4li heill\u00e4 on her\u00e4nnyt huoli opiskelijasta tai pedagogisen tuen suunnitteluun liittyen.<\/p>\n<p><strong>Yhteisty\u00f6<\/strong><br \/>\nKuraattori voi toimia opiskelijan niin toivoessa my\u00f6s yhteisty\u00f6ss\u00e4 h\u00e4nen l\u00e4heisten, opettajien ja koulun muun henkil\u00f6kunnan kanssa hyv\u00e4n opiskeluarjen edesauttamisessa ja opintojen sujuvoittamiseksi, mm. osallistumalla pedagogisen tuen suunnitteluun tai muun henkil\u00f6kohtaiseen toimintakykyyn vaikuttavan tuen suunnittelussa ja toteuttamisessa. Kuraattorille on t\u00e4rke\u00e4\u00e4, ett\u00e4 kaikenlainen yhteisty\u00f6 on l\u00e4pin\u00e4kyv\u00e4\u00e4 ja yhteisesti sovittua, keski\u00f6ss\u00e4 opiskelijan etu.<\/p>\n<p>Kuraattori osallistuu koulun yhteis\u00f6lliseen ty\u00f6h\u00f6n mm. opiskeluymp\u00e4rist\u00f6n ja yhteis\u00f6n hyvinvoinnin suunnitteluun, arviointiin ja toteuttamiseen. Kuraattori voi toteuttaa opiskelijal\u00e4ht\u00f6isesti, opiskelijoiden toiveesta ja tarpeesta, teematunteja ja teemaryhmi\u00e4 yhteisty\u00f6ss\u00e4 esimerkiksi opettajien, koulun muun henkil\u00f6kunnan ja asiaan liittyvien yhteisty\u00f6tahojen kanssa. Kuraattori suhtautuu avoimesti kaikenlaiseen yhteisty\u00f6h\u00f6n!<\/p>\n<p><strong>Kohtaamista koulussa<\/strong><br \/>\nTSYKn lukion kuraattori Piia Uronen on paikalla jokainen arkip\u00e4iv\u00e4. Voit tulla k\u00e4ym\u00e4\u00e4n oven ollessa auki tai varata oman rauhallisen ajan s\u00e4hk\u00f6postitse <a href=\"mailto:piia.uronen@varha.fi\">piia.uronen@varha.fi<\/a> tai tekstiviestill\u00e4 0449074869.<\/p>\n<p>Kuraattoripalvelut ovat opiskelijalle luottamuksellisia, vapaaehtoisia ja maksuttomia.<\/p>\n<p>Kuraattoripalvelut ovat lakis\u00e4\u00e4teisi\u00e4 ja osa sosiaalihuollon palveluita.<\/p>\n<p>Kuraattority\u00f6t\u00e4 ohjaa lains\u00e4\u00e4d\u00e4nt\u00f6 (oppilas- ja opiskelijahuoltolaki, lukiolaki, lastensuojelu- ja sosiaalihuoltolaki, laki sosiaalihuollon asiakkaan asemasta ja oikeudesta).<\/p>\n<p><strong>kuraattori Piia Uronen\u00a0 \u00a0 \u00a0 <\/strong>piia.uronen@varha.fi\u00a0 \u00a0 \u00a0 \u00a0 \u00a0 \u00a0 \u00a0 \u00a0 \u00a0 \u00a0p: 044 907 4869<\/p>\n","protected":false},"excerpt":{"rendered":"<p>Koulukuraattori kohtaa opiskelijoita kaikenlaisissa opiskeluarkeen, hyvinvointiin ja el\u00e4m\u00e4ntaitoihin liittyviss\u00e4 asioissa. Opiskelija voi tulla kuraattorin luokse keskustelemaan esimerkiksi seuraaviin teemoihin liittyen hyvinvoiva arki opintojen sujuminen ja toimintakyky el\u00e4m\u00e4nmuutokset ja menetykset itsetuntemus itsen\u00e4istymiseen liittyv\u00e4t asiat ty\u00f6nteko ja toimeentulo sosiaaliset suhteet jaksaminen, stressi ja kuormittuneisuuden kokemus yksin\u00e4isyyden tai turvattomuuden kokemukset konfliktitilanteet. Ohjaus, neuvonta ja konsultointi Kuraattori voi ohjata &hellip; <a href=\"https:\/\/blog.edu.turku.fi\/tsyk\/kuraattori\/\" class=\"more-link\">Jatka artikkeliin <span class=\"screen-reader-text\">Lukiokuraattori<\/span><\/a><\/p>\n","protected":false},"author":182,"featured_media":0,"parent":0,"menu_order":0,"comment_status":"closed","ping_status":"closed","template":"","meta":{"footnotes":""},"class_list":["post-289","page","type-page","status-publish","hentry"],"_links":{"self":[{"href":"https:\/\/blog.edu.turku.fi\/tsyk\/wp-json\/wp\/v2\/pages\/289","targetHints":{"allow":["GET"]}}],"collection":[{"href":"https:\/\/blog.edu.turku.fi\/tsyk\/wp-json\/wp\/v2\/pages"}],"about":[{"href":"https:\/\/blog.edu.turku.fi\/tsyk\/wp-json\/wp\/v2\/types\/page"}],"author":[{"embeddable":true,"href":"https:\/\/blog.edu.turku.fi\/tsyk\/wp-json\/wp\/v2\/users\/182"}],"replies":[{"embeddable":true,"href":"https:\/\/blog.edu.turku.fi\/tsyk\/wp-json\/wp\/v2\/comments?post=289"}],"version-history":[{"count":7,"href":"https:\/\/blog.edu.turku.fi\/tsyk\/wp-json\/wp\/v2\/pages\/289\/revisions"}],"predecessor-version":[{"id":3275,"href":"https:\/\/blog.edu.turku.fi\/tsyk\/wp-json\/wp\/v2\/pages\/289\/revisions\/3275"}],"wp:attachment":[{"href":"https:\/\/blog.edu.turku.fi\/tsyk\/wp-json\/wp\/v2\/media?parent=289"}],"curies":[{"name":"wp","href":"https:\/\/api.w.org\/{rel}","templated":true}]}}