{"id":2698,"date":"2023-03-24T12:41:14","date_gmt":"2023-03-24T10:41:14","guid":{"rendered":"https:\/\/blog.edu.turku.fi\/tsyk\/?page_id=2698"},"modified":"2023-03-24T12:44:11","modified_gmt":"2023-03-24T10:44:11","slug":"lukio-opintojen-eteneminen","status":"publish","type":"page","link":"https:\/\/blog.edu.turku.fi\/tsyk\/lukio-opintojen-eteneminen\/","title":{"rendered":"Lukio-opintojen eteneminen"},"content":{"rendered":"<p>Lukuvuosi on jaettu viiteen periodiin, joiden aikana opiskellaan lukion tarjoamia oppiaineita. Jokaisen periodin lopussa annetaan arvosanat tai suoritusmerkinn\u00e4t, jotka n\u00e4kyv\u00e4t Wilmassa. Muuta erillist\u00e4 todistusta ei anneta ennen kuin lukion lopuksi. Wilmassa n\u00e4kyy opiskelijan opintojakso \/ kurssikertym\u00e4, jota kannattaa seurata. Opintojaksoja\/kursseja on lukion aikana valittava yhteens\u00e4 v\u00e4hint\u00e4\u00e4n 150\/75, yl\u00e4rajaa ei ole. Ensimm\u00e4isen\u00e4 vuonna on hyv\u00e4 kerrytt\u00e4\u00e4 noin 60-64 opintopistett\u00e4\/30-32 kurssia ja toisena samoin, jolloin viimeiselle vuodelle j\u00e4\u00e4 maksimissaan 30 opintopistett\u00e4\/15 kurssia. T\u00e4m\u00e4 tarkoittaa noin 12-14 opintopistett\u00e4\/ 6-7 kurssia periodia kohtaan.<\/p>\n<p>Wilmassa voi olla numeroarvosanojen lis\u00e4ksi kirjainmerkint\u00f6j\u00e4 T, K ja S. T eli t\u00e4ydennett\u00e4v\u00e4 tarkoittaa, ett\u00e4 teht\u00e4vi\u00e4 palauttamatta tai koe tekem\u00e4tt\u00e4. K eli keskeytetty tarkoittaa, ett\u00e4 opintojakso\/kurssi on opiskeltava uudelleen. S eli suoritettu tarkoittaa ett\u00e4 opintojakso\/kurssi on suoritettu. Opinnoissa ei tulisi olla T- ja K-merkint\u00f6j\u00e4.<\/p>\n<p>Jokaisen periodin j\u00e4lkeen j\u00e4rjestet\u00e4\u00e4n uusintakoe, jossa opiskelijan on mahdollista uusia hyl\u00e4tty opintojakso\/kurssi. Uusintakokeeseen saa osallistua, jos on saanut opintojaksosta\/kurssista hyl\u00e4tyn arvosanan (4), t\u00e4ydennett\u00e4v\u00e4n merkinn\u00e4n T tai jos on ollut varsinaisena koep\u00e4iv\u00e4n\u00e4 sairaana.<\/p>\n<p>Wilman kautta kotiv\u00e4ki saa tiet\u00e4\u00e4 opiskelijan menestyksest\u00e4 lukiossa. Jos Wilmassa on mielest\u00e4si h\u00e4lytt\u00e4vi\u00e4 merkkej\u00e4 tai ep\u00e4selvi\u00e4 kohtia, \u00e4l\u00e4 ep\u00e4r\u00f6i ottaa yhteytt\u00e4 ryhm\u00e4nohjaajaan.<\/p>\n","protected":false},"excerpt":{"rendered":"<p>Lukuvuosi on jaettu viiteen periodiin, joiden aikana opiskellaan lukion tarjoamia oppiaineita. Jokaisen periodin lopussa annetaan arvosanat tai suoritusmerkinn\u00e4t, jotka n\u00e4kyv\u00e4t Wilmassa. Muuta erillist\u00e4 todistusta ei anneta ennen kuin lukion lopuksi. Wilmassa n\u00e4kyy opiskelijan opintojakso \/ kurssikertym\u00e4, jota kannattaa seurata. Opintojaksoja\/kursseja on lukion aikana valittava yhteens\u00e4 v\u00e4hint\u00e4\u00e4n 150\/75, yl\u00e4rajaa ei ole. Ensimm\u00e4isen\u00e4 vuonna on hyv\u00e4 kerrytt\u00e4\u00e4 &hellip; <a href=\"https:\/\/blog.edu.turku.fi\/tsyk\/lukio-opintojen-eteneminen\/\" class=\"more-link\">Jatka artikkeliin <span class=\"screen-reader-text\">Lukio-opintojen eteneminen<\/span><\/a><\/p>\n","protected":false},"author":2565,"featured_media":0,"parent":0,"menu_order":0,"comment_status":"closed","ping_status":"closed","template":"","meta":{"footnotes":""},"class_list":["post-2698","page","type-page","status-publish","hentry"],"_links":{"self":[{"href":"https:\/\/blog.edu.turku.fi\/tsyk\/wp-json\/wp\/v2\/pages\/2698","targetHints":{"allow":["GET"]}}],"collection":[{"href":"https:\/\/blog.edu.turku.fi\/tsyk\/wp-json\/wp\/v2\/pages"}],"about":[{"href":"https:\/\/blog.edu.turku.fi\/tsyk\/wp-json\/wp\/v2\/types\/page"}],"author":[{"embeddable":true,"href":"https:\/\/blog.edu.turku.fi\/tsyk\/wp-json\/wp\/v2\/users\/2565"}],"replies":[{"embeddable":true,"href":"https:\/\/blog.edu.turku.fi\/tsyk\/wp-json\/wp\/v2\/comments?post=2698"}],"version-history":[{"count":3,"href":"https:\/\/blog.edu.turku.fi\/tsyk\/wp-json\/wp\/v2\/pages\/2698\/revisions"}],"predecessor-version":[{"id":2702,"href":"https:\/\/blog.edu.turku.fi\/tsyk\/wp-json\/wp\/v2\/pages\/2698\/revisions\/2702"}],"wp:attachment":[{"href":"https:\/\/blog.edu.turku.fi\/tsyk\/wp-json\/wp\/v2\/media?parent=2698"}],"curies":[{"name":"wp","href":"https:\/\/api.w.org\/{rel}","templated":true}]}}