{"id":2693,"date":"2023-03-24T12:28:52","date_gmt":"2023-03-24T10:28:52","guid":{"rendered":"https:\/\/blog.edu.turku.fi\/tsyk\/?page_id=2693"},"modified":"2023-03-24T12:30:39","modified_gmt":"2023-03-24T10:30:39","slug":"kotivaelle","status":"publish","type":"page","link":"https:\/\/blog.edu.turku.fi\/tsyk\/kotivaelle\/","title":{"rendered":"Kotiv\u00e4elle"},"content":{"rendered":"<p>Wilma on k\u00e4tev\u00e4 ty\u00f6kalu, jonka avulla huoltaja voi<br \/>\npit\u00e4\u00e4 yhteytt\u00e4 koulun henkil\u00f6kuntaan, kuten opettajiin, kansliaan ja opiskeluhuoltoon<\/p>\n<ul>\n<li>seurata opiskelijan opintojen etenemist\u00e4 ja arvosanoja<\/li>\n<li>seurata ja selvitt\u00e4\u00e4 opiskelijan poissaoloja<\/li>\n<li>katsoa opiskelijan lukuj\u00e4rjestyst\u00e4<\/li>\n<li>haetaan lupia anotaan poissaololupia<\/li>\n<\/ul>\n<p>Kun opiskelija t\u00e4ytt\u00e4\u00e4 18 vuotta, huoltajat eiv\u00e4t en\u00e4\u00e4 n\u00e4e opiskelijan asioita Wilmassa, ellei h\u00e4n ole antanut lupaa tietojen n\u00e4kymiseen. Lukiomme kannustaa opiskelijoita sallimaan tietojen n\u00e4kymisen vanhemmille.<\/p>\n<p>Kaikissa askarruttavissa asioissa kannattaa ottaa yhteytt\u00e4. Ryhm\u00e4nohjaaja on usein ensimm\u00e4inen henkil\u00f6, joka osaa auttaa, mutta my\u00f6s rehtorit, koulusihteerit ja opiskeluhuollon henkil\u00f6kunta auttavat omaan alaansa liittyviss\u00e4 asioissa.<\/p>\n<p>Ryhm\u00e4nohjaajan nimen ja tiedot l\u00f6yd\u00e4t Wilmasta. Tavoitat my\u00f6s parhaiten henkil\u00f6kuntamme Wilman kautta.<\/p>\n<p>Lukiomme kotisivujen\u00a0<a href=\"https:\/\/blog.edu.turku.fi\/tsyk\/files\/2022\/09\/30.9.2022-TSYK-kalenteri-2022-2023.pdf\">lukuvuoden kalenterista<\/a> l\u00f6yd\u00e4t tarkempia tietoja mm. tapahtumista, periodien ajankohdista sek\u00e4 arviointien valmistumisajankohdat.<\/p>\n","protected":false},"excerpt":{"rendered":"<p>Wilma on k\u00e4tev\u00e4 ty\u00f6kalu, jonka avulla huoltaja voi pit\u00e4\u00e4 yhteytt\u00e4 koulun henkil\u00f6kuntaan, kuten opettajiin, kansliaan ja opiskeluhuoltoon seurata opiskelijan opintojen etenemist\u00e4 ja arvosanoja seurata ja selvitt\u00e4\u00e4 opiskelijan poissaoloja katsoa opiskelijan lukuj\u00e4rjestyst\u00e4 haetaan lupia anotaan poissaololupia Kun opiskelija t\u00e4ytt\u00e4\u00e4 18 vuotta, huoltajat eiv\u00e4t en\u00e4\u00e4 n\u00e4e opiskelijan asioita Wilmassa, ellei h\u00e4n ole antanut lupaa tietojen n\u00e4kymiseen. Lukiomme &hellip; <a href=\"https:\/\/blog.edu.turku.fi\/tsyk\/kotivaelle\/\" class=\"more-link\">Jatka artikkeliin <span class=\"screen-reader-text\">Kotiv\u00e4elle<\/span><\/a><\/p>\n","protected":false},"author":2565,"featured_media":0,"parent":0,"menu_order":0,"comment_status":"closed","ping_status":"closed","template":"","meta":{"footnotes":""},"class_list":["post-2693","page","type-page","status-publish","hentry"],"_links":{"self":[{"href":"https:\/\/blog.edu.turku.fi\/tsyk\/wp-json\/wp\/v2\/pages\/2693","targetHints":{"allow":["GET"]}}],"collection":[{"href":"https:\/\/blog.edu.turku.fi\/tsyk\/wp-json\/wp\/v2\/pages"}],"about":[{"href":"https:\/\/blog.edu.turku.fi\/tsyk\/wp-json\/wp\/v2\/types\/page"}],"author":[{"embeddable":true,"href":"https:\/\/blog.edu.turku.fi\/tsyk\/wp-json\/wp\/v2\/users\/2565"}],"replies":[{"embeddable":true,"href":"https:\/\/blog.edu.turku.fi\/tsyk\/wp-json\/wp\/v2\/comments?post=2693"}],"version-history":[{"count":3,"href":"https:\/\/blog.edu.turku.fi\/tsyk\/wp-json\/wp\/v2\/pages\/2693\/revisions"}],"predecessor-version":[{"id":2697,"href":"https:\/\/blog.edu.turku.fi\/tsyk\/wp-json\/wp\/v2\/pages\/2693\/revisions\/2697"}],"wp:attachment":[{"href":"https:\/\/blog.edu.turku.fi\/tsyk\/wp-json\/wp\/v2\/media?parent=2693"}],"curies":[{"name":"wp","href":"https:\/\/api.w.org\/{rel}","templated":true}]}}