{"id":2523,"date":"2022-11-02T07:53:48","date_gmt":"2022-11-02T05:53:48","guid":{"rendered":"https:\/\/blog.edu.turku.fi\/tsyk\/?page_id=2523"},"modified":"2026-01-21T11:02:05","modified_gmt":"2026-01-21T09:02:05","slug":"ilmoittautuminen-kevaan-2023-yo-tutkintoon","status":"publish","type":"page","link":"https:\/\/blog.edu.turku.fi\/tsyk\/ilmoittautuminen-kevaan-2023-yo-tutkintoon\/","title":{"rendered":"Kev\u00e4\u00e4n 2026 YO-tulokset"},"content":{"rendered":"<p><strong>Ylioppilastutkintolautakunta julkistaa kev\u00e4\u00e4n 2026 ylioppilaskirjoitusten tulokset ti 12.5.2026. Tulokset siirtyv\u00e4t Wilmaan aamup\u00e4iv\u00e4n aikana.<\/strong><\/p>\n<p><strong><a href=\"https:\/\/www.ylioppilastutkinto.fi\/fi\/tutkinnon-suorittaminen\/oikaisuvaatimus\">YTL ja oikaisuvaatimusohjeet<\/a><\/strong><br \/>\n<strong>Miten teen oikaisuvaatimuksen <\/strong><a href=\"https:\/\/kokelas.ylioppilastutkinto.fi\/\" target=\"_blank\" rel=\"noopener\">kokelas.ylioppilastutkinto.fi<\/a>. Oikaisuvaatimuksen voi tehd\u00e4 14 p\u00e4iv\u00e4n kuluessa siit\u00e4, kun kokelaalla (ja alle 18-vuotiaan kokelaan huoltajalla) on ollut tilaisuus saada tieto arvostelun tuloksesta ja n\u00e4hd\u00e4 arvosteltu koesuorituksensa.<\/p>\n<p><strong>Oikaisuvaatimuksessa pit\u00e4\u00e4 kertoa:<\/strong><br \/>\n&#8211; mit\u00e4 kokeen teht\u00e4v\u00e4\u00e4, teht\u00e4vi\u00e4 tai muuta osaa arvostelusta vaatimus koskee<br \/>\n&#8211; mill\u00e4 tavalla arvostelua tulisi oikaista sek\u00e4 perustelut, joilla vaadit oikaisua<br \/>\n&#8211;\u00a0 voit tehd\u00e4 oikaisuvaatimuksen vain yhdest\u00e4 kokeesta samalla hakemuksella.<\/p>\n<p>Jos haluat vaatia oikaisua useaan kokeeseen, tulee jokaisesta tehd\u00e4 erillinen oikaisuvaatimus. Oikaisuvaatimuksen tekeminen maksaa 56 euroa. Maksu palautetaan, jos oikaisuvaatimus johtaa arvosanan tai pelk\u00e4n pistem\u00e4\u00e4r\u00e4n korottamiseen.<\/p>\n","protected":false},"excerpt":{"rendered":"<p>Ylioppilastutkintolautakunta julkistaa kev\u00e4\u00e4n 2026 ylioppilaskirjoitusten tulokset ti 12.5.2026. Tulokset siirtyv\u00e4t Wilmaan aamup\u00e4iv\u00e4n aikana. YTL ja oikaisuvaatimusohjeet Miten teen oikaisuvaatimuksen kokelas.ylioppilastutkinto.fi. Oikaisuvaatimuksen voi tehd\u00e4 14 p\u00e4iv\u00e4n kuluessa siit\u00e4, kun kokelaalla (ja alle 18-vuotiaan kokelaan huoltajalla) on ollut tilaisuus saada tieto arvostelun tuloksesta ja n\u00e4hd\u00e4 arvosteltu koesuorituksensa. Oikaisuvaatimuksessa pit\u00e4\u00e4 kertoa: &#8211; mit\u00e4 kokeen teht\u00e4v\u00e4\u00e4, teht\u00e4vi\u00e4 tai muuta &hellip; <a href=\"https:\/\/blog.edu.turku.fi\/tsyk\/ilmoittautuminen-kevaan-2023-yo-tutkintoon\/\" class=\"more-link\">Jatka artikkeliin <span class=\"screen-reader-text\">Kev\u00e4\u00e4n 2026 YO-tulokset<\/span><\/a><\/p>\n","protected":false},"author":2565,"featured_media":0,"parent":0,"menu_order":0,"comment_status":"closed","ping_status":"closed","template":"","meta":{"footnotes":""},"class_list":["post-2523","page","type-page","status-publish","hentry"],"_links":{"self":[{"href":"https:\/\/blog.edu.turku.fi\/tsyk\/wp-json\/wp\/v2\/pages\/2523","targetHints":{"allow":["GET"]}}],"collection":[{"href":"https:\/\/blog.edu.turku.fi\/tsyk\/wp-json\/wp\/v2\/pages"}],"about":[{"href":"https:\/\/blog.edu.turku.fi\/tsyk\/wp-json\/wp\/v2\/types\/page"}],"author":[{"embeddable":true,"href":"https:\/\/blog.edu.turku.fi\/tsyk\/wp-json\/wp\/v2\/users\/2565"}],"replies":[{"embeddable":true,"href":"https:\/\/blog.edu.turku.fi\/tsyk\/wp-json\/wp\/v2\/comments?post=2523"}],"version-history":[{"count":22,"href":"https:\/\/blog.edu.turku.fi\/tsyk\/wp-json\/wp\/v2\/pages\/2523\/revisions"}],"predecessor-version":[{"id":3756,"href":"https:\/\/blog.edu.turku.fi\/tsyk\/wp-json\/wp\/v2\/pages\/2523\/revisions\/3756"}],"wp:attachment":[{"href":"https:\/\/blog.edu.turku.fi\/tsyk\/wp-json\/wp\/v2\/media?parent=2523"}],"curies":[{"name":"wp","href":"https:\/\/api.w.org\/{rel}","templated":true}]}}