{"id":2511,"date":"2022-11-01T16:39:56","date_gmt":"2022-11-01T14:39:56","guid":{"rendered":"https:\/\/blog.edu.turku.fi\/tsyk\/?page_id=2511"},"modified":"2025-09-02T10:47:07","modified_gmt":"2025-09-02T07:47:07","slug":"hakuajat","status":"publish","type":"page","link":"https:\/\/blog.edu.turku.fi\/tsyk\/hakuajat\/","title":{"rendered":"Haku korkeakouluihin ja hakuajat"},"content":{"rendered":"<div class=\"MuiTypography-root MuiTypography-body1 MuiTypography-paragraph css-1unjrel\">\n<p>Voit hakea korkeakouluopintoihin korkeakoulujen yhteishaussa. Kev\u00e4\u00e4ll\u00e4 yhteishakuja on kaksi ja syksyll\u00e4 yksi. Lis\u00e4ksi korkeakouluilla on erillishakuja ja siirtohakuja.<\/p>\n<\/div>\n<div>\n<p id=\"korkeakoulujen-kevaan-2025-ensimmainen-yhteishaku\" class=\"MuiTypography-root MuiTypography-h4 MuiTypography-gutterBottom css-10yqocg\"><strong><a href=\"https:\/\/opintopolku.fi\/konfo\/fi\/sivu\/hakuaikataulut#haku-korkeakouluihin\">Opintopolku: haku korkeakouluihin<\/a><\/strong><\/p>\n<p><strong>Korkeakoulujen syksyn 2025 yhteishaku<br \/>\n<\/strong>Syksyn yhteishaussa haetaan korkeakoulujen kev\u00e4\u00e4ll\u00e4 2026 alkaviin koulutuksiin.<\/p>\n<div class=\"MuiTypography-root MuiTypography-body1 MuiTypography-paragraph css-1unjrel\"><strong>Hakuaika: 1.9.2025 klo 8.00 \u2013 11.9.2025 klo 15.00.<\/strong><\/div>\n<div class=\"MuiTypography-root MuiTypography-body1 MuiTypography-paragraph css-1unjrel\"><strong>T\u00e4rkeit\u00e4 p\u00e4iv\u00e4m\u00e4\u00e4ri\u00e4:<\/strong><\/div>\n<div class=\"MuiTypography-root MuiTypography-body1 MuiTypography-paragraph css-1unjrel\">&#8211; saat tiet\u00e4\u00e4 valintojen tulokset viimeist\u00e4\u00e4n 20.11.2025.<br \/>\n&#8211; ota opiskelupaikkasi vastaan ennen 27.11.2025 klo 15.00.<\/div>\n<div class=\"MuiTypography-root MuiTypography-body1 MuiTypography-paragraph css-1unjrel\">\n<p>&#8211; varasijoilta hyv\u00e4ksyminen p\u00e4\u00e4ttyy 8.12.2025 klo 15.00.<\/p>\n<p><strong>Korkeakoulujen lis\u00e4haut<br \/>\n<\/strong>Korkeakoulut voivat j\u00e4rjest\u00e4\u00e4 lis\u00e4hakuja korkeakouluhauissa vapaaksi j\u00e4\u00e4neille paikoille vapaasti.<\/p>\n<\/div>\n<\/div>\n<div>\n<p><strong><strong>Vuoden 2026 yhteishakujen hakuaikataulut<\/strong><\/strong><\/p>\n<p><strong>Kev\u00e4\u00e4n 2026 ensimm\u00e4inen yhteishaku<br \/>\nHakuaika: 7.1.2026 klo 8.00 \u2013 21.1.2026 klo 15.00.<\/strong><br \/>\n<strong>T\u00e4rkeit\u00e4 p\u00e4iv\u00e4m\u00e4\u00e4ri\u00e4<\/strong><br \/>\nValintojen tulokset ilmoitetaan hakijoille viimeist\u00e4\u00e4n 27.5.2026.<br \/>\nHakijan on vastaanotettava opiskelupaikka ennen to 9.7.2026 klo 15.00.<br \/>\nVarasijoilta hyv\u00e4ksyminen p\u00e4\u00e4ttyy 4.8.2026 klo 15.00.<\/p>\n<p><strong>Kev\u00e4\u00e4n 2026 toinen yhteishaku<br \/>\nHakuaika: 10.3.2026 klo 8.00 \u2013 24.3.2026 klo 15.00.<\/strong><br \/>\n<strong>T\u00e4rkeit\u00e4 p\u00e4iv\u00e4m\u00e4\u00e4ri\u00e4<br \/>\n<\/strong>Todistusvalintojen osalta hakijat saavat valinnan tulokset viimeist\u00e4\u00e4n 25.5.2026.<br \/>\nValintojen tulokset hakijoille viimeist\u00e4\u00e4n 2.7.2026.<br \/>\nHakijan on vastaanotettava opiskelupaikka ennen to 9.7.2026 klo 15.00.<br \/>\nVarasijoilta hyv\u00e4ksyminen p\u00e4\u00e4ttyy 4.8.2026 klo 15.00.<\/p>\n<\/div>\n<h5 id=\"vuoden-2026-yhteishakujen-hakuaikataulut\" class=\"MuiTypography-root MuiTypography-h3 MuiTypography-gutterBottom css-1ifrb5w\"><\/h5>\n","protected":false},"excerpt":{"rendered":"<p>Voit hakea korkeakouluopintoihin korkeakoulujen yhteishaussa. Kev\u00e4\u00e4ll\u00e4 yhteishakuja on kaksi ja syksyll\u00e4 yksi. Lis\u00e4ksi korkeakouluilla on erillishakuja ja siirtohakuja. Opintopolku: haku korkeakouluihin Korkeakoulujen syksyn 2025 yhteishaku Syksyn yhteishaussa haetaan korkeakoulujen kev\u00e4\u00e4ll\u00e4 2026 alkaviin koulutuksiin. Hakuaika: 1.9.2025 klo 8.00 \u2013 11.9.2025 klo 15.00. T\u00e4rkeit\u00e4 p\u00e4iv\u00e4m\u00e4\u00e4ri\u00e4: &#8211; saat tiet\u00e4\u00e4 valintojen tulokset viimeist\u00e4\u00e4n 20.11.2025. &#8211; ota opiskelupaikkasi vastaan ennen &hellip; <a href=\"https:\/\/blog.edu.turku.fi\/tsyk\/hakuajat\/\" class=\"more-link\">Jatka artikkeliin <span class=\"screen-reader-text\">Haku korkeakouluihin ja hakuajat<\/span><\/a><\/p>\n","protected":false},"author":2565,"featured_media":0,"parent":0,"menu_order":0,"comment_status":"closed","ping_status":"closed","template":"","meta":{"footnotes":""},"class_list":["post-2511","page","type-page","status-publish","hentry"],"_links":{"self":[{"href":"https:\/\/blog.edu.turku.fi\/tsyk\/wp-json\/wp\/v2\/pages\/2511","targetHints":{"allow":["GET"]}}],"collection":[{"href":"https:\/\/blog.edu.turku.fi\/tsyk\/wp-json\/wp\/v2\/pages"}],"about":[{"href":"https:\/\/blog.edu.turku.fi\/tsyk\/wp-json\/wp\/v2\/types\/page"}],"author":[{"embeddable":true,"href":"https:\/\/blog.edu.turku.fi\/tsyk\/wp-json\/wp\/v2\/users\/2565"}],"replies":[{"embeddable":true,"href":"https:\/\/blog.edu.turku.fi\/tsyk\/wp-json\/wp\/v2\/comments?post=2511"}],"version-history":[{"count":10,"href":"https:\/\/blog.edu.turku.fi\/tsyk\/wp-json\/wp\/v2\/pages\/2511\/revisions"}],"predecessor-version":[{"id":3659,"href":"https:\/\/blog.edu.turku.fi\/tsyk\/wp-json\/wp\/v2\/pages\/2511\/revisions\/3659"}],"wp:attachment":[{"href":"https:\/\/blog.edu.turku.fi\/tsyk\/wp-json\/wp\/v2\/media?parent=2511"}],"curies":[{"name":"wp","href":"https:\/\/api.w.org\/{rel}","templated":true}]}}