{"id":2394,"date":"2022-10-25T16:05:04","date_gmt":"2022-10-25T13:05:04","guid":{"rendered":"https:\/\/blog.edu.turku.fi\/tsyk\/?page_id=2394"},"modified":"2025-09-01T11:46:20","modified_gmt":"2025-09-01T08:46:20","slug":"oppivelvollisuuslukio-ja-ylioppilaskokeet","status":"publish","type":"page","link":"https:\/\/blog.edu.turku.fi\/tsyk\/oppivelvollisuuslukio-ja-ylioppilaskokeet\/","title":{"rendered":"Oppivelvollisuuslukio ja ylioppilaskokeet"},"content":{"rendered":"<h2><a name=\"_Toc118115432\"><\/a>Kokeiden suorittamien ilman maksua (koskee lukion 2021 tai sen j\u00e4lkeen aloittaneita)<\/h2>\n<p><strong>Oikeus maksuttomiin ylioppilaskokeisiin alkaa ensimm\u00e4isen\u00e4 niill\u00e4 kokelailla, jotka siirtyv\u00e4t syksyll\u00e4 2021 perusopetuksesta suoraan lukioon ilman v\u00e4livuosia. <\/strong><\/p>\n<p><strong>Kokelas voi ilmoittautua maksuttomasti viiteen ensimm\u00e4iseen kokeeseen<\/strong>. Seuraavista kokeista perit\u00e4\u00e4n maksu. Jos kokelas ilmoittautuu saman tutkintokerran aikana useaan kokeeseen siten, ett\u00e4 suoritettavia kokeita tulee yhteens\u00e4 enemm\u00e4n kuin viisi, kokelas valitsee, mitk\u00e4 sen tutkintokerran kokeista h\u00e4n suorittaa maksuttomasti. (L502\/2019, 20\u00a7)<\/p>\n<p>Jos kokelas saa maksuttomasti suoritetusta kokeesta hyl\u00e4tyn arvosanan, h\u00e4n saa uusia kokeen ilman maksua (L502\/2019, 20\u00a7). Hyl\u00e4tyn kokeen uusiminen ilman maksua ei ole mahdollista seuraavista tapauksissa:<br \/>\n&#8211; kokelaan koe on hyl\u00e4tty, koska kokelas on j\u00e4tt\u00e4nyt saapumatta koetilaisuuteen<br \/>\n&#8211; kokelaan koe on hyl\u00e4tty, koska kokelas ei j\u00e4tt\u00e4nyt koesuoritusta arvosteltavaksi<br \/>\n&#8211; kokelaan koe on hyl\u00e4tty vilpin tai koetilaisuuden j\u00e4rjestyksen h\u00e4iritsemisen vuoksi.<\/p>\n<p><strong>Hyv\u00e4ksytyn kokeen uusimisesta perit\u00e4\u00e4n aina maksu. Ylioppilastutkinnon valmistumisen j\u00e4lkeen kokeista perit\u00e4\u00e4n aina maksu.<\/strong> <a href=\"https:\/\/www.ylioppilastutkinto.fi\/fi\/tutkinnon-toimeenpano\/maaraykset-ja-ohjeet\">Ylioppilastutkintolautakunta, Yleiset m\u00e4\u00e4r\u00e4ykset ja ohjeet 9.6.2025<\/a><\/p>\n<p><a href=\"https:\/\/www.ylioppilastutkinto.fi\/fi\/tutkinnon-suorittaminen\/tutkinnon-rakenne\">Ylioppilastutkinto, Kev\u00e4\u00e4n 2022 tutkintouudistus <\/a><\/p>\n","protected":false},"excerpt":{"rendered":"<p>Kokeiden suorittamien ilman maksua (koskee lukion 2021 tai sen j\u00e4lkeen aloittaneita) Oikeus maksuttomiin ylioppilaskokeisiin alkaa ensimm\u00e4isen\u00e4 niill\u00e4 kokelailla, jotka siirtyv\u00e4t syksyll\u00e4 2021 perusopetuksesta suoraan lukioon ilman v\u00e4livuosia. Kokelas voi ilmoittautua maksuttomasti viiteen ensimm\u00e4iseen kokeeseen. Seuraavista kokeista perit\u00e4\u00e4n maksu. Jos kokelas ilmoittautuu saman tutkintokerran aikana useaan kokeeseen siten, ett\u00e4 suoritettavia kokeita tulee yhteens\u00e4 enemm\u00e4n kuin viisi, &hellip; <a href=\"https:\/\/blog.edu.turku.fi\/tsyk\/oppivelvollisuuslukio-ja-ylioppilaskokeet\/\" class=\"more-link\">Jatka artikkeliin <span class=\"screen-reader-text\">Oppivelvollisuuslukio ja ylioppilaskokeet<\/span><\/a><\/p>\n","protected":false},"author":2565,"featured_media":0,"parent":0,"menu_order":0,"comment_status":"closed","ping_status":"closed","template":"","meta":{"footnotes":""},"class_list":["post-2394","page","type-page","status-publish","hentry"],"_links":{"self":[{"href":"https:\/\/blog.edu.turku.fi\/tsyk\/wp-json\/wp\/v2\/pages\/2394","targetHints":{"allow":["GET"]}}],"collection":[{"href":"https:\/\/blog.edu.turku.fi\/tsyk\/wp-json\/wp\/v2\/pages"}],"about":[{"href":"https:\/\/blog.edu.turku.fi\/tsyk\/wp-json\/wp\/v2\/types\/page"}],"author":[{"embeddable":true,"href":"https:\/\/blog.edu.turku.fi\/tsyk\/wp-json\/wp\/v2\/users\/2565"}],"replies":[{"embeddable":true,"href":"https:\/\/blog.edu.turku.fi\/tsyk\/wp-json\/wp\/v2\/comments?post=2394"}],"version-history":[{"count":9,"href":"https:\/\/blog.edu.turku.fi\/tsyk\/wp-json\/wp\/v2\/pages\/2394\/revisions"}],"predecessor-version":[{"id":3652,"href":"https:\/\/blog.edu.turku.fi\/tsyk\/wp-json\/wp\/v2\/pages\/2394\/revisions\/3652"}],"wp:attachment":[{"href":"https:\/\/blog.edu.turku.fi\/tsyk\/wp-json\/wp\/v2\/media?parent=2394"}],"curies":[{"name":"wp","href":"https:\/\/api.w.org\/{rel}","templated":true}]}}