{"id":1828,"date":"2021-06-15T11:42:18","date_gmt":"2021-06-15T08:42:18","guid":{"rendered":"https:\/\/blog.edu.turku.fi\/tsyk\/?page_id=1828"},"modified":"2025-09-10T09:31:24","modified_gmt":"2025-09-10T06:31:24","slug":"kotivaen-illat-lukuvuonna-2021-2022","status":"publish","type":"page","link":"https:\/\/blog.edu.turku.fi\/tsyk\/kotivaen-illat-lukuvuonna-2021-2022\/","title":{"rendered":"Kotiv\u00e4enillat lukuvuonna 2025 &#8211; 2026"},"content":{"rendered":"<p><strong>Ensimm\u00e4isen vuositason huoltajien kotiv\u00e4enilta ke 22.10.2025 klo 17.00.<\/strong><\/p>\n<p><strong>Toisen vuositason huoltajien kotiv\u00e4enilta ke 5.11.2025 klo 17.00.<\/strong><br \/>\n<strong><br \/>\nAbiturienttien ja jatkavien huoltajien kotiv\u00e4enilta ti 11.11.2025 klo 17.00.<\/strong><\/p>\n<p><strong>Toisen vuositason kotiv\u00e4enilta ja Wanhat tanssit to 12.2.2026.<\/strong><\/p>\n<p>Kutsut tilaisuuksiin tulevat l\u00e4hemp\u00e4n\u00e4 ajankohtia Wilmassa.<\/p>\n","protected":false},"excerpt":{"rendered":"<p>Ensimm\u00e4isen vuositason huoltajien kotiv\u00e4enilta ke 22.10.2025 klo 17.00. Toisen vuositason huoltajien kotiv\u00e4enilta ke 5.11.2025 klo 17.00. Abiturienttien ja jatkavien huoltajien kotiv\u00e4enilta ti 11.11.2025 klo 17.00. Toisen vuositason kotiv\u00e4enilta ja Wanhat tanssit to 12.2.2026. Kutsut tilaisuuksiin tulevat l\u00e4hemp\u00e4n\u00e4 ajankohtia Wilmassa.<\/p>\n","protected":false},"author":2565,"featured_media":0,"parent":0,"menu_order":0,"comment_status":"closed","ping_status":"closed","template":"","meta":{"footnotes":""},"class_list":["post-1828","page","type-page","status-publish","hentry"],"_links":{"self":[{"href":"https:\/\/blog.edu.turku.fi\/tsyk\/wp-json\/wp\/v2\/pages\/1828","targetHints":{"allow":["GET"]}}],"collection":[{"href":"https:\/\/blog.edu.turku.fi\/tsyk\/wp-json\/wp\/v2\/pages"}],"about":[{"href":"https:\/\/blog.edu.turku.fi\/tsyk\/wp-json\/wp\/v2\/types\/page"}],"author":[{"embeddable":true,"href":"https:\/\/blog.edu.turku.fi\/tsyk\/wp-json\/wp\/v2\/users\/2565"}],"replies":[{"embeddable":true,"href":"https:\/\/blog.edu.turku.fi\/tsyk\/wp-json\/wp\/v2\/comments?post=1828"}],"version-history":[{"count":14,"href":"https:\/\/blog.edu.turku.fi\/tsyk\/wp-json\/wp\/v2\/pages\/1828\/revisions"}],"predecessor-version":[{"id":3673,"href":"https:\/\/blog.edu.turku.fi\/tsyk\/wp-json\/wp\/v2\/pages\/1828\/revisions\/3673"}],"wp:attachment":[{"href":"https:\/\/blog.edu.turku.fi\/tsyk\/wp-json\/wp\/v2\/media?parent=1828"}],"curies":[{"name":"wp","href":"https:\/\/api.w.org\/{rel}","templated":true}]}}