{"id":1690,"date":"2021-05-17T12:40:22","date_gmt":"2021-05-17T09:40:22","guid":{"rendered":"https:\/\/blog.edu.turku.fi\/tsyk\/?page_id=1690"},"modified":"2021-05-17T12:40:42","modified_gmt":"2021-05-17T09:40:42","slug":"kevaan-2021-ylioppilaskirjoitusten-tulokset-ja-ilmoittautuminen-syksyn-2021-ylioppilastutkintoon","status":"publish","type":"page","link":"https:\/\/blog.edu.turku.fi\/tsyk\/kevaan-2021-ylioppilaskirjoitusten-tulokset-ja-ilmoittautuminen-syksyn-2021-ylioppilastutkintoon\/","title":{"rendered":"Kev\u00e4\u00e4n 2021 ylioppilaskirjoitusten tulokset ja ilmoittautuminen syksyn 2021 ylioppilastutkintoon"},"content":{"rendered":"<p>Kev\u00e4\u00e4n 2021 ylioppilaskirjoitusten tulokset julkaistaan huomenna Wilmassa aamup\u00e4iv\u00e4n aikana.<\/p>\n<p><strong class=\"wilma\"><u class=\"wilma\">Kev\u00e4\u00e4ll\u00e4 2020 ylioppilaaksi valmistuvat ovat s\u00e4hk\u00f6postitse yhteydess\u00e4 koulusihteeriin (maisa.lehvanen@turku.fi).<br \/>\n<\/u><\/strong><u class=\"wilma\">Koulusihteeri ohjeistaa, miten ilmoittautuminen syksyn 2020 yo-kirjoituksiin tapahtuu. <\/u><strong class=\"wilma\"><u class=\"wilma\">Kokeisiin on ilmoittauduttava viimeist\u00e4\u00e4n ma 7.6.2021 12.00 menness\u00e4.<br \/>\n<\/u><\/strong><br class=\"wilma\" \/><strong class=\"wilma\">Aiempina vuosina TSYKin lukiosta valmistuneet ylioppilaat <\/strong>ovat ilmoittautumisesta\u00e4 syksyn tutkintoon yhteydess\u00e4 koulusihteeriin (maisa.lehvanen@turku.fi) s\u00e4hk\u00f6postitse saadakseen toimintaohjeet. Ilmoittautuminen p\u00e4\u00e4ttyy ma 7.6. klo 12.00.<\/p>\n<p><strong>TSYKin 18J sek\u00e4 19-ryhmien opiskelijat:<\/strong> <strong>ilmoittautuminen syksyn 2021 YO<\/strong>&#8211;<strong>tutkintoon Wilmassa on teht\u00e4v\u00e4 viimeist\u00e4\u00e4n su 23.05.2021klo 16.00 menness\u00e4.<\/strong><\/p>\n<p>Tulokset ja kokelaan arvostellut koesuoritukset annetaan kokelaalle ja alle 18-vuotiaan kokelaan huoltajalle n\u00e4ht\u00e4v\u00e4ksi Opetushallituksen <a href=\"https:\/\/opintopolku.fi\/oma-opintopolku\/\" target=\"_blank\" rel=\"noopener\">Oma Opintopolku \u2013palvelussa<\/a> keskiviikkona 19.5.2021 klo 9.00 alkaen. Alustavan arvostelun suorittaneet opettajat ja rehtorit n\u00e4kev\u00e4t suoritukset lautakunnan arvostelupalvelussa samasta ajankohdasta alkaen.<\/p>\n<p><strong class=\"wilma\"><a href=\"https:\/\/www.ylioppilastutkinto.fi\/ylioppilastutkinto\/oikaisuvaatimus\"> Ohjeet oikaisuvaatimuksen tekemiseen l\u00f6ytyv\u00e4t lautakunnan verkkosivuilta.<\/a><br \/>\n<\/strong><\/p>\n<p>&nbsp;<\/p>\n<p>&nbsp;<\/p>\n<p>&nbsp;<\/p>\n<p><strong>\u00a0<\/strong><\/p>\n<p>&nbsp;<\/p>\n<p><a href=\"https:\/\/www.ylioppilastutkinto.fi\/ylioppilastutkinto\/koepaivat\/syksyn-2021-koepaivat\">Syksyn 2021 ylioppilaskoep\u00e4iv\u00e4t<\/a><\/p>\n","protected":false},"excerpt":{"rendered":"<p>Kev\u00e4\u00e4n 2021 ylioppilaskirjoitusten tulokset julkaistaan huomenna Wilmassa aamup\u00e4iv\u00e4n aikana. Kev\u00e4\u00e4ll\u00e4 2020 ylioppilaaksi valmistuvat ovat s\u00e4hk\u00f6postitse yhteydess\u00e4 koulusihteeriin (maisa.lehvanen@turku.fi). Koulusihteeri ohjeistaa, miten ilmoittautuminen syksyn 2020 yo-kirjoituksiin tapahtuu. Kokeisiin on ilmoittauduttava viimeist\u00e4\u00e4n ma 7.6.2021 12.00 menness\u00e4. Aiempina vuosina TSYKin lukiosta valmistuneet ylioppilaat ovat ilmoittautumisesta\u00e4 syksyn tutkintoon yhteydess\u00e4 koulusihteeriin (maisa.lehvanen@turku.fi) s\u00e4hk\u00f6postitse saadakseen toimintaohjeet. Ilmoittautuminen p\u00e4\u00e4ttyy ma 7.6. klo &hellip; <a href=\"https:\/\/blog.edu.turku.fi\/tsyk\/kevaan-2021-ylioppilaskirjoitusten-tulokset-ja-ilmoittautuminen-syksyn-2021-ylioppilastutkintoon\/\" class=\"more-link\">Jatka artikkeliin <span class=\"screen-reader-text\">Kev\u00e4\u00e4n 2021 ylioppilaskirjoitusten tulokset ja ilmoittautuminen syksyn 2021 ylioppilastutkintoon<\/span><\/a><\/p>\n","protected":false},"author":2565,"featured_media":0,"parent":0,"menu_order":0,"comment_status":"closed","ping_status":"closed","template":"","meta":{"footnotes":""},"class_list":["post-1690","page","type-page","status-publish","hentry"],"_links":{"self":[{"href":"https:\/\/blog.edu.turku.fi\/tsyk\/wp-json\/wp\/v2\/pages\/1690","targetHints":{"allow":["GET"]}}],"collection":[{"href":"https:\/\/blog.edu.turku.fi\/tsyk\/wp-json\/wp\/v2\/pages"}],"about":[{"href":"https:\/\/blog.edu.turku.fi\/tsyk\/wp-json\/wp\/v2\/types\/page"}],"author":[{"embeddable":true,"href":"https:\/\/blog.edu.turku.fi\/tsyk\/wp-json\/wp\/v2\/users\/2565"}],"replies":[{"embeddable":true,"href":"https:\/\/blog.edu.turku.fi\/tsyk\/wp-json\/wp\/v2\/comments?post=1690"}],"version-history":[{"count":4,"href":"https:\/\/blog.edu.turku.fi\/tsyk\/wp-json\/wp\/v2\/pages\/1690\/revisions"}],"predecessor-version":[{"id":1697,"href":"https:\/\/blog.edu.turku.fi\/tsyk\/wp-json\/wp\/v2\/pages\/1690\/revisions\/1697"}],"wp:attachment":[{"href":"https:\/\/blog.edu.turku.fi\/tsyk\/wp-json\/wp\/v2\/media?parent=1690"}],"curies":[{"name":"wp","href":"https:\/\/api.w.org\/{rel}","templated":true}]}}