{"id":1425,"date":"2020-10-30T13:26:08","date_gmt":"2020-10-30T11:26:08","guid":{"rendered":"https:\/\/blog.edu.turku.fi\/tsyk\/?page_id=1425"},"modified":"2022-10-25T15:57:58","modified_gmt":"2022-10-25T12:57:58","slug":"ilmoittautuminen-kevaan-2020-ylioppilastutkintoon","status":"publish","type":"page","link":"https:\/\/blog.edu.turku.fi\/tsyk\/ilmoittautuminen-kevaan-2020-ylioppilastutkintoon\/","title":{"rendered":"Syksyn 2022 ylioppilaskirjoitusten tulokset 10.11.2022"},"content":{"rendered":"<p><a href=\"https:\/\/www.ylioppilastutkinto.fi\/ylioppilastutkinto\/koepaivat\/syksyn-2022-koepaivat\">Syksyn 2022 YO-kirjoitusp\u00e4iv\u00e4t<\/a><\/p>\n<p><a href=\"https:\/\/www.ylioppilastutkinto.fi\/ylioppilastutkinto\/tulokset-ja-koesuoritukset\">Syksyn 2022 ylioppilastutkinnon tulokset julkaistaan 10.11.2022.<\/a><br \/>\nLukion opiskelijat l\u00f6yt\u00e4v\u00e4t ylioppilaskirjoitusten tulokset Wilmasta aamup\u00e4iv\u00e4n aikana.<\/p>\n<p>Voit tehd\u00e4\u00a0<a href=\"https:\/\/www.ylioppilastutkinto.fi\/ylioppilastutkinto\/oikaisuvaatimus\">oikaisuvaatimuksen<\/a> vain yhdest\u00e4 kokeesta samalla hakemuksella. Jos haluat vaatia oikaisua useaan kokeeseen, tulee jokaisesta tehd\u00e4 erillinen oikaisuvaatimus. Oikaisuvaatimuksen tekeminen maksaa 50 euroa. Maksu palautetaan, jos oikaisuvaatimus johtaa arvosanan tai pelk\u00e4n pistem\u00e4\u00e4r\u00e4n korottamiseen.<\/p>\n","protected":false},"excerpt":{"rendered":"<p>Syksyn 2022 YO-kirjoitusp\u00e4iv\u00e4t Syksyn 2022 ylioppilastutkinnon tulokset julkaistaan 10.11.2022. Lukion opiskelijat l\u00f6yt\u00e4v\u00e4t ylioppilaskirjoitusten tulokset Wilmasta aamup\u00e4iv\u00e4n aikana. Voit tehd\u00e4\u00a0oikaisuvaatimuksen vain yhdest\u00e4 kokeesta samalla hakemuksella. Jos haluat vaatia oikaisua useaan kokeeseen, tulee jokaisesta tehd\u00e4 erillinen oikaisuvaatimus. Oikaisuvaatimuksen tekeminen maksaa 50 euroa. Maksu palautetaan, jos oikaisuvaatimus johtaa arvosanan tai pelk\u00e4n pistem\u00e4\u00e4r\u00e4n korottamiseen.<\/p>\n","protected":false},"author":2565,"featured_media":0,"parent":0,"menu_order":0,"comment_status":"closed","ping_status":"closed","template":"","meta":{"footnotes":""},"class_list":["post-1425","page","type-page","status-publish","hentry"],"_links":{"self":[{"href":"https:\/\/blog.edu.turku.fi\/tsyk\/wp-json\/wp\/v2\/pages\/1425","targetHints":{"allow":["GET"]}}],"collection":[{"href":"https:\/\/blog.edu.turku.fi\/tsyk\/wp-json\/wp\/v2\/pages"}],"about":[{"href":"https:\/\/blog.edu.turku.fi\/tsyk\/wp-json\/wp\/v2\/types\/page"}],"author":[{"embeddable":true,"href":"https:\/\/blog.edu.turku.fi\/tsyk\/wp-json\/wp\/v2\/users\/2565"}],"replies":[{"embeddable":true,"href":"https:\/\/blog.edu.turku.fi\/tsyk\/wp-json\/wp\/v2\/comments?post=1425"}],"version-history":[{"count":26,"href":"https:\/\/blog.edu.turku.fi\/tsyk\/wp-json\/wp\/v2\/pages\/1425\/revisions"}],"predecessor-version":[{"id":2387,"href":"https:\/\/blog.edu.turku.fi\/tsyk\/wp-json\/wp\/v2\/pages\/1425\/revisions\/2387"}],"wp:attachment":[{"href":"https:\/\/blog.edu.turku.fi\/tsyk\/wp-json\/wp\/v2\/media?parent=1425"}],"curies":[{"name":"wp","href":"https:\/\/api.w.org\/{rel}","templated":true}]}}