{"id":12,"date":"2018-10-15T08:55:33","date_gmt":"2018-10-15T05:55:33","guid":{"rendered":"https:\/\/blog.edu.turku.fi\/tsyk\/?page_id=12"},"modified":"2022-08-25T14:58:10","modified_gmt":"2022-08-25T11:58:10","slug":"laskutusosoite","status":"publish","type":"page","link":"https:\/\/blog.edu.turku.fi\/tsyk\/laskutusosoite\/","title":{"rendered":"Laskutusosoite"},"content":{"rendered":"<p>&nbsp;<\/p>\n<p>Turun kaupunki<br \/>\nKasvatus- ja opetus, Turun Suomalaisen Yhteiskoulun lukio<br \/>\nVerkkolaskuosoite: 00370204819800100<br \/>\nVerkkolaskuoperaattori: CGI<br \/>\nV\u00e4litt\u00e4j\u00e4tunnus: 003703575029<\/p>\n<p><a href=\"https:\/\/www.turku.fi\/laskuttaminen\">Turun kaupungin laskutusosoitteet ja -ohjeet<\/a><\/p>\n","protected":false},"excerpt":{"rendered":"<p>&nbsp; Turun kaupunki Kasvatus- ja opetus, Turun Suomalaisen Yhteiskoulun lukio Verkkolaskuosoite: 00370204819800100 Verkkolaskuoperaattori: CGI V\u00e4litt\u00e4j\u00e4tunnus: 003703575029 Turun kaupungin laskutusosoitteet ja -ohjeet<\/p>\n","protected":false},"author":182,"featured_media":0,"parent":0,"menu_order":0,"comment_status":"closed","ping_status":"closed","template":"","meta":{"footnotes":""},"class_list":["post-12","page","type-page","status-publish","hentry"],"_links":{"self":[{"href":"https:\/\/blog.edu.turku.fi\/tsyk\/wp-json\/wp\/v2\/pages\/12","targetHints":{"allow":["GET"]}}],"collection":[{"href":"https:\/\/blog.edu.turku.fi\/tsyk\/wp-json\/wp\/v2\/pages"}],"about":[{"href":"https:\/\/blog.edu.turku.fi\/tsyk\/wp-json\/wp\/v2\/types\/page"}],"author":[{"embeddable":true,"href":"https:\/\/blog.edu.turku.fi\/tsyk\/wp-json\/wp\/v2\/users\/182"}],"replies":[{"embeddable":true,"href":"https:\/\/blog.edu.turku.fi\/tsyk\/wp-json\/wp\/v2\/comments?post=12"}],"version-history":[{"count":11,"href":"https:\/\/blog.edu.turku.fi\/tsyk\/wp-json\/wp\/v2\/pages\/12\/revisions"}],"predecessor-version":[{"id":2328,"href":"https:\/\/blog.edu.turku.fi\/tsyk\/wp-json\/wp\/v2\/pages\/12\/revisions\/2328"}],"wp:attachment":[{"href":"https:\/\/blog.edu.turku.fi\/tsyk\/wp-json\/wp\/v2\/media?parent=12"}],"curies":[{"name":"wp","href":"https:\/\/api.w.org\/{rel}","templated":true}]}}