{"id":73,"date":"2015-04-29T14:29:00","date_gmt":"2015-04-29T11:29:00","guid":{"rendered":"https:\/\/blog.edu.turku.fi\/topelius\/?page_id=73"},"modified":"2025-09-16T09:38:31","modified_gmt":"2025-09-16T06:38:31","slug":"opetussuunnitelma","status":"publish","type":"page","link":"https:\/\/blog.edu.turku.fi\/topelius\/opetussuunnitelma\/","title":{"rendered":"Opetussuunnitelma ja monialaiset oppimiskokonaisuudet"},"content":{"rendered":"<p><span style=\"font-family: Calibri;font-size: medium\">Opetussuunnitelmiin p\u00e4\u00e4see tutustumaan oheisista linkeist\u00e4.<\/span><\/p>\n<p><span style=\"font-family: Calibri;font-size: medium\"><a href=\"https:\/\/blog.edu.turku.fi\/ops2016\/files\/2015\/04\/TOPELIUS-OPS-2016.pdf\" target=\"_blank\" rel=\"noopener noreferrer\">Topeliuksen koulun opetussuunnitelma<\/a><\/span><span style=\"font-family: Calibri;font-size: medium\"><a href=\"https:\/\/blog.edu.turku.fi\/topelius\/files\/2015\/05\/OH_OPS_14_Top1.docx\"><br \/>\nOppilashuolto ja turvallisuuden edist\u00e4minen Topeliuksessa <\/a><\/span><\/p>\n<p><a href=\"https:\/\/blog.edu.turku.fi\/ops2016\/hyvaksytyt\/paikalliset-suunnitelmat\/\">Oppiainekohtaiset opetussuunnitelmat<\/a><\/p>\n<p>&nbsp;<\/p>\n<p>Lukuvuonna 2024 &#8211; 2025 toteutetaan kaksi <strong>monialaista oppimiskokonaisuutta.<\/strong><\/p>\n<p>Alakoulun monialaiset oppimiskokonaisuudet:<\/p>\n<p><a href=\"https:\/\/blog.edu.turku.fi\/topelius\/files\/2025\/09\/MOK-2025-2026-alakoulu-.docx\">MOK 2025-2026, alakoulu<\/a><\/p>\n<p><a href=\"https:\/\/blog.edu.turku.fi\/topelius\/files\/2025\/09\/MOK-lv-25-26YK.pdf\">Monialaiset oppimiskokonaisuudet yl\u00e4koulu<\/a><\/p>\n<p>&nbsp;<\/p>\n<p>&nbsp;<\/p>\n","protected":false},"excerpt":{"rendered":"<p>Opetussuunnitelmiin p\u00e4\u00e4see tutustumaan oheisista linkeist\u00e4. Topeliuksen koulun opetussuunnitelma Oppilashuolto ja turvallisuuden edist\u00e4minen Topeliuksessa Oppiainekohtaiset opetussuunnitelmat &nbsp; Lukuvuonna 2024 &#8211; 2025 toteutetaan kaksi monialaista oppimiskokonaisuutta. Alakoulun monialaiset oppimiskokonaisuudet: MOK 2025-2026, alakoulu Monialaiset oppimiskokonaisuudet yl\u00e4koulu &nbsp; &nbsp;<\/p>\n","protected":false},"author":56,"featured_media":0,"parent":0,"menu_order":0,"comment_status":"closed","ping_status":"closed","template":"","meta":{"footnotes":""},"class_list":["post-73","page","type-page","status-publish","hentry"],"_links":{"self":[{"href":"https:\/\/blog.edu.turku.fi\/topelius\/wp-json\/wp\/v2\/pages\/73","targetHints":{"allow":["GET"]}}],"collection":[{"href":"https:\/\/blog.edu.turku.fi\/topelius\/wp-json\/wp\/v2\/pages"}],"about":[{"href":"https:\/\/blog.edu.turku.fi\/topelius\/wp-json\/wp\/v2\/types\/page"}],"author":[{"embeddable":true,"href":"https:\/\/blog.edu.turku.fi\/topelius\/wp-json\/wp\/v2\/users\/56"}],"replies":[{"embeddable":true,"href":"https:\/\/blog.edu.turku.fi\/topelius\/wp-json\/wp\/v2\/comments?post=73"}],"version-history":[{"count":83,"href":"https:\/\/blog.edu.turku.fi\/topelius\/wp-json\/wp\/v2\/pages\/73\/revisions"}],"predecessor-version":[{"id":1618,"href":"https:\/\/blog.edu.turku.fi\/topelius\/wp-json\/wp\/v2\/pages\/73\/revisions\/1618"}],"wp:attachment":[{"href":"https:\/\/blog.edu.turku.fi\/topelius\/wp-json\/wp\/v2\/media?parent=73"}],"curies":[{"name":"wp","href":"https:\/\/api.w.org\/{rel}","templated":true}]}}