{"id":32,"date":"2015-04-29T14:09:01","date_gmt":"2015-04-29T11:09:01","guid":{"rendered":"https:\/\/blog.edu.turku.fi\/topelius\/?page_id=32"},"modified":"2026-04-21T13:26:06","modified_gmt":"2026-04-21T10:26:06","slug":"koulun-esittely","status":"publish","type":"page","link":"https:\/\/blog.edu.turku.fi\/topelius\/","title":{"rendered":"Topeliuksen koulu"},"content":{"rendered":"<p><span class=\"TextRun SCX115230636\" xml:lang=\"FI-FI\"><span class=\"NormalTextRun SCX115230636\">Topeliuksen koulu on <\/span><\/span><span class=\"TextRun SCX115230636\" xml:lang=\"FI-FI\"><span class=\"NormalTextRun SCX115230636\">n. 630 oppilaan yhten\u00e4inen perus<\/span><\/span><span class=\"TextRun SCX115230636\" xml:lang=\"FI-FI\"><span class=\"NormalTextRun SCX115230636\">koulu. <\/span><\/span><span class=\"TextRun SCX115230636\" xml:lang=\"FI-FI\"><span class=\"NormalTextRun SCX115230636\">Koulu<\/span><\/span><span class=\"TextRun SCX115230636\" xml:lang=\"FI-FI\"><span class=\"NormalTextRun SCX115230636\">mme to<\/span><\/span><span class=\"TextRun SCX115230636\" xml:lang=\"FI-FI\"><span class=\"NormalTextRun SCX115230636\">im<\/span><\/span><span class=\"TextRun SCX115230636\" xml:lang=\"FI-FI\"><span class=\"NormalTextRun SCX115230636\">i<\/span><\/span><span class=\"TextRun SCX115230636\" xml:lang=\"FI-FI\"><span class=\"NormalTextRun SCX115230636\">i osoitteessa Pakkarinkatu 10. Osa luokkatiloista sijaitsee tilaelementiss\u00e4 Hansakadulla ja Puutarhakadulla Hansa Centeriss\u00e4.<br \/>\n<\/span><\/span><\/p>\n<p>&nbsp;<\/p>\n<p><span style=\"color: #ff0000\"><strong>Tulevien 7.luokkalaisten tutustuminen j\u00e4rjestet\u00e4\u00e4n perjantaina 8.5. klo\u00a0 8.45 &#8211; n. 10.30. Tervetuloa!<\/strong><\/span><\/p>\n<p>Pakkarinkatu 10, sis\u00e4piha, kivitalo, liikuntasali<\/p>\n<p>&nbsp;<\/p>\n<p><span style=\"color: #ff0000\"><strong>Uusien ekaluokkalaisten tutustumisaamu j\u00e4rjestet\u00e4\u00e4n tiistaina 12.5.2026 klo 8.00-9.00. Tervetuloa!<\/strong><\/span><\/p>\n<p>Pakkarinkatu 10, sis\u00e4piha<\/p>\n<p>&nbsp;<\/p>\n<p>&nbsp;<\/p>\n<h1><\/h1>\n<p>&nbsp;<\/p>\n<p>&nbsp;<\/p>\n<p>&nbsp;<\/p>\n<p>&nbsp;<\/p>\n<p>&nbsp;<\/p>\n<p>&nbsp;<\/p>\n<p>&nbsp;<\/p>\n<p>&nbsp;<\/p>\n<p>&nbsp;<\/p>\n<p>&nbsp;<\/p>\n<hr \/>\n<p>&nbsp;<\/p>\n<hr \/>\n<p>&nbsp;<\/p>\n<p>&nbsp;<\/p>\n<p>&nbsp;<\/p>\n","protected":false},"excerpt":{"rendered":"<p>Topeliuksen koulu on n. 630 oppilaan yhten\u00e4inen peruskoulu. Koulumme toimii osoitteessa Pakkarinkatu 10. Osa luokkatiloista sijaitsee tilaelementiss\u00e4 Hansakadulla ja Puutarhakadulla Hansa Centeriss\u00e4. &nbsp; Tulevien 7.luokkalaisten tutustuminen j\u00e4rjestet\u00e4\u00e4n perjantaina 8.5. klo\u00a0 8.45 &#8211; n. 10.30. Tervetuloa! Pakkarinkatu 10, sis\u00e4piha, kivitalo, liikuntasali &nbsp; Uusien ekaluokkalaisten tutustumisaamu j\u00e4rjestet\u00e4\u00e4n tiistaina 12.5.2026 klo 8.00-9.00. Tervetuloa! Pakkarinkatu 10, sis\u00e4piha &nbsp; &nbsp; &hellip; <a href=\"https:\/\/blog.edu.turku.fi\/topelius\/\" class=\"more-link\">Jatka lukemista<span class=\"screen-reader-text\"> &#8221;Topeliuksen koulu&#8221;<\/span><\/a><\/p>\n","protected":false},"author":56,"featured_media":0,"parent":0,"menu_order":1,"comment_status":"closed","ping_status":"closed","template":"","meta":{"footnotes":""},"class_list":["post-32","page","type-page","status-publish","hentry"],"_links":{"self":[{"href":"https:\/\/blog.edu.turku.fi\/topelius\/wp-json\/wp\/v2\/pages\/32","targetHints":{"allow":["GET"]}}],"collection":[{"href":"https:\/\/blog.edu.turku.fi\/topelius\/wp-json\/wp\/v2\/pages"}],"about":[{"href":"https:\/\/blog.edu.turku.fi\/topelius\/wp-json\/wp\/v2\/types\/page"}],"author":[{"embeddable":true,"href":"https:\/\/blog.edu.turku.fi\/topelius\/wp-json\/wp\/v2\/users\/56"}],"replies":[{"embeddable":true,"href":"https:\/\/blog.edu.turku.fi\/topelius\/wp-json\/wp\/v2\/comments?post=32"}],"version-history":[{"count":251,"href":"https:\/\/blog.edu.turku.fi\/topelius\/wp-json\/wp\/v2\/pages\/32\/revisions"}],"predecessor-version":[{"id":1658,"href":"https:\/\/blog.edu.turku.fi\/topelius\/wp-json\/wp\/v2\/pages\/32\/revisions\/1658"}],"wp:attachment":[{"href":"https:\/\/blog.edu.turku.fi\/topelius\/wp-json\/wp\/v2\/media?parent=32"}],"curies":[{"name":"wp","href":"https:\/\/api.w.org\/{rel}","templated":true}]}}