{"id":312,"date":"2015-11-23T12:54:45","date_gmt":"2015-11-23T10:54:45","guid":{"rendered":"https:\/\/blog.edu.turku.fi\/topelius\/?page_id=312"},"modified":"2021-11-15T12:04:57","modified_gmt":"2021-11-15T10:04:57","slug":"ranskan-kieliluokat","status":"publish","type":"page","link":"https:\/\/blog.edu.turku.fi\/topelius\/ranskan-kieliluokat\/","title":{"rendered":"Ranskan kieliluokat &#8211; Fili\u00e8re bilingue de Topelius"},"content":{"rendered":"<p style=\"text-align: justify\">Topeliuksen koulussa toimii ranskan kieliluokkien yl\u00e4koulu, jonne V\u00e4h\u00e4-Heikkil\u00e4n alakoulun kielilinjan oppilaat siirtyv\u00e4t 7. luokalle. Kaksikielist\u00e4 opetusta annetaan kaikilla luokka-asteilla (7.-9.-luokat). opetussuunitelman mukaisesti.<\/p>\n<p style=\"text-align: justify\">Seitsem\u00e4nnelle luokalle siirrytt\u00e4ess\u00e4 my\u00f6s muut kuin kielilinjan oppilaat voivat hakea Topeliuksen koulun ranskan kaksikieliseen opetukseen. Hakemus tehd\u00e4\u00e4n wilmassa kev\u00e4tlukukauden alussa ja t\u00e4st\u00e4 tiedotetaan lukuvuosittain wilman kautta. Kaksikieliseen opetukseen hakevat kutsutaan valintakokeeseen, jossa testataan oppilaan suullista ja kirjallista ranskan kielen taitoa.<\/p>\n<p style=\"text-align: justify\">Turun kaksikielisest\u00e4 opetuksesta l\u00f6yd\u00e4t lis\u00e4tietoa <a href=\"http:\/\/www.turku.fi\/paivahoito-ja-koulutus\/perusopetus\/erikoisluokat\/kieliluokat\">Turun kaupungin sivuilta<\/a>.<\/p>\n<h4 style=\"text-align: justify\">Actualit\u00e9 &#8211; Ajankohtaista<\/h4>\n<p><strong>Enseignement &#8211; Opetus<\/strong><\/p>\n<p style=\"text-align: justify\">Kieliluokkalaisten opetuksessa A1-ranskan oppituntien lis\u00e4ksi osa matematiikan, fysiikan, kemian, biologian, maantiedon, historian ja yhteiskuntaopin opetuksesta on ranskaksi. Opetusta annetaan my\u00f6s suomeksi, jotta oppilaalla on mahdollisuus saavuttaa em. oppiaineiden tavoitteet. Temaattisesti ranskan kieli ja kulttuuri huomioidaan taito- ja taideaineiden opetuksessa. Opetuksen tukena on my\u00f6s natiiviopettaja sek\u00e4 ranskaa puhuvia harjoittelijoita.<\/p>\n<p><strong>Activit\u00e9s &#8211; Toiminta<\/strong><\/p>\n<ul>\n<li>Asiantuntijaluennot<\/li>\n<li>Teemap\u00e4ivien j\u00e4rjest\u00e4minen<\/li>\n<li>Erilaiset tapahtumat yhteisty\u00f6ss\u00e4 Ensemblen kanssa (mm. sarjakuvaty\u00f6paja, kulttuuri-illat)<\/li>\n<\/ul>\n<p><strong>Examen de DELF<\/strong> &#8211; <a href=\"http:\/\/www.france.fi\/category\/helsinki-fi\/tutkinnot-ja-kokeet\/delf-dalf-kielitutkinnot\/?lang=fi\">DELF-kielikokeet<\/a><\/p>\n<ul>\n<li>vastuuopettaja: Josselin Vasseur<\/li>\n<li>j\u00e4rjestet\u00e4\u00e4n vuosittain maalis- huhtikuussa<\/li>\n<li>Topeliuksen koulusta osallistuu 30 oppilasta ja koko Turun alueelta 130 oppilasta<\/li>\n<li>koe j\u00e4rjestet\u00e4\u00e4n A1, A2, B1, B2 -tasoillta<\/li>\n<\/ul>\n<p><strong>Projets annuels &#8211; Projektit<\/strong><\/p>\n<p>Topeliuksen kieliluokat osallistuvat <a href=\"https:\/\/blog.edu.turku.fi\/kielivirta\/\">Turun Kielivirta<\/a> -hankkeen toimintaan lukuvuonna 2017\/2018<\/p>\n<p>&nbsp;<\/p>\n<p><a href=\"http:\/\/www.france.fi\/?lang=fi\" target=\"_blank\" rel=\"noopener\"><img loading=\"lazy\" decoding=\"async\" class=\"alignleft\" src=\"http:\/\/2013.luxhelsinki.fi\/sites\/default\/files\/institut_francais.gif\" width=\"116\" height=\"81\" \/><\/a><\/p>\n<p>&nbsp;<\/p>\n<p><a href=\"http:\/\/info.edu.turku.fi\/vahaheikkila\/?kieliluokat\/francais.html\">\u00c9cole de V\u00e4h\u00e4-Heikkil\u00e4<\/a><\/p>\n<p>&nbsp;<\/p>\n","protected":false},"excerpt":{"rendered":"<p>Topeliuksen koulussa toimii ranskan kieliluokkien yl\u00e4koulu, jonne V\u00e4h\u00e4-Heikkil\u00e4n alakoulun kielilinjan oppilaat siirtyv\u00e4t 7. luokalle. Kaksikielist\u00e4 opetusta annetaan kaikilla luokka-asteilla (7.-9.-luokat). opetussuunitelman mukaisesti. Seitsem\u00e4nnelle luokalle siirrytt\u00e4ess\u00e4 my\u00f6s muut kuin kielilinjan oppilaat voivat hakea Topeliuksen koulun ranskan kaksikieliseen opetukseen. Hakemus tehd\u00e4\u00e4n wilmassa kev\u00e4tlukukauden alussa ja t\u00e4st\u00e4 tiedotetaan lukuvuosittain wilman kautta. Kaksikieliseen opetukseen hakevat kutsutaan valintakokeeseen, jossa testataan &hellip; <a href=\"https:\/\/blog.edu.turku.fi\/topelius\/ranskan-kieliluokat\/\" class=\"more-link\">Jatka lukemista<span class=\"screen-reader-text\"> &#8221;Ranskan kieliluokat &#8211; Fili\u00e8re bilingue de Topelius&#8221;<\/span><\/a><\/p>\n","protected":false},"author":1226,"featured_media":0,"parent":0,"menu_order":0,"comment_status":"closed","ping_status":"closed","template":"","meta":{"footnotes":""},"class_list":["post-312","page","type-page","status-publish","hentry"],"_links":{"self":[{"href":"https:\/\/blog.edu.turku.fi\/topelius\/wp-json\/wp\/v2\/pages\/312","targetHints":{"allow":["GET"]}}],"collection":[{"href":"https:\/\/blog.edu.turku.fi\/topelius\/wp-json\/wp\/v2\/pages"}],"about":[{"href":"https:\/\/blog.edu.turku.fi\/topelius\/wp-json\/wp\/v2\/types\/page"}],"author":[{"embeddable":true,"href":"https:\/\/blog.edu.turku.fi\/topelius\/wp-json\/wp\/v2\/users\/1226"}],"replies":[{"embeddable":true,"href":"https:\/\/blog.edu.turku.fi\/topelius\/wp-json\/wp\/v2\/comments?post=312"}],"version-history":[{"count":32,"href":"https:\/\/blog.edu.turku.fi\/topelius\/wp-json\/wp\/v2\/pages\/312\/revisions"}],"predecessor-version":[{"id":1154,"href":"https:\/\/blog.edu.turku.fi\/topelius\/wp-json\/wp\/v2\/pages\/312\/revisions\/1154"}],"wp:attachment":[{"href":"https:\/\/blog.edu.turku.fi\/topelius\/wp-json\/wp\/v2\/media?parent=312"}],"curies":[{"name":"wp","href":"https:\/\/api.w.org\/{rel}","templated":true}]}}