{"id":308,"date":"2015-11-23T11:37:41","date_gmt":"2015-11-23T09:37:41","guid":{"rendered":"https:\/\/blog.edu.turku.fi\/topelius\/?page_id=308"},"modified":"2015-11-23T11:39:32","modified_gmt":"2015-11-23T09:39:32","slug":"koulupoliisi","status":"publish","type":"page","link":"https:\/\/blog.edu.turku.fi\/topelius\/koulupoliisi\/","title":{"rendered":"Koulupoliisi"},"content":{"rendered":"<p>Koulupoliisin apua k\u00e4ytet\u00e4\u00e4n mm. liikennekasvatus-, huume-, v\u00e4kivalta- ja varkausasioissa. Koulupoliisi k\u00e4y my\u00f6s antamassa kaikille yl\u00e4koulun luokille laillisuuskasvatusta.<\/p>\n<p>Alaluokkien koulupoliisi on Riku Sukari (etunimi.sukunimi@poliisi.fi).<\/p>\n<p><a href=\"https:\/\/www.poliisi.fi\/lounais-suomi\">https:\/\/www.poliisi.fi\/lounais-suomi<\/a><\/p>\n<p>&nbsp;<\/p>\n","protected":false},"excerpt":{"rendered":"<p>Koulupoliisin apua k\u00e4ytet\u00e4\u00e4n mm. liikennekasvatus-, huume-, v\u00e4kivalta- ja varkausasioissa. Koulupoliisi k\u00e4y my\u00f6s antamassa kaikille yl\u00e4koulun luokille laillisuuskasvatusta. Alaluokkien koulupoliisi on Riku Sukari (etunimi.sukunimi@poliisi.fi). https:\/\/www.poliisi.fi\/lounais-suomi &nbsp;<\/p>\n","protected":false},"author":1226,"featured_media":0,"parent":0,"menu_order":0,"comment_status":"closed","ping_status":"closed","template":"sidebar-page.php","meta":{"footnotes":""},"class_list":["post-308","page","type-page","status-publish","hentry"],"_links":{"self":[{"href":"https:\/\/blog.edu.turku.fi\/topelius\/wp-json\/wp\/v2\/pages\/308","targetHints":{"allow":["GET"]}}],"collection":[{"href":"https:\/\/blog.edu.turku.fi\/topelius\/wp-json\/wp\/v2\/pages"}],"about":[{"href":"https:\/\/blog.edu.turku.fi\/topelius\/wp-json\/wp\/v2\/types\/page"}],"author":[{"embeddable":true,"href":"https:\/\/blog.edu.turku.fi\/topelius\/wp-json\/wp\/v2\/users\/1226"}],"replies":[{"embeddable":true,"href":"https:\/\/blog.edu.turku.fi\/topelius\/wp-json\/wp\/v2\/comments?post=308"}],"version-history":[{"count":2,"href":"https:\/\/blog.edu.turku.fi\/topelius\/wp-json\/wp\/v2\/pages\/308\/revisions"}],"predecessor-version":[{"id":310,"href":"https:\/\/blog.edu.turku.fi\/topelius\/wp-json\/wp\/v2\/pages\/308\/revisions\/310"}],"wp:attachment":[{"href":"https:\/\/blog.edu.turku.fi\/topelius\/wp-json\/wp\/v2\/media?parent=308"}],"curies":[{"name":"wp","href":"https:\/\/api.w.org\/{rel}","templated":true}]}}