{"id":304,"date":"2015-11-23T11:29:57","date_gmt":"2015-11-23T09:29:57","guid":{"rendered":"https:\/\/blog.edu.turku.fi\/topelius\/?page_id=304"},"modified":"2024-05-27T15:09:17","modified_gmt":"2024-05-27T12:09:17","slug":"koulupsykologi","status":"publish","type":"page","link":"https:\/\/blog.edu.turku.fi\/topelius\/koulupsykologi\/","title":{"rendered":"Koulupsykologi"},"content":{"rendered":"<p>Koulupsykologin ty\u00f6h\u00f6n kuuluvat mm. oppilashuoltoty\u00f6, opettajien tai huoltajien konsultaatiot, oppilaiden tukikeskustelut, psykologiset arviot sek\u00e4 tarvittaessa ohjaaminen muiden tukimuotojen piiriin. Koulupsykologiin voi luottamuksellisesti ottaa yhteytt\u00e4 lapsi tai nuori itse tai oppilaan huoltaja, kun jokin asia huolestuttaa.<\/p>\n<p>Topeliuksen koulun koulupsykologi on Annariina S\u00e4llinen. H\u00e4net tavoittaa puhelimitse, p. 040 6149432 tai s\u00e4hk\u00f6postilla, annariina.sallinen@varha.fi.<\/p>\n<p>&nbsp;<\/p>\n<p><a href=\"http:\/\/www.turku.fi\/toimipaikat\/topeliuksen-koulu\">http:\/\/www.turku.fi\/toimipaikat\/topeliuksen-koulu<\/a><\/p>\n","protected":false},"excerpt":{"rendered":"<p>Koulupsykologin ty\u00f6h\u00f6n kuuluvat mm. oppilashuoltoty\u00f6, opettajien tai huoltajien konsultaatiot, oppilaiden tukikeskustelut, psykologiset arviot sek\u00e4 tarvittaessa ohjaaminen muiden tukimuotojen piiriin. Koulupsykologiin voi luottamuksellisesti ottaa yhteytt\u00e4 lapsi tai nuori itse tai oppilaan huoltaja, kun jokin asia huolestuttaa. Topeliuksen koulun koulupsykologi on Annariina S\u00e4llinen. H\u00e4net tavoittaa puhelimitse, p. 040 6149432 tai s\u00e4hk\u00f6postilla, annariina.sallinen@varha.fi. &nbsp; http:\/\/www.turku.fi\/toimipaikat\/topeliuksen-koulu<\/p>\n","protected":false},"author":1226,"featured_media":0,"parent":0,"menu_order":0,"comment_status":"closed","ping_status":"closed","template":"","meta":{"footnotes":""},"class_list":["post-304","page","type-page","status-publish","hentry"],"_links":{"self":[{"href":"https:\/\/blog.edu.turku.fi\/topelius\/wp-json\/wp\/v2\/pages\/304","targetHints":{"allow":["GET"]}}],"collection":[{"href":"https:\/\/blog.edu.turku.fi\/topelius\/wp-json\/wp\/v2\/pages"}],"about":[{"href":"https:\/\/blog.edu.turku.fi\/topelius\/wp-json\/wp\/v2\/types\/page"}],"author":[{"embeddable":true,"href":"https:\/\/blog.edu.turku.fi\/topelius\/wp-json\/wp\/v2\/users\/1226"}],"replies":[{"embeddable":true,"href":"https:\/\/blog.edu.turku.fi\/topelius\/wp-json\/wp\/v2\/comments?post=304"}],"version-history":[{"count":9,"href":"https:\/\/blog.edu.turku.fi\/topelius\/wp-json\/wp\/v2\/pages\/304\/revisions"}],"predecessor-version":[{"id":1465,"href":"https:\/\/blog.edu.turku.fi\/topelius\/wp-json\/wp\/v2\/pages\/304\/revisions\/1465"}],"wp:attachment":[{"href":"https:\/\/blog.edu.turku.fi\/topelius\/wp-json\/wp\/v2\/media?parent=304"}],"curies":[{"name":"wp","href":"https:\/\/api.w.org\/{rel}","templated":true}]}}