{"id":300,"date":"2015-11-23T11:27:59","date_gmt":"2015-11-23T09:27:59","guid":{"rendered":"https:\/\/blog.edu.turku.fi\/topelius\/?page_id=300"},"modified":"2024-03-05T11:34:20","modified_gmt":"2024-03-05T09:34:20","slug":"kouluterveydenhuolto","status":"publish","type":"page","link":"https:\/\/blog.edu.turku.fi\/topelius\/kouluterveydenhuolto\/","title":{"rendered":"Kouluterveydenhuolto"},"content":{"rendered":"<p>Kouluterveydenhuoltopalvelun tuottaa Turun kaupungin hyvinvointitoimiala. Kouluterveydenhuolto on lakis\u00e4\u00e4teist\u00e4 ja maksutonta terveydenhoitoa.<\/p>\n<p>Terveydenhoitaja tapaa oppilaat vuosittain. 1-5-ja 8-luokan oppilaille tehd\u00e4\u00e4n laaja terveystarkastus, jossa on terveydenhoitajan lis\u00e4ksi l\u00e4\u00e4k\u00e4ri. Tarkastukset perustuvat valtakunnalliseen asetukseen ja niiss\u00e4 arvioidaan lapsen tai nuoren sek\u00e4 samalla koko perheen hyvinvointia. Vanhempien\/huoltajien toivotaan osallistuvan laajaan terveystarkastukseen.<\/p>\n<p>Kouluterveydenhoitaja Merike Uukivi-\u00d6sterholm tavoittaa puhelimitse 0400 359748\u00a0 tai s\u00e4hk\u00f6postiosoitteesta merike.uukivi@varha.fi<\/p>\n<p>&nbsp;<\/p>\n<p><a href=\"http:\/\/www.turku.fi\/toimipaikat\/topeliuksen-koulu\">http:\/\/www.turku.fi\/toimipaikat\/topeliuksen-koulu<\/a><\/p>\n","protected":false},"excerpt":{"rendered":"<p>Kouluterveydenhuoltopalvelun tuottaa Turun kaupungin hyvinvointitoimiala. Kouluterveydenhuolto on lakis\u00e4\u00e4teist\u00e4 ja maksutonta terveydenhoitoa. Terveydenhoitaja tapaa oppilaat vuosittain. 1-5-ja 8-luokan oppilaille tehd\u00e4\u00e4n laaja terveystarkastus, jossa on terveydenhoitajan lis\u00e4ksi l\u00e4\u00e4k\u00e4ri. Tarkastukset perustuvat valtakunnalliseen asetukseen ja niiss\u00e4 arvioidaan lapsen tai nuoren sek\u00e4 samalla koko perheen hyvinvointia. Vanhempien\/huoltajien toivotaan osallistuvan laajaan terveystarkastukseen. Kouluterveydenhoitaja Merike Uukivi-\u00d6sterholm tavoittaa puhelimitse 0400 359748\u00a0 tai s\u00e4hk\u00f6postiosoitteesta &hellip; <a href=\"https:\/\/blog.edu.turku.fi\/topelius\/kouluterveydenhuolto\/\" class=\"more-link\">Jatka lukemista<span class=\"screen-reader-text\"> &#8221;Kouluterveydenhuolto&#8221;<\/span><\/a><\/p>\n","protected":false},"author":1226,"featured_media":0,"parent":0,"menu_order":0,"comment_status":"closed","ping_status":"closed","template":"","meta":{"footnotes":""},"class_list":["post-300","page","type-page","status-publish","hentry"],"_links":{"self":[{"href":"https:\/\/blog.edu.turku.fi\/topelius\/wp-json\/wp\/v2\/pages\/300","targetHints":{"allow":["GET"]}}],"collection":[{"href":"https:\/\/blog.edu.turku.fi\/topelius\/wp-json\/wp\/v2\/pages"}],"about":[{"href":"https:\/\/blog.edu.turku.fi\/topelius\/wp-json\/wp\/v2\/types\/page"}],"author":[{"embeddable":true,"href":"https:\/\/blog.edu.turku.fi\/topelius\/wp-json\/wp\/v2\/users\/1226"}],"replies":[{"embeddable":true,"href":"https:\/\/blog.edu.turku.fi\/topelius\/wp-json\/wp\/v2\/comments?post=300"}],"version-history":[{"count":7,"href":"https:\/\/blog.edu.turku.fi\/topelius\/wp-json\/wp\/v2\/pages\/300\/revisions"}],"predecessor-version":[{"id":1435,"href":"https:\/\/blog.edu.turku.fi\/topelius\/wp-json\/wp\/v2\/pages\/300\/revisions\/1435"}],"wp:attachment":[{"href":"https:\/\/blog.edu.turku.fi\/topelius\/wp-json\/wp\/v2\/media?parent=300"}],"curies":[{"name":"wp","href":"https:\/\/api.w.org\/{rel}","templated":true}]}}