{"id":296,"date":"2015-11-23T11:23:27","date_gmt":"2015-11-23T09:23:27","guid":{"rendered":"https:\/\/blog.edu.turku.fi\/topelius\/?page_id=296"},"modified":"2015-11-23T11:23:27","modified_gmt":"2015-11-23T09:23:27","slug":"oppilashuolto","status":"publish","type":"page","link":"https:\/\/blog.edu.turku.fi\/topelius\/oppilashuolto\/","title":{"rendered":"Oppilashuolto"},"content":{"rendered":"<p>Oppilashuoltoty\u00f6 jakaantuu kahteen osaan: Kouluviihtyvyytt\u00e4 yll\u00e4pit\u00e4v\u00e4\u00e4 ja ongelmien syntymist\u00e4 ennaltaehk\u00e4isev\u00e4\u00e4 toimintaa koordinoi koulun oppilashuoltoryhm\u00e4, KOR, johon kuuluvat rehtori, erityisopettaja, vastuuopettajat molemmista yksik\u00f6ist\u00e4, opinnonohjaaja, kouluterveydenhoitaja, -psykologi sek\u00e4 -kuraattori. KOR-ryhm\u00e4 kokoontuu kerran kuukaudessa. Vuosittain ryhm\u00e4n kokoukseen kutsutaan asiantuntijoita ja t\u00e4rkeimpi\u00e4 yhteisty\u00f6tahoja sek\u00e4 vanhempainyhdistyksen ja oppilaskunnan edustajat.<\/p>\n<p>Monialainen oppilashuoltaryhm\u00e4, MAR, keskittyy puolestaan yksitt\u00e4isen oppilaan hyvinvoinnin lis\u00e4\u00e4miseen. MAR-ryhm\u00e4n vakituisiin j\u00e4seniin kuuluvat kouluterveydenhoitaja sek\u00e4 -psykologi ja -kuraattori. Ryhm\u00e4 kokoontuu tarvittaessa. Se ei k\u00e4sittele yksitt\u00e4isen oppilaan asioita ilman, ett\u00e4 oppilaan huoltajaa on asiasta tiedotettu ja h\u00e4net kutsuttu mukaan ryhm\u00e4n kokoukseen.<\/p>\n","protected":false},"excerpt":{"rendered":"<p>Oppilashuoltoty\u00f6 jakaantuu kahteen osaan: Kouluviihtyvyytt\u00e4 yll\u00e4pit\u00e4v\u00e4\u00e4 ja ongelmien syntymist\u00e4 ennaltaehk\u00e4isev\u00e4\u00e4 toimintaa koordinoi koulun oppilashuoltoryhm\u00e4, KOR, johon kuuluvat rehtori, erityisopettaja, vastuuopettajat molemmista yksik\u00f6ist\u00e4, opinnonohjaaja, kouluterveydenhoitaja, -psykologi sek\u00e4 -kuraattori. KOR-ryhm\u00e4 kokoontuu kerran kuukaudessa. Vuosittain ryhm\u00e4n kokoukseen kutsutaan asiantuntijoita ja t\u00e4rkeimpi\u00e4 yhteisty\u00f6tahoja sek\u00e4 vanhempainyhdistyksen ja oppilaskunnan edustajat. Monialainen oppilashuoltaryhm\u00e4, MAR, keskittyy puolestaan yksitt\u00e4isen oppilaan hyvinvoinnin lis\u00e4\u00e4miseen. MAR-ryhm\u00e4n vakituisiin &hellip; <a href=\"https:\/\/blog.edu.turku.fi\/topelius\/oppilashuolto\/\" class=\"more-link\">Jatka lukemista<span class=\"screen-reader-text\"> &#8221;Oppilashuolto&#8221;<\/span><\/a><\/p>\n","protected":false},"author":1226,"featured_media":0,"parent":0,"menu_order":0,"comment_status":"closed","ping_status":"closed","template":"sidebar-page.php","meta":{"footnotes":""},"class_list":["post-296","page","type-page","status-publish","hentry"],"_links":{"self":[{"href":"https:\/\/blog.edu.turku.fi\/topelius\/wp-json\/wp\/v2\/pages\/296","targetHints":{"allow":["GET"]}}],"collection":[{"href":"https:\/\/blog.edu.turku.fi\/topelius\/wp-json\/wp\/v2\/pages"}],"about":[{"href":"https:\/\/blog.edu.turku.fi\/topelius\/wp-json\/wp\/v2\/types\/page"}],"author":[{"embeddable":true,"href":"https:\/\/blog.edu.turku.fi\/topelius\/wp-json\/wp\/v2\/users\/1226"}],"replies":[{"embeddable":true,"href":"https:\/\/blog.edu.turku.fi\/topelius\/wp-json\/wp\/v2\/comments?post=296"}],"version-history":[{"count":1,"href":"https:\/\/blog.edu.turku.fi\/topelius\/wp-json\/wp\/v2\/pages\/296\/revisions"}],"predecessor-version":[{"id":297,"href":"https:\/\/blog.edu.turku.fi\/topelius\/wp-json\/wp\/v2\/pages\/296\/revisions\/297"}],"wp:attachment":[{"href":"https:\/\/blog.edu.turku.fi\/topelius\/wp-json\/wp\/v2\/media?parent=296"}],"curies":[{"name":"wp","href":"https:\/\/api.w.org\/{rel}","templated":true}]}}