{"id":293,"date":"2015-11-23T11:18:57","date_gmt":"2015-11-23T09:18:57","guid":{"rendered":"https:\/\/blog.edu.turku.fi\/topelius\/?page_id=293"},"modified":"2015-11-23T11:21:45","modified_gmt":"2015-11-23T09:21:45","slug":"kiva-koulu","status":"publish","type":"page","link":"https:\/\/blog.edu.turku.fi\/topelius\/kiva-koulu\/","title":{"rendered":"KiVa-koulu"},"content":{"rendered":"<p>Haluamme, ett\u00e4 jokainen oppilaamme voi tulla hyvill\u00e4 mielin kouluun. Siksi olemme KiVa-koulu eli olemme sitoutuneet opetusministeri\u00f6n rahoittamaan ja Turun yliopiston kehitt\u00e4m\u00e4\u00e4n Kiusaamisen Vastaiseen (KiVa) toimenpideohjelmaan. Sen tavoitteena on koulukiusaamisen v\u00e4hent\u00e4minen ja ennaltaehk\u00e4isy.<\/p>\n<p>Kiusaamisen v\u00e4hent\u00e4misess\u00e4 ja ennalta ehk\u00e4isemisess\u00e4 korostuu jokaisen oppilaan vastuu yhteisest\u00e4 hyvinvoinnista. KiVa Koulu -ohjelmassa on kaikille oppilaille tarkoitettua kiusaamista ennalta ehk\u00e4isev\u00e4\u00e4 materiaalia sek\u00e4 kohdennettuja toimenpiteit\u00e4, jotka otetaan k\u00e4ytt\u00f6\u00f6n, kun kiusaamistapaus tulee ilmi.<\/p>\n<p>Ala- ja yl\u00e4koulussa toimii omat opettajista koostuvat KiVa-tiimit, joka k\u00e4sittelev\u00e4t ilmi tulleita kiusaamistapauksia. Kiusaamiseen liittyviss\u00e4 asioissa on syyt\u00e4 ottaa yhteytt\u00e4 luokanopettajaan tai -valvojaan. H\u00e4n vie asian tarvittaessa eteenp\u00e4in KiVa-tiimin hoidettavaksi. Vuosittaisella kyselylomakkeella kartoitetaan koulumme kiusaamistilannetta.<\/p>\n<p>Menetelm\u00e4\u00e4n voi tutustua osoitteessa www.kivakoulu.fi. Sivuilta on ladattavissa mm. vanhempainopas, jossa tarjotaan perustietoa kiusaamisesta, vanhempien keinoista vaikuttaa sen esiintymiseen sek\u00e4 siit\u00e4, kuinka keskustella kiusaamisesta kotona.<\/p>\n","protected":false},"excerpt":{"rendered":"<p>Haluamme, ett\u00e4 jokainen oppilaamme voi tulla hyvill\u00e4 mielin kouluun. Siksi olemme KiVa-koulu eli olemme sitoutuneet opetusministeri\u00f6n rahoittamaan ja Turun yliopiston kehitt\u00e4m\u00e4\u00e4n Kiusaamisen Vastaiseen (KiVa) toimenpideohjelmaan. Sen tavoitteena on koulukiusaamisen v\u00e4hent\u00e4minen ja ennaltaehk\u00e4isy. Kiusaamisen v\u00e4hent\u00e4misess\u00e4 ja ennalta ehk\u00e4isemisess\u00e4 korostuu jokaisen oppilaan vastuu yhteisest\u00e4 hyvinvoinnista. KiVa Koulu -ohjelmassa on kaikille oppilaille tarkoitettua kiusaamista ennalta ehk\u00e4isev\u00e4\u00e4 materiaalia sek\u00e4 &hellip; <a href=\"https:\/\/blog.edu.turku.fi\/topelius\/kiva-koulu\/\" class=\"more-link\">Jatka lukemista<span class=\"screen-reader-text\"> &#8221;KiVa-koulu&#8221;<\/span><\/a><\/p>\n","protected":false},"author":1226,"featured_media":0,"parent":0,"menu_order":0,"comment_status":"closed","ping_status":"closed","template":"sidebar-page.php","meta":{"footnotes":""},"class_list":["post-293","page","type-page","status-publish","hentry"],"_links":{"self":[{"href":"https:\/\/blog.edu.turku.fi\/topelius\/wp-json\/wp\/v2\/pages\/293","targetHints":{"allow":["GET"]}}],"collection":[{"href":"https:\/\/blog.edu.turku.fi\/topelius\/wp-json\/wp\/v2\/pages"}],"about":[{"href":"https:\/\/blog.edu.turku.fi\/topelius\/wp-json\/wp\/v2\/types\/page"}],"author":[{"embeddable":true,"href":"https:\/\/blog.edu.turku.fi\/topelius\/wp-json\/wp\/v2\/users\/1226"}],"replies":[{"embeddable":true,"href":"https:\/\/blog.edu.turku.fi\/topelius\/wp-json\/wp\/v2\/comments?post=293"}],"version-history":[{"count":2,"href":"https:\/\/blog.edu.turku.fi\/topelius\/wp-json\/wp\/v2\/pages\/293\/revisions"}],"predecessor-version":[{"id":295,"href":"https:\/\/blog.edu.turku.fi\/topelius\/wp-json\/wp\/v2\/pages\/293\/revisions\/295"}],"wp:attachment":[{"href":"https:\/\/blog.edu.turku.fi\/topelius\/wp-json\/wp\/v2\/media?parent=293"}],"curies":[{"name":"wp","href":"https:\/\/api.w.org\/{rel}","templated":true}]}}