{"id":280,"date":"2015-11-11T15:20:53","date_gmt":"2015-11-11T13:20:53","guid":{"rendered":"https:\/\/blog.edu.turku.fi\/topelius\/?page_id=280"},"modified":"2024-08-27T14:13:19","modified_gmt":"2024-08-27T11:13:19","slug":"hyvinvointi","status":"publish","type":"page","link":"https:\/\/blog.edu.turku.fi\/topelius\/hyvinvointi\/","title":{"rendered":"Hyvinvointi"},"content":{"rendered":"<p>T\u00e4m\u00e4n sivun oikeaan laitaan on ker\u00e4tty linkkej\u00e4, jotka auttavat oppilasta oppimisen tukeen ja hyvinvointiin liittyviss\u00e4 kysymyksiss\u00e4.<\/p>\n<p><a href=\"https:\/\/www.turku.fi\/paivahoito-ja-koulutus\/perusopetus\/opiskeluhuolto\/kouluyhteisoon-kiinnittamisen-ja-poissaoloihin\">Turun kaupungin toimintasuunnitelma poissaolojen ehk\u00e4isemiseksi.<\/a><\/p>\n<p><a href=\"https:\/\/blog.edu.turku.fi\/topelius\/files\/2021\/12\/KotoaKouluun_trifold_A4_FI_PRINT.pdf\">KotoaKouluun_trifold_A4_FI_PRINT<\/a><\/p>\n<p>&nbsp;<\/p>\n","protected":false},"excerpt":{"rendered":"<p>T\u00e4m\u00e4n sivun oikeaan laitaan on ker\u00e4tty linkkej\u00e4, jotka auttavat oppilasta oppimisen tukeen ja hyvinvointiin liittyviss\u00e4 kysymyksiss\u00e4. Turun kaupungin toimintasuunnitelma poissaolojen ehk\u00e4isemiseksi. KotoaKouluun_trifold_A4_FI_PRINT &nbsp;<\/p>\n","protected":false},"author":1226,"featured_media":0,"parent":0,"menu_order":0,"comment_status":"closed","ping_status":"closed","template":"","meta":{"footnotes":""},"class_list":["post-280","page","type-page","status-publish","hentry"],"_links":{"self":[{"href":"https:\/\/blog.edu.turku.fi\/topelius\/wp-json\/wp\/v2\/pages\/280","targetHints":{"allow":["GET"]}}],"collection":[{"href":"https:\/\/blog.edu.turku.fi\/topelius\/wp-json\/wp\/v2\/pages"}],"about":[{"href":"https:\/\/blog.edu.turku.fi\/topelius\/wp-json\/wp\/v2\/types\/page"}],"author":[{"embeddable":true,"href":"https:\/\/blog.edu.turku.fi\/topelius\/wp-json\/wp\/v2\/users\/1226"}],"replies":[{"embeddable":true,"href":"https:\/\/blog.edu.turku.fi\/topelius\/wp-json\/wp\/v2\/comments?post=280"}],"version-history":[{"count":13,"href":"https:\/\/blog.edu.turku.fi\/topelius\/wp-json\/wp\/v2\/pages\/280\/revisions"}],"predecessor-version":[{"id":1494,"href":"https:\/\/blog.edu.turku.fi\/topelius\/wp-json\/wp\/v2\/pages\/280\/revisions\/1494"}],"wp:attachment":[{"href":"https:\/\/blog.edu.turku.fi\/topelius\/wp-json\/wp\/v2\/media?parent=280"}],"curies":[{"name":"wp","href":"https:\/\/api.w.org\/{rel}","templated":true}]}}