{"id":25,"date":"2015-04-29T13:53:59","date_gmt":"2015-04-29T10:53:59","guid":{"rendered":"https:\/\/blog.edu.turku.fi\/topelius\/?page_id=25"},"modified":"2025-10-29T12:44:40","modified_gmt":"2025-10-29T10:44:40","slug":"yhteystiedot","status":"publish","type":"page","link":"https:\/\/blog.edu.turku.fi\/topelius\/yhteystiedot\/","title":{"rendered":"Yhteystiedot"},"content":{"rendered":"<p><strong>Topeliuksen koulu<\/strong><\/p>\n<p>Pakkarinkatu 10, 20100 Turku (Pakkarinkadun yksikk\u00f6, HUOM! posti vain t\u00e4h\u00e4n osoitteeseen)<\/p>\n<p><span style=\"color: #ff0000\">Opettajien ty\u00f6puhelinnumerot <span style=\"color: #000000\">l\u00f6yd\u00e4t Wilmasta.<\/span><\/span><\/p>\n<p>Opettajien s\u00e4hk\u00f6postiosoitteet ovat muotoa etunimi.sukunimi@edu.turku.fi<\/p>\n<p>&nbsp;<\/p>\n<p><strong>Rehtori<\/strong> Timo Himanen, p. 044 9072358<\/p>\n<p><strong>Apulaisrehtori\u00a0<\/strong>Maija H\u00e4m\u00e4l\u00e4inen, p. 040 5736738 (alakoulun oppilasasiat)<\/p>\n<p><strong>Koulusihteeri\u00a0<\/strong>Heli Sirvi\u00f6, p. 040 6609573<\/p>\n<p><strong>Opinto-ohjaaja<\/strong> Mia Haapasaari, p. <span data-olk-copy-source=\"MessageBody\">044\u00a0907 47 35\u00a0<\/span><\/p>\n<p><strong>Kouluterveydenhoitaja\u00a0<\/strong>Merike Uukivi-\u00d6sterholm, p. 0400 359748<\/p>\n<p><strong>Koulukuraattori<\/strong> Krista Hedback, p.\u00a0040 8094075<\/p>\n<p><strong>Koulupsykologi<\/strong>\u00a0 Annariina S\u00e4llinen, p. 040 6149432<\/p>\n<p><strong>Kiinteist\u00f6nhoitaja <\/strong>Hans Tolppa, p. 040 6206162<\/p>\n<p><strong>Keitti\u00f6n palveluvastaava<\/strong>, p. 040 158 9858<\/p>\n<p>&nbsp;<\/p>\n<p><a href=\"http:\/\/www.turku.fi\/toimipaikat\/topeliuksen-koulu\" target=\"_blank\" rel=\"noopener noreferrer\">Topeliuksen koulu turku.fi-sivustolla<\/a><\/p>\n<p>&nbsp;<\/p>\n<p><span style=\"text-decoration: underline\"><strong>Linja-autolla Topeliuksen kouluun p\u00e4\u00e4see<\/strong><\/span><\/p>\n<ul>\n<li style=\"list-style-type: none\">\n<ul>\n<li>Keskustan suunnasta linjalla 1<\/li>\n<li>H\u00e4rk\u00e4m\u00e4est\u00e4 linjalla 20 ja 45<\/li>\n<li>Pansiosta linjalla 22o (pys\u00e4htyy Puutarhakadulla)<\/li>\n<\/ul>\n<\/li>\n<\/ul>\n<p><strong><u>Saattoliikenne<\/u><\/strong><\/p>\n<p><strong><a href=\"https:\/\/blog.edu.turku.fi\/topelius\/files\/2019\/08\/Saatto-ja-noutopaikat-Topelius-002.pdf\">Saatto- ja noutopaikat <\/a><\/strong><\/p>\n<p>Koulun v\u00e4litt\u00f6m\u00e4ss\u00e4 l\u00e4heisyydess\u00e4 ei ole tilaa autoilla tapahtuvalle saattoliikenteelle. Mik\u00e4li tuotte lapsenne autolla kouluun, j\u00e4tt\u00e4k\u00e4\u00e4 heid\u00e4t joko Puutarhakadun puoleiselle saattopaikalle tai Linnankadun puoleiselle saattopaikalle.<\/p>\n<p>Linnankadun saattopaikka sijaitsee Veist\u00e4m\u00f6naukion kohdalla, ennen bussipys\u00e4kki\u00e4.<\/p>\n<p>Puutarhakadun saattopaikka sijaitsee osoitteen Puutarhakatu 45 &#8211; 47 kohdalla Tallim\u00e4enpuiston puoleisella reunalla.<\/p>\n","protected":false},"excerpt":{"rendered":"<p>Topeliuksen koulu Pakkarinkatu 10, 20100 Turku (Pakkarinkadun yksikk\u00f6, HUOM! posti vain t\u00e4h\u00e4n osoitteeseen) Opettajien ty\u00f6puhelinnumerot l\u00f6yd\u00e4t Wilmasta. Opettajien s\u00e4hk\u00f6postiosoitteet ovat muotoa etunimi.sukunimi@edu.turku.fi &nbsp; Rehtori Timo Himanen, p. 044 9072358 Apulaisrehtori\u00a0Maija H\u00e4m\u00e4l\u00e4inen, p. 040 5736738 (alakoulun oppilasasiat) Koulusihteeri\u00a0Heli Sirvi\u00f6, p. 040 6609573 Opinto-ohjaaja Mia Haapasaari, p. 044\u00a0907 47 35\u00a0 Kouluterveydenhoitaja\u00a0Merike Uukivi-\u00d6sterholm, p. 0400 359748 Koulukuraattori Krista &hellip; <a href=\"https:\/\/blog.edu.turku.fi\/topelius\/yhteystiedot\/\" class=\"more-link\">Jatka lukemista<span class=\"screen-reader-text\"> &#8221;Yhteystiedot&#8221;<\/span><\/a><\/p>\n","protected":false},"author":56,"featured_media":0,"parent":0,"menu_order":0,"comment_status":"closed","ping_status":"closed","template":"","meta":{"footnotes":""},"class_list":["post-25","page","type-page","status-publish","hentry"],"_links":{"self":[{"href":"https:\/\/blog.edu.turku.fi\/topelius\/wp-json\/wp\/v2\/pages\/25","targetHints":{"allow":["GET"]}}],"collection":[{"href":"https:\/\/blog.edu.turku.fi\/topelius\/wp-json\/wp\/v2\/pages"}],"about":[{"href":"https:\/\/blog.edu.turku.fi\/topelius\/wp-json\/wp\/v2\/types\/page"}],"author":[{"embeddable":true,"href":"https:\/\/blog.edu.turku.fi\/topelius\/wp-json\/wp\/v2\/users\/56"}],"replies":[{"embeddable":true,"href":"https:\/\/blog.edu.turku.fi\/topelius\/wp-json\/wp\/v2\/comments?post=25"}],"version-history":[{"count":95,"href":"https:\/\/blog.edu.turku.fi\/topelius\/wp-json\/wp\/v2\/pages\/25\/revisions"}],"predecessor-version":[{"id":1623,"href":"https:\/\/blog.edu.turku.fi\/topelius\/wp-json\/wp\/v2\/pages\/25\/revisions\/1623"}],"wp:attachment":[{"href":"https:\/\/blog.edu.turku.fi\/topelius\/wp-json\/wp\/v2\/media?parent=25"}],"curies":[{"name":"wp","href":"https:\/\/api.w.org\/{rel}","templated":true}]}}