{"id":1221,"date":"2022-02-02T11:17:23","date_gmt":"2022-02-02T09:17:23","guid":{"rendered":"https:\/\/blog.edu.turku.fi\/topelius\/?page_id=1221"},"modified":"2024-08-27T14:13:51","modified_gmt":"2024-08-27T11:13:51","slug":"poissaolot","status":"publish","type":"page","link":"https:\/\/blog.edu.turku.fi\/topelius\/poissaolot\/","title":{"rendered":"Poissaolot"},"content":{"rendered":"<p><strong>POISSAOLOISTA ILMOITTAMINEN:<\/strong><\/p>\n<p>Oppilaan poissaoloista on ilmoitettava luokanopettajalle tai luokanohjaajalle heti ensimm\u00e4isen\u00e4 poissaolop\u00e4iv\u00e4n\u00e4. \u00a0Poissaolosta voi ilmoittaa koululle Wilman kautta tai puhelimitse\/viestill\u00e4.<\/p>\n<p>Mik\u00e4li oppilas on koulusta poissa muusta syyst\u00e4 kuin sairauden vuoksi, lupa poissaoloon tulee pyyt\u00e4\u00e4 hyviss\u00e4 ajoin.<\/p>\n<p><strong>\u00a0OHJEET OPPILAAN POISSAOLOPYYNT\u00d6\u00c4 VARTEN (esim. loma-anomukset): <\/strong><\/p>\n<p>&#8211; Huoltaja kirjautuu Wilmaan<\/p>\n<p>&#8211; Valitse kohta <strong>HAKEMUKSET JA P\u00c4\u00c4T\u00d6KSET<\/strong><\/p>\n<p>&#8211; Valitse <strong>TEE UUSI HAKEMUS<\/strong><\/p>\n<p>&#8211; Valitse joko\u00a0<strong>poissaolopyynt\u00f6 1-3\u00a0p\u00e4iv\u00e4\u00e4<\/strong> tai <strong>poissaolopyynt\u00f6 yli 3 p\u00e4iv\u00e4\u00e4<\/strong><\/p>\n<p>&#8211; \u00a0<strong>T\u00e4yt\u00e4 lomake<\/strong> ja <strong>tallenna.<\/strong><\/p>\n<p>&#8211; Luokanopettaja\/luokanohjaaja k\u00e4sittelee hakemuksen ensin ja yli kolmen p\u00e4iv\u00e4n poissaoloissa hakemus siirtyy t\u00e4m\u00e4n j\u00e4lkeen apulaisrehtorin\/rehtorin k\u00e4sitelt\u00e4v\u00e4ksi.<\/p>\n<p>&#8211; My\u00f6nnetty poissaolo n\u00e4kyy Wilmassa (hakemukset ja p\u00e4\u00e4t\u00f6kset -v\u00e4lilehti)<\/p>\n<p>Opettajan kanssa tulee sopia poissaolon aikaisten kouluteht\u00e4vien suorittamisesta.<\/p>\n<p><a href=\"https:\/\/www.turku.fi\/paivahoito-ja-koulutus\/perusopetus\/opiskeluhuolto\/kouluyhteisoon-kiinnittamisen-ja-poissaoloihin\"><strong>Turun kaupungin malli poissaoloihin puuttumiseen<\/strong><\/a><\/p>\n<p>&nbsp;<\/p>\n","protected":false},"excerpt":{"rendered":"<p>POISSAOLOISTA ILMOITTAMINEN: Oppilaan poissaoloista on ilmoitettava luokanopettajalle tai luokanohjaajalle heti ensimm\u00e4isen\u00e4 poissaolop\u00e4iv\u00e4n\u00e4. \u00a0Poissaolosta voi ilmoittaa koululle Wilman kautta tai puhelimitse\/viestill\u00e4. Mik\u00e4li oppilas on koulusta poissa muusta syyst\u00e4 kuin sairauden vuoksi, lupa poissaoloon tulee pyyt\u00e4\u00e4 hyviss\u00e4 ajoin. \u00a0OHJEET OPPILAAN POISSAOLOPYYNT\u00d6\u00c4 VARTEN (esim. loma-anomukset): &#8211; Huoltaja kirjautuu Wilmaan &#8211; Valitse kohta HAKEMUKSET JA P\u00c4\u00c4T\u00d6KSET &#8211; Valitse TEE &hellip; <a href=\"https:\/\/blog.edu.turku.fi\/topelius\/poissaolot\/\" class=\"more-link\">Jatka lukemista<span class=\"screen-reader-text\"> &#8221;Poissaolot&#8221;<\/span><\/a><\/p>\n","protected":false},"author":2515,"featured_media":0,"parent":0,"menu_order":0,"comment_status":"closed","ping_status":"closed","template":"","meta":{"footnotes":""},"class_list":["post-1221","page","type-page","status-publish","hentry"],"_links":{"self":[{"href":"https:\/\/blog.edu.turku.fi\/topelius\/wp-json\/wp\/v2\/pages\/1221","targetHints":{"allow":["GET"]}}],"collection":[{"href":"https:\/\/blog.edu.turku.fi\/topelius\/wp-json\/wp\/v2\/pages"}],"about":[{"href":"https:\/\/blog.edu.turku.fi\/topelius\/wp-json\/wp\/v2\/types\/page"}],"author":[{"embeddable":true,"href":"https:\/\/blog.edu.turku.fi\/topelius\/wp-json\/wp\/v2\/users\/2515"}],"replies":[{"embeddable":true,"href":"https:\/\/blog.edu.turku.fi\/topelius\/wp-json\/wp\/v2\/comments?post=1221"}],"version-history":[{"count":6,"href":"https:\/\/blog.edu.turku.fi\/topelius\/wp-json\/wp\/v2\/pages\/1221\/revisions"}],"predecessor-version":[{"id":1495,"href":"https:\/\/blog.edu.turku.fi\/topelius\/wp-json\/wp\/v2\/pages\/1221\/revisions\/1495"}],"wp:attachment":[{"href":"https:\/\/blog.edu.turku.fi\/topelius\/wp-json\/wp\/v2\/media?parent=1221"}],"curies":[{"name":"wp","href":"https:\/\/api.w.org\/{rel}","templated":true}]}}