{"id":1158,"date":"2021-11-17T14:39:11","date_gmt":"2021-11-17T12:39:11","guid":{"rendered":"https:\/\/blog.edu.turku.fi\/topelius\/?page_id=1158"},"modified":"2025-11-17T08:53:13","modified_gmt":"2025-11-17T06:53:13","slug":"hakeminen","status":"publish","type":"page","link":"https:\/\/blog.edu.turku.fi\/topelius\/hakeminen\/","title":{"rendered":"Hakeminen"},"content":{"rendered":"<h3><strong>Oppilaaksi ottaminen ensimm\u00e4iselle luokalle<\/strong><\/h3>\n<p>Topeliuksen koulu, Luostarivuoren koulu sek\u00e4 Puolalan koulu muodostavat yhteisen oppilaaksiottoalueen.<\/p>\n<p>Jokaiselle tulevalle ekaluokkalaiselle, tehd\u00e4\u00e4n l\u00e4hikoulup\u00e4\u00e4t\u00f6s osoitteen perusteella.<\/p>\n<div class=\"wysiwyg text-long\">\n<div>\n<p class=\"x_xmsonormal\"><b><span data-olk-copy-source=\"MessageBody\">Kouluun ilmoittautumisen aikataulut<\/span><\/b>\u00a0(<a title=\"https:\/\/www.turku.fi\/perusopetus\/kouluun-ilmoittautuminen\" href=\"https:\/\/www.turku.fi\/perusopetus\/kouluun-ilmoittautuminen\" target=\"_blank\" rel=\"noopener noreferrer\" data-auth=\"NotApplicable\" data-linkindex=\"0\">Kouluun ilmoittautuminen | Turku.fi<\/a>)<\/p>\n<\/div>\n<div>\n<p class=\"x_MsoNormal\"><b>Ensisijainen haku<\/b><br \/>\nOppivelvollisuuslomake t\u00e4ytet\u00e4\u00e4n Wilmassa\u00a017.12.2025 menness\u00e4.<\/p>\n<p class=\"x_MsoNormal\"><b>P\u00e4\u00e4t\u00f6s koulupaikasta<\/b><br \/>\n31.3.2026<\/p>\n<p><b>Hakeminen muuhun kuin l\u00e4hikouluun<\/b><br \/>\n31.3.\u201314.4.2026 v\u00e4lisen\u00e4 aikana Wilmassa.<\/p>\n<\/div>\n<p><strong>Huom. Topeliuksen koulu t\u00e4yttyy oman oppilaaksiottoalueen lapsista, joten emme pysty t\u00e4ll\u00e4 hetkell\u00e4 ottamaan oppilaaksi muiden oppilasalueiden lapsia<\/strong>.<strong> T\u00e4m\u00e4 koskee kaikkia vuosiluokkia.<\/strong><\/p>\n<\/div>\n","protected":false},"excerpt":{"rendered":"<p>Oppilaaksi ottaminen ensimm\u00e4iselle luokalle Topeliuksen koulu, Luostarivuoren koulu sek\u00e4 Puolalan koulu muodostavat yhteisen oppilaaksiottoalueen. Jokaiselle tulevalle ekaluokkalaiselle, tehd\u00e4\u00e4n l\u00e4hikoulup\u00e4\u00e4t\u00f6s osoitteen perusteella. Kouluun ilmoittautumisen aikataulut\u00a0(Kouluun ilmoittautuminen | Turku.fi) Ensisijainen haku Oppivelvollisuuslomake t\u00e4ytet\u00e4\u00e4n Wilmassa\u00a017.12.2025 menness\u00e4. P\u00e4\u00e4t\u00f6s koulupaikasta 31.3.2026 Hakeminen muuhun kuin l\u00e4hikouluun 31.3.\u201314.4.2026 v\u00e4lisen\u00e4 aikana Wilmassa. Huom. Topeliuksen koulu t\u00e4yttyy oman oppilaaksiottoalueen lapsista, joten emme pysty t\u00e4ll\u00e4 &hellip; <a href=\"https:\/\/blog.edu.turku.fi\/topelius\/hakeminen\/\" class=\"more-link\">Jatka lukemista<span class=\"screen-reader-text\"> &#8221;Hakeminen&#8221;<\/span><\/a><\/p>\n","protected":false},"author":790,"featured_media":0,"parent":0,"menu_order":0,"comment_status":"closed","ping_status":"closed","template":"","meta":{"footnotes":""},"class_list":["post-1158","page","type-page","status-publish","hentry"],"_links":{"self":[{"href":"https:\/\/blog.edu.turku.fi\/topelius\/wp-json\/wp\/v2\/pages\/1158","targetHints":{"allow":["GET"]}}],"collection":[{"href":"https:\/\/blog.edu.turku.fi\/topelius\/wp-json\/wp\/v2\/pages"}],"about":[{"href":"https:\/\/blog.edu.turku.fi\/topelius\/wp-json\/wp\/v2\/types\/page"}],"author":[{"embeddable":true,"href":"https:\/\/blog.edu.turku.fi\/topelius\/wp-json\/wp\/v2\/users\/790"}],"replies":[{"embeddable":true,"href":"https:\/\/blog.edu.turku.fi\/topelius\/wp-json\/wp\/v2\/comments?post=1158"}],"version-history":[{"count":9,"href":"https:\/\/blog.edu.turku.fi\/topelius\/wp-json\/wp\/v2\/pages\/1158\/revisions"}],"predecessor-version":[{"id":1632,"href":"https:\/\/blog.edu.turku.fi\/topelius\/wp-json\/wp\/v2\/pages\/1158\/revisions\/1632"}],"wp:attachment":[{"href":"https:\/\/blog.edu.turku.fi\/topelius\/wp-json\/wp\/v2\/media?parent=1158"}],"curies":[{"name":"wp","href":"https:\/\/api.w.org\/{rel}","templated":true}]}}