{"id":224,"date":"2024-04-03T16:40:11","date_gmt":"2024-04-03T13:40:11","guid":{"rendered":"https:\/\/blog.edu.turku.fi\/toinenastekirjastossa\/?page_id=224"},"modified":"2024-09-13T12:04:24","modified_gmt":"2024-09-13T09:04:24","slug":"lukuvinkkilistat","status":"publish","type":"page","link":"https:\/\/blog.edu.turku.fi\/toinenastekirjastossa\/lukuvinkkilistat\/","title":{"rendered":"Lukuvinkkilistat"},"content":{"rendered":"<p class=\"sectionname\"><strong>Lukuvinkkilistoilta l\u00f6ytyy nuorten ja aikuisten kauno- ja tietokirjoja sek\u00e4 selkokirjoja eri teemojen mukaan. Klikkaa kuvia niin p\u00e4\u00e4set tutustumaan kirjoihin Vaski-verkkokirjastossa.<\/strong><\/p>\n<p class=\"sectionname\"><strong><a href=\"https:\/\/vaski.finna.fi\/List\/1616153\"><img loading=\"lazy\" decoding=\"async\" class=\"wp-image-476 size-medium alignnone\" src=\"https:\/\/blog.edu.turku.fi\/toinenastekirjastossa\/files\/2024\/09\/Sand12-300x200.jpg\" alt=\"\" width=\"300\" height=\"200\" srcset=\"https:\/\/blog.edu.turku.fi\/toinenastekirjastossa\/files\/2024\/09\/Sand12-300x200.jpg 300w, https:\/\/blog.edu.turku.fi\/toinenastekirjastossa\/files\/2024\/09\/Sand12.jpg 709w\" sizes=\"auto, (max-width: 300px) 85vw, 300px\" \/><\/a><\/strong><\/p>\n<p><strong><a href=\"https:\/\/vaski.finna.fi\/List\/1616234\"><img loading=\"lazy\" decoding=\"async\" class=\"wp-image-477 size-medium alignnone\" src=\"https:\/\/blog.edu.turku.fi\/toinenastekirjastossa\/files\/2024\/09\/Sand3-300x200.jpg\" alt=\"\" width=\"300\" height=\"200\" srcset=\"https:\/\/blog.edu.turku.fi\/toinenastekirjastossa\/files\/2024\/09\/Sand3-300x200.jpg 300w, https:\/\/blog.edu.turku.fi\/toinenastekirjastossa\/files\/2024\/09\/Sand3.jpg 709w\" sizes=\"auto, (max-width: 300px) 85vw, 300px\" \/><\/a><\/strong><\/p>\n<p><strong><a href=\"https:\/\/vaski.finna.fi\/List\/1616753\"><img loading=\"lazy\" decoding=\"async\" class=\"wp-image-478 size-medium alignnone\" src=\"https:\/\/blog.edu.turku.fi\/toinenastekirjastossa\/files\/2024\/09\/Sand2-300x200.jpg\" alt=\"\" width=\"300\" height=\"200\" srcset=\"https:\/\/blog.edu.turku.fi\/toinenastekirjastossa\/files\/2024\/09\/Sand2-300x200.jpg 300w, https:\/\/blog.edu.turku.fi\/toinenastekirjastossa\/files\/2024\/09\/Sand2.jpg 709w\" sizes=\"auto, (max-width: 300px) 85vw, 300px\" \/><\/a><\/strong><\/p>\n<p><strong><a href=\"https:\/\/vaski.finna.fi\/List\/1616177\"><img loading=\"lazy\" decoding=\"async\" class=\"wp-image-482 size-medium alignnone\" src=\"https:\/\/blog.edu.turku.fi\/toinenastekirjastossa\/files\/2024\/09\/Sand9-300x200.jpg\" alt=\"\" width=\"300\" height=\"200\" srcset=\"https:\/\/blog.edu.turku.fi\/toinenastekirjastossa\/files\/2024\/09\/Sand9-300x200.jpg 300w, https:\/\/blog.edu.turku.fi\/toinenastekirjastossa\/files\/2024\/09\/Sand9.jpg 709w\" sizes=\"auto, (max-width: 300px) 85vw, 300px\" \/><\/a><\/strong><\/p>\n<p><strong><a href=\"https:\/\/vaski.finna.fi\/List\/1616771\"><img loading=\"lazy\" decoding=\"async\" class=\"alignnone wp-image-479 size-medium\" src=\"https:\/\/blog.edu.turku.fi\/toinenastekirjastossa\/files\/2024\/09\/Sand1-300x200.jpg\" alt=\"\" width=\"300\" height=\"200\" srcset=\"https:\/\/blog.edu.turku.fi\/toinenastekirjastossa\/files\/2024\/09\/Sand1-300x200.jpg 300w, https:\/\/blog.edu.turku.fi\/toinenastekirjastossa\/files\/2024\/09\/Sand1.jpg 709w\" sizes=\"auto, (max-width: 300px) 85vw, 300px\" \/><\/a><\/strong><\/p>\n<p><strong><a href=\"https:\/\/vaski.finna.fi\/List\/1616186\"><img loading=\"lazy\" decoding=\"async\" class=\"alignnone wp-image-483 size-medium\" src=\"https:\/\/blog.edu.turku.fi\/toinenastekirjastossa\/files\/2024\/09\/Sand7-300x200.jpg\" alt=\"\" width=\"300\" height=\"200\" srcset=\"https:\/\/blog.edu.turku.fi\/toinenastekirjastossa\/files\/2024\/09\/Sand7-300x200.jpg 300w, https:\/\/blog.edu.turku.fi\/toinenastekirjastossa\/files\/2024\/09\/Sand7.jpg 709w\" sizes=\"auto, (max-width: 300px) 85vw, 300px\" \/><\/a><\/strong><\/p>\n<p><a href=\"https:\/\/vaski.finna.fi\/List\/1616768\"><img loading=\"lazy\" decoding=\"async\" class=\"alignnone wp-image-488 size-medium\" src=\"https:\/\/blog.edu.turku.fi\/toinenastekirjastossa\/files\/2024\/09\/Sand14-300x200.jpg\" alt=\"\" width=\"300\" height=\"200\" srcset=\"https:\/\/blog.edu.turku.fi\/toinenastekirjastossa\/files\/2024\/09\/Sand14-300x200.jpg 300w, https:\/\/blog.edu.turku.fi\/toinenastekirjastossa\/files\/2024\/09\/Sand14.jpg 709w\" sizes=\"auto, (max-width: 300px) 85vw, 300px\" \/><\/a><\/p>\n<p><strong><a href=\"https:\/\/vaski.finna.fi\/List\/1616192\"><img loading=\"lazy\" decoding=\"async\" class=\"alignnone wp-image-484 size-medium\" src=\"https:\/\/blog.edu.turku.fi\/toinenastekirjastossa\/files\/2024\/09\/Sand1-300x200.png\" alt=\"\" width=\"300\" height=\"200\" srcset=\"https:\/\/blog.edu.turku.fi\/toinenastekirjastossa\/files\/2024\/09\/Sand1-300x200.png 300w, https:\/\/blog.edu.turku.fi\/toinenastekirjastossa\/files\/2024\/09\/Sand1.png 709w\" sizes=\"auto, (max-width: 300px) 85vw, 300px\" \/><\/a><\/strong><\/p>\n<p><strong><a href=\"https:\/\/vaski.finna.fi\/List\/1616219\"><img loading=\"lazy\" decoding=\"async\" class=\"alignnone wp-image-485 size-medium\" src=\"https:\/\/blog.edu.turku.fi\/toinenastekirjastossa\/files\/2024\/09\/Sand4-300x200.jpg\" alt=\"\" width=\"300\" height=\"200\" srcset=\"https:\/\/blog.edu.turku.fi\/toinenastekirjastossa\/files\/2024\/09\/Sand4-300x200.jpg 300w, https:\/\/blog.edu.turku.fi\/toinenastekirjastossa\/files\/2024\/09\/Sand4.jpg 709w\" sizes=\"auto, (max-width: 300px) 85vw, 300px\" \/><\/a><\/strong><\/p>\n<p><strong><a href=\"https:\/\/vaski.finna.fi\/List\/1616159\"><img loading=\"lazy\" decoding=\"async\" class=\"alignnone wp-image-481 size-medium\" src=\"https:\/\/blog.edu.turku.fi\/toinenastekirjastossa\/files\/2024\/09\/Sand11-300x200.jpg\" alt=\"\" width=\"300\" height=\"200\" srcset=\"https:\/\/blog.edu.turku.fi\/toinenastekirjastossa\/files\/2024\/09\/Sand11-300x200.jpg 300w, https:\/\/blog.edu.turku.fi\/toinenastekirjastossa\/files\/2024\/09\/Sand11.jpg 709w\" sizes=\"auto, (max-width: 300px) 85vw, 300px\" \/><\/a><\/strong><\/p>\n<p><strong><a href=\"https:\/\/vaski.finna.fi\/List\/1616171\"><img loading=\"lazy\" decoding=\"async\" class=\"alignnone wp-image-486 size-medium\" src=\"https:\/\/blog.edu.turku.fi\/toinenastekirjastossa\/files\/2024\/09\/Sand10-300x200.jpg\" alt=\"\" width=\"300\" height=\"200\" srcset=\"https:\/\/blog.edu.turku.fi\/toinenastekirjastossa\/files\/2024\/09\/Sand10-300x200.jpg 300w, https:\/\/blog.edu.turku.fi\/toinenastekirjastossa\/files\/2024\/09\/Sand10.jpg 709w\" sizes=\"auto, (max-width: 300px) 85vw, 300px\" \/><\/a><\/strong><\/p>\n<p><strong><a href=\"https:\/\/vaski.finna.fi\/List\/1616204\"><img loading=\"lazy\" decoding=\"async\" class=\"alignnone wp-image-487 size-medium\" src=\"https:\/\/blog.edu.turku.fi\/toinenastekirjastossa\/files\/2024\/09\/Sand5-300x200.jpg\" alt=\"\" width=\"300\" height=\"200\" srcset=\"https:\/\/blog.edu.turku.fi\/toinenastekirjastossa\/files\/2024\/09\/Sand5-300x200.jpg 300w, https:\/\/blog.edu.turku.fi\/toinenastekirjastossa\/files\/2024\/09\/Sand5.jpg 709w\" sizes=\"auto, (max-width: 300px) 85vw, 300px\" \/><\/a><\/strong><\/p>\n","protected":false},"excerpt":{"rendered":"<p>Lukuvinkkilistoilta l\u00f6ytyy nuorten ja aikuisten kauno- ja tietokirjoja sek\u00e4 selkokirjoja eri teemojen mukaan. Klikkaa kuvia niin p\u00e4\u00e4set tutustumaan kirjoihin Vaski-verkkokirjastossa.<\/p>\n","protected":false},"author":3396,"featured_media":0,"parent":0,"menu_order":0,"comment_status":"closed","ping_status":"closed","template":"","meta":{"footnotes":""},"class_list":["post-224","page","type-page","status-publish","hentry"],"_links":{"self":[{"href":"https:\/\/blog.edu.turku.fi\/toinenastekirjastossa\/wp-json\/wp\/v2\/pages\/224","targetHints":{"allow":["GET"]}}],"collection":[{"href":"https:\/\/blog.edu.turku.fi\/toinenastekirjastossa\/wp-json\/wp\/v2\/pages"}],"about":[{"href":"https:\/\/blog.edu.turku.fi\/toinenastekirjastossa\/wp-json\/wp\/v2\/types\/page"}],"author":[{"embeddable":true,"href":"https:\/\/blog.edu.turku.fi\/toinenastekirjastossa\/wp-json\/wp\/v2\/users\/3396"}],"replies":[{"embeddable":true,"href":"https:\/\/blog.edu.turku.fi\/toinenastekirjastossa\/wp-json\/wp\/v2\/comments?post=224"}],"version-history":[{"count":8,"href":"https:\/\/blog.edu.turku.fi\/toinenastekirjastossa\/wp-json\/wp\/v2\/pages\/224\/revisions"}],"predecessor-version":[{"id":491,"href":"https:\/\/blog.edu.turku.fi\/toinenastekirjastossa\/wp-json\/wp\/v2\/pages\/224\/revisions\/491"}],"wp:attachment":[{"href":"https:\/\/blog.edu.turku.fi\/toinenastekirjastossa\/wp-json\/wp\/v2\/media?parent=224"}],"curies":[{"name":"wp","href":"https:\/\/api.w.org\/{rel}","templated":true}]}}