{"id":205,"date":"2024-03-27T10:16:33","date_gmt":"2024-03-27T08:16:33","guid":{"rendered":"https:\/\/blog.edu.turku.fi\/toinenastekirjastossa\/?page_id=205"},"modified":"2025-10-28T12:43:18","modified_gmt":"2025-10-28T10:43:18","slug":"nuortenalue-stoori","status":"publish","type":"page","link":"https:\/\/blog.edu.turku.fi\/toinenastekirjastossa\/nuortenalue-stoori\/","title":{"rendered":"P\u00e4\u00e4kirjaston nuortenalue Stoori"},"content":{"rendered":"<p>P\u00e4\u00e4kirjaston uuden osan ensimm\u00e4isess\u00e4 kerroksessa sijaitseva nuortenalue Stoori tarjoaa mahdollisuuden tarinoihin uppoutumiseen ja oleskeluun.<\/p>\n<p>Stoorissa p\u00e4\u00e4see monipuolisen ja monikielisen kokoelman \u00e4\u00e4relle, opiskelemaan, lukemaan, pelaamaan, oleilemaan, osallistumaan tapahtumiin ja katsomaan n\u00e4yttelyj\u00e4.<\/p>\n<p>Haluamme Stoorin tarjoavan nuorille faktaa, fiktiota ja tunteita. Tavoitteemme on, ett\u00e4 kirjasto on nuorille t\u00e4rke\u00e4, mukava ja turvallinen paikka olla. Otamme vastaan kaikki nuorten ehdotukset ja ideat, jotta saamme kirjastosta entist\u00e4 mieluisamman tilan nuorille.<\/p>\n<p>Tule ja tutustu Stooriin!<\/p>\n<p><a href=\"https:\/\/eur04.safelinks.protection.outlook.com\/?url=https%3A%2F%2Fvaski.finna.fi%2FContent%2Fnuoret&amp;data=05%7C02%7C%7Cdef3b232b07a49582ad408de15fd480e%7C6c5e2c8ad3f04a0b965842502c73e17b%7C0%7C0%7C638972374735399249%7CUnknown%7CTWFpbGZsb3d8eyJFbXB0eU1hcGkiOnRydWUsIlYiOiIwLjAuMDAwMCIsIlAiOiJXaW4zMiIsIkFOIjoiTWFpbCIsIldUIjoyfQ%3D%3D%7C0%7C%7C%7C&amp;sdata=215rjc9TYWM0Su12ZyqpEoXVi8ASm3icqJWhGrCASr4%3D&amp;reserved=0\">Nuoret | Vaski-kirjastot<\/a><a href=\"https:\/\/linktr.ee\/stoori\">\u00a0<\/a><\/p>\n","protected":false},"excerpt":{"rendered":"<p>P\u00e4\u00e4kirjaston uuden osan ensimm\u00e4isess\u00e4 kerroksessa sijaitseva nuortenalue Stoori tarjoaa mahdollisuuden tarinoihin uppoutumiseen ja oleskeluun. Stoorissa p\u00e4\u00e4see monipuolisen ja monikielisen kokoelman \u00e4\u00e4relle, opiskelemaan, lukemaan, pelaamaan, oleilemaan, osallistumaan tapahtumiin ja katsomaan n\u00e4yttelyj\u00e4. Haluamme Stoorin tarjoavan nuorille faktaa, fiktiota ja tunteita. Tavoitteemme on, ett\u00e4 kirjasto on nuorille t\u00e4rke\u00e4, mukava ja turvallinen paikka olla. Otamme vastaan kaikki nuorten ehdotukset &hellip; <a href=\"https:\/\/blog.edu.turku.fi\/toinenastekirjastossa\/nuortenalue-stoori\/\" class=\"more-link\">Jatka lukemista<span class=\"screen-reader-text\"> &#8221;P\u00e4\u00e4kirjaston nuortenalue Stoori&#8221;<\/span><\/a><\/p>\n","protected":false},"author":3396,"featured_media":0,"parent":0,"menu_order":0,"comment_status":"closed","ping_status":"closed","template":"","meta":{"footnotes":""},"class_list":["post-205","page","type-page","status-publish","hentry"],"_links":{"self":[{"href":"https:\/\/blog.edu.turku.fi\/toinenastekirjastossa\/wp-json\/wp\/v2\/pages\/205","targetHints":{"allow":["GET"]}}],"collection":[{"href":"https:\/\/blog.edu.turku.fi\/toinenastekirjastossa\/wp-json\/wp\/v2\/pages"}],"about":[{"href":"https:\/\/blog.edu.turku.fi\/toinenastekirjastossa\/wp-json\/wp\/v2\/types\/page"}],"author":[{"embeddable":true,"href":"https:\/\/blog.edu.turku.fi\/toinenastekirjastossa\/wp-json\/wp\/v2\/users\/3396"}],"replies":[{"embeddable":true,"href":"https:\/\/blog.edu.turku.fi\/toinenastekirjastossa\/wp-json\/wp\/v2\/comments?post=205"}],"version-history":[{"count":4,"href":"https:\/\/blog.edu.turku.fi\/toinenastekirjastossa\/wp-json\/wp\/v2\/pages\/205\/revisions"}],"predecessor-version":[{"id":514,"href":"https:\/\/blog.edu.turku.fi\/toinenastekirjastossa\/wp-json\/wp\/v2\/pages\/205\/revisions\/514"}],"wp:attachment":[{"href":"https:\/\/blog.edu.turku.fi\/toinenastekirjastossa\/wp-json\/wp\/v2\/media?parent=205"}],"curies":[{"name":"wp","href":"https:\/\/api.w.org\/{rel}","templated":true}]}}