{"id":198,"date":"2024-03-20T09:41:21","date_gmt":"2024-03-20T07:41:21","guid":{"rendered":"https:\/\/blog.edu.turku.fi\/toinenastekirjastossa\/?page_id=198"},"modified":"2025-08-11T09:37:10","modified_gmt":"2025-08-11T06:37:10","slug":"tiedonhaku-kierros","status":"publish","type":"page","link":"https:\/\/blog.edu.turku.fi\/toinenastekirjastossa\/ryhmavierailut\/tiedonhaku-kierros\/","title":{"rendered":"Tietokierros"},"content":{"rendered":"<h2>Toisen asteen tietokierrokset p\u00e4\u00e4kirjastossa<\/h2>\n<p>Toisen asteen opiskelijoille suunnitelluilla tietokierroksilla tutustumme tiedonhakuun Vaski-verkkokirjastossa, p\u00e4\u00e4kirjaston tiloihin ja palveluihin, sek\u00e4 opiskelijoille hy\u00f6dyllisiin kirjastoaineistoihin. Maksuton kierros kest\u00e4\u00e4 noin tunnin.<\/p>\n<p>Kierroksen varauslomake l\u00f6ytyy lukukausien aikana t\u00e4m\u00e4n sivun alalaidasta: <a href=\"https:\/\/www.turku.fi\/kirjasto\/opettajille-ja-varhaiskasvattajille#anchor-tietokierrokset-toisen-asteen-opiskelijoille\">https:\/\/www.turku.fi\/turun-kaupunginkirjasto\/palvelut\/ryhmavierailut<\/a><\/p>\n<p>Varaa lomakkeelta p\u00e4iv\u00e4, jolloin haluaisit tuoda luokkasi kierrokselle, ja ehdota kellonaikaa (klo 10 alkaen). Jos emme pysty tarjoamaan kierrosta toivomananne ajankohtana, sovitaan yhdess\u00e4 toinen aika!<\/p>\n<p><strong>Varaathan ajan viimeist\u00e4\u00e4n kahta viikkoa ennen kierroksen ajankohtaa.<\/strong><\/p>\n","protected":false},"excerpt":{"rendered":"<p>Toisen asteen tietokierrokset p\u00e4\u00e4kirjastossa Toisen asteen opiskelijoille suunnitelluilla tietokierroksilla tutustumme tiedonhakuun Vaski-verkkokirjastossa, p\u00e4\u00e4kirjaston tiloihin ja palveluihin, sek\u00e4 opiskelijoille hy\u00f6dyllisiin kirjastoaineistoihin. Maksuton kierros kest\u00e4\u00e4 noin tunnin. Kierroksen varauslomake l\u00f6ytyy lukukausien aikana t\u00e4m\u00e4n sivun alalaidasta: https:\/\/www.turku.fi\/turun-kaupunginkirjasto\/palvelut\/ryhmavierailut Varaa lomakkeelta p\u00e4iv\u00e4, jolloin haluaisit tuoda luokkasi kierrokselle, ja ehdota kellonaikaa (klo 10 alkaen). Jos emme pysty tarjoamaan kierrosta toivomananne ajankohtana, &hellip; <a href=\"https:\/\/blog.edu.turku.fi\/toinenastekirjastossa\/ryhmavierailut\/tiedonhaku-kierros\/\" class=\"more-link\">Jatka lukemista<span class=\"screen-reader-text\"> &#8221;Tietokierros&#8221;<\/span><\/a><\/p>\n","protected":false},"author":3396,"featured_media":0,"parent":130,"menu_order":0,"comment_status":"closed","ping_status":"closed","template":"","meta":{"footnotes":""},"class_list":["post-198","page","type-page","status-publish","hentry"],"_links":{"self":[{"href":"https:\/\/blog.edu.turku.fi\/toinenastekirjastossa\/wp-json\/wp\/v2\/pages\/198","targetHints":{"allow":["GET"]}}],"collection":[{"href":"https:\/\/blog.edu.turku.fi\/toinenastekirjastossa\/wp-json\/wp\/v2\/pages"}],"about":[{"href":"https:\/\/blog.edu.turku.fi\/toinenastekirjastossa\/wp-json\/wp\/v2\/types\/page"}],"author":[{"embeddable":true,"href":"https:\/\/blog.edu.turku.fi\/toinenastekirjastossa\/wp-json\/wp\/v2\/users\/3396"}],"replies":[{"embeddable":true,"href":"https:\/\/blog.edu.turku.fi\/toinenastekirjastossa\/wp-json\/wp\/v2\/comments?post=198"}],"version-history":[{"count":8,"href":"https:\/\/blog.edu.turku.fi\/toinenastekirjastossa\/wp-json\/wp\/v2\/pages\/198\/revisions"}],"predecessor-version":[{"id":503,"href":"https:\/\/blog.edu.turku.fi\/toinenastekirjastossa\/wp-json\/wp\/v2\/pages\/198\/revisions\/503"}],"up":[{"embeddable":true,"href":"https:\/\/blog.edu.turku.fi\/toinenastekirjastossa\/wp-json\/wp\/v2\/pages\/130"}],"wp:attachment":[{"href":"https:\/\/blog.edu.turku.fi\/toinenastekirjastossa\/wp-json\/wp\/v2\/media?parent=198"}],"curies":[{"name":"wp","href":"https:\/\/api.w.org\/{rel}","templated":true}]}}