{"id":17,"date":"2024-01-25T13:56:18","date_gmt":"2024-01-25T11:56:18","guid":{"rendered":"https:\/\/blog.edu.turku.fi\/toinenastekirjastossa\/?page_id=17"},"modified":"2025-12-02T09:08:46","modified_gmt":"2025-12-02T07:08:46","slug":"kirjastohaaste-kierros","status":"publish","type":"page","link":"https:\/\/blog.edu.turku.fi\/toinenastekirjastossa\/ryhmavierailut\/kirjastohaaste-kierros\/","title":{"rendered":"Kirjastohaaste-kierros"},"content":{"rendered":"<h2>Kierroksen sis\u00e4lt\u00f6<\/h2>\n<p><span data-contrast=\"none\">Kirjastohaaste on toisen asteen opiskelijaryhmille suunnattu omatoiminen ja toiminnallinen kirjastokierros <\/span><span data-contrast=\"none\">Turun kaupunginkirjaston p\u00e4\u00e4kirjastossa. <\/span><span data-contrast=\"none\">Kierroksen aikana opiskelijat tutustuvat opettajansa valvonnassa esim. 3 \u2013 5 hengen ryhmiss\u00e4 kirjastoon ja sen osastoihin. Kierroksen tavoitteena on antaa monipuolinen ja my\u00f6nteinen kokemus kirjastosta. Kierroksen arvioitu kesto on <strong>60 \u2013 75 minuuttia<\/strong>.<br \/>\n<\/span><\/p>\n<p><span data-contrast=\"none\"><span class=\"OYPEnA text-decoration-none text-strikethrough-none\">Opiskelijat p\u00e4\u00e4sev\u00e4t teht\u00e4vien avulla tutustumaan kirjaston osastoihin ja palveluihin, harjoittelemaan kirjastotaitoja, sek\u00e4 ryhm\u00e4ss\u00e4 toimimista.<\/span> Osallistujat saavat <strong>kartan<\/strong>, jonka avulla he navigoivat teht\u00e4v\u00e4rastilta toiselle. Jokainen ryhm\u00e4 saa my\u00f6s <strong>teht\u00e4v\u00e4paperin<\/strong>,<br \/>\njosta l\u00f6ytyv\u00e4t tarkemmat ohjeet, <\/span><span data-contrast=\"none\">ja yhteen rastiin liittyv\u00e4 sanaristikkoteht\u00e4v\u00e4 <\/span><span data-contrast=\"none\">sek\u00e4 bonusteht\u00e4v\u00e4.\u00a0 <\/span><span data-ccp-props=\"{&quot;201341983&quot;:0,&quot;335559737&quot;:-20,&quot;335559739&quot;:0,&quot;335559740&quot;:240}\">Teht\u00e4vien suorittamista varten jokainen ryhm\u00e4 tarvitsee <strong>oman puhelimen, jonka avulla voi lukea QR-koodeja<\/strong>.<br \/>\n<\/span><\/p>\n<p><span data-ccp-props=\"{&quot;201341983&quot;:0,&quot;335559737&quot;:-20,&quot;335559739&quot;:0,&quot;335559740&quot;:240}\"><span class=\"NormalTextRun SCXW246889008 BCX9\">Kierros sopii opiskelijoille, jotka <\/span><span class=\"NormalTextRun SCXW246889008 BCX9\">pystyv\u00e4t toimimaan omatoimisesti<\/span><span class=\"NormalTextRun SCXW246889008 BCX9\"> pienryhmiss\u00e4<\/span><span class=\"NormalTextRun SCXW246889008 BCX9\">. <\/span><span class=\"NormalTextRun SCXW246889008 BCX9\">Teht\u00e4vien materiaalit <\/span><span class=\"NormalTextRun SCXW246889008 BCX9\">on laadittu suomen kielell\u00e4. N<\/span><span class=\"NormalTextRun SCXW246889008 BCX9\">e eiv\u00e4t ole selkokielisi\u00e4.<\/span><\/span><\/p>\n<h2><strong>Kirjastohaasteen varaaminen<\/strong><\/h2>\n<p>Voit varata ryhm\u00e4llesi Kirjastohaasteen t\u00e4st\u00e4 linkist\u00e4 omilla Turku-tunnuksilla tai kirjastokortilla: <a href=\"https:\/\/varaamo.turku.fi\/resources\/ayk2osvavewq\">https:\/\/varaamo.turku.fi\/resources\/ayk2osvavewq<\/a><\/p>\n<h2>Ennen kierrosta<\/h2>\n<p>Suosittelemme, ett\u00e4 katsotte aloitusvideon etuk\u00e4teen luokan kanssa. N\u00e4in kierroksen aloittaminen kirjastossa sujuu vaivattomammin:<\/p>\n<p><iframe loading=\"lazy\" title=\"Kirjastohaaste_aloitusvideo\" width=\"840\" height=\"473\" src=\"https:\/\/www.youtube.com\/embed\/vjuAqB_anz0?feature=oembed\" frameborder=\"0\" allow=\"accelerometer; autoplay; clipboard-write; encrypted-media; gyroscope; picture-in-picture; web-share\" referrerpolicy=\"strict-origin-when-cross-origin\" allowfullscreen><\/iframe><\/p>\n<h2>Kierroksen kulku<\/h2>\n<p class=\"cvGsUA direction-ltr align-justify para-style-body\"><span class=\"OYPEnA text-decoration-none text-strikethrough-none\">Opettaja varaa kierroksen Varaamo-palvelun kautta. Opiskelijat saapuvat sovittuna aikana opettajan johdolla Turun p\u00e4\u00e4kirjaston tieto-osastolle, joka sijaitsee uudemman kirjastorakennuksen toisessa kerroksessa. Opettaja hakee tieto-osaston neuvontatiskin henkil\u00f6kunnalta kartat ja teht\u00e4v\u00e4paperit. Opettaja jakaa opiskelijat enint\u00e4\u00e4n kuuteen ryhm\u00e4\u00e4n (kartasta on tehty kuusi eri reitti\u00e4). Opiskelijat kiert\u00e4v\u00e4t itsen\u00e4isesti kirjaston osastoja kartan reitin mukaan, etsiv\u00e4t kartan avulla kirjastotilaan piilotettuja QR-koodeja, joiden takaa l\u00f6ytyy teht\u00e4vi\u00e4. Jokaisesta teht\u00e4v\u00e4st\u00e4 ryhm\u00e4 saa kirjaimen tai kirjaimet, jotka he kirjaavat teht\u00e4v\u00e4paperiin. Lopuksi ker\u00e4tyist\u00e4 kirjaimista muodostetaan sana kartasta l\u00f6ytyv\u00e4n videovihjeen perusteella. Sanan ja videon vihjeiden avulla he etsiv\u00e4t paikan, jossa viimeinen rasti sijaitsee. Siell\u00e4 on lukittu laatikko, jonka koodi l\u00f6ytyy teht\u00e4v\u00e4paperista. Laatikosta l\u00f6ytyy pieni palkinto.<\/span><\/p>\n<p class=\"cvGsUA direction-ltr align-justify para-style-body\"><span class=\"OYPEnA text-decoration-none text-strikethrough-none\">Lopuksi opettaja ker\u00e4\u00e4 opiskelijoilta kartat, jotka palautetaan tieto-osaston neuvontaan ennen kuin Varaamosta varattu aika loppuu. Opiskelijat palauttavat teht\u00e4v\u00e4paperit opettajalleen.<\/span><\/p>\n<h2>Palaute<\/h2>\n<p>Otamme mielell\u00e4\u00e4n vastaan palautetta t\u00e4m\u00e4n linkin kautta:<\/p>\n<p><a href=\"https:\/\/forms.office.com\/pages\/responsepage.aspx?id=iixebPDTC0qWWEJQLHPhe29TRGJHLZ5MlZeVmSNFqRpUOEhWRFkxNkcySTdER0ZTRFM2TFZCQTdBOC4u\">Kirjastohaasteen palaute (office.com)<\/a><\/p>\n<div>\n<div><\/div>\n<\/div>\n","protected":false},"excerpt":{"rendered":"<p>Kierroksen sis\u00e4lt\u00f6 Kirjastohaaste on toisen asteen opiskelijaryhmille suunnattu omatoiminen ja toiminnallinen kirjastokierros Turun kaupunginkirjaston p\u00e4\u00e4kirjastossa. Kierroksen aikana opiskelijat tutustuvat opettajansa valvonnassa esim. 3 \u2013 5 hengen ryhmiss\u00e4 kirjastoon ja sen osastoihin. Kierroksen tavoitteena on antaa monipuolinen ja my\u00f6nteinen kokemus kirjastosta. Kierroksen arvioitu kesto on 60 \u2013 75 minuuttia. Opiskelijat p\u00e4\u00e4sev\u00e4t teht\u00e4vien avulla tutustumaan kirjaston osastoihin &hellip; <a href=\"https:\/\/blog.edu.turku.fi\/toinenastekirjastossa\/ryhmavierailut\/kirjastohaaste-kierros\/\" class=\"more-link\">Jatka lukemista<span class=\"screen-reader-text\"> &#8221;Kirjastohaaste-kierros&#8221;<\/span><\/a><\/p>\n","protected":false},"author":3396,"featured_media":0,"parent":130,"menu_order":1,"comment_status":"closed","ping_status":"closed","template":"","meta":{"footnotes":""},"class_list":["post-17","page","type-page","status-publish","hentry"],"_links":{"self":[{"href":"https:\/\/blog.edu.turku.fi\/toinenastekirjastossa\/wp-json\/wp\/v2\/pages\/17","targetHints":{"allow":["GET"]}}],"collection":[{"href":"https:\/\/blog.edu.turku.fi\/toinenastekirjastossa\/wp-json\/wp\/v2\/pages"}],"about":[{"href":"https:\/\/blog.edu.turku.fi\/toinenastekirjastossa\/wp-json\/wp\/v2\/types\/page"}],"author":[{"embeddable":true,"href":"https:\/\/blog.edu.turku.fi\/toinenastekirjastossa\/wp-json\/wp\/v2\/users\/3396"}],"replies":[{"embeddable":true,"href":"https:\/\/blog.edu.turku.fi\/toinenastekirjastossa\/wp-json\/wp\/v2\/comments?post=17"}],"version-history":[{"count":34,"href":"https:\/\/blog.edu.turku.fi\/toinenastekirjastossa\/wp-json\/wp\/v2\/pages\/17\/revisions"}],"predecessor-version":[{"id":516,"href":"https:\/\/blog.edu.turku.fi\/toinenastekirjastossa\/wp-json\/wp\/v2\/pages\/17\/revisions\/516"}],"up":[{"embeddable":true,"href":"https:\/\/blog.edu.turku.fi\/toinenastekirjastossa\/wp-json\/wp\/v2\/pages\/130"}],"wp:attachment":[{"href":"https:\/\/blog.edu.turku.fi\/toinenastekirjastossa\/wp-json\/wp\/v2\/media?parent=17"}],"curies":[{"name":"wp","href":"https:\/\/api.w.org\/{rel}","templated":true}]}}