{"id":137,"date":"2024-03-04T13:11:50","date_gmt":"2024-03-04T11:11:50","guid":{"rendered":"https:\/\/blog.edu.turku.fi\/toinenastekirjastossa\/?page_id=137"},"modified":"2024-09-09T15:39:31","modified_gmt":"2024-09-09T12:39:31","slug":"s2-materiaalit","status":"publish","type":"page","link":"https:\/\/blog.edu.turku.fi\/toinenastekirjastossa\/s2-ryhmille\/s2-materiaalit\/","title":{"rendered":"Selkokirjat ja kirjastosanasto"},"content":{"rendered":"<h5><strong>Selkokirjat<\/strong><\/h5>\n<p>P\u00e4ivittyv\u00e4n listan selkokirjauutuuksista l\u00f6yd\u00e4t <a href=\"https:\/\/vaski.finna.fi\/Search\/Results?sort=first_indexed+desc%2Cid+asc&amp;limit=0&amp;lookfor=selkokirjat&amp;type=AllFields&amp;filter%5B%5D=%7Elanguage%3A%22fin%22\">Vaski-kirjastojen verkkosivuilta<\/a>.<\/p>\n<h5><strong>Kirjastoon tutustuminen ja kirjastosanasto<\/strong><\/h5>\n<p>Kirjasto tutuksi -materiaalien avulla ryhm\u00e4t voivat tutustua kirjaston k\u00e4ytt\u00f6\u00f6n my\u00f6s jo ennen kirjastovierailua tai kokonaan omatoimisesti. Opastusvideot l\u00f6ytyv\u00e4t Turun kaupunginkirjaston Youtube-kanavalta. Katso videot <a href=\"https:\/\/www.youtube.com\/playlist?list=PLDeCdyTo_2lewKgsN0oK2CAagx4OJEr_6\">Kirjasto tutuksi<\/a> -soittolistalta. Kirjastoon liittyvi\u00e4 sanoja voi opiskella <a href=\"https:\/\/blog.edu.turku.fi\/toinenastekirjastossa\/files\/2024\/02\/Kirjastosanasto.pdf\">Kirjastosanaston<\/a> avulla.<\/p>\n<p><a href=\"https:\/\/vaski.finna.fi\/Content\/kirjastoerikielilla\">Kirjasto eri kielill\u00e4<\/a> tarjoaa p\u00e4ivittyv\u00e4n listan selkokirjoista sek\u00e4 uutuuksista eri kielill\u00e4. Sivustolta l\u00f6yd\u00e4t my\u00f6s tietoa Monikielisen kirjaston palveluista, suomen kielen verkkokursseista sek\u00e4 PressReader-palvelusta, jossa voi lukea lehti\u00e4 60 eri kielell\u00e4.<\/p>\n<p>S2-ryhmien vierailut kirjastossa l\u00f6yd\u00e4t <a href=\"https:\/\/blog.edu.turku.fi\/toinenastekirjastossa\/s2-ryhmille\/\">t\u00e4\u00e4lt\u00e4<\/a>.<\/p>\n","protected":false},"excerpt":{"rendered":"<p>Selkokirjat P\u00e4ivittyv\u00e4n listan selkokirjauutuuksista l\u00f6yd\u00e4t Vaski-kirjastojen verkkosivuilta. Kirjastoon tutustuminen ja kirjastosanasto Kirjasto tutuksi -materiaalien avulla ryhm\u00e4t voivat tutustua kirjaston k\u00e4ytt\u00f6\u00f6n my\u00f6s jo ennen kirjastovierailua tai kokonaan omatoimisesti. Opastusvideot l\u00f6ytyv\u00e4t Turun kaupunginkirjaston Youtube-kanavalta. Katso videot Kirjasto tutuksi -soittolistalta. Kirjastoon liittyvi\u00e4 sanoja voi opiskella Kirjastosanaston avulla. Kirjasto eri kielill\u00e4 tarjoaa p\u00e4ivittyv\u00e4n listan selkokirjoista sek\u00e4 uutuuksista eri kielill\u00e4. &hellip; <a href=\"https:\/\/blog.edu.turku.fi\/toinenastekirjastossa\/s2-ryhmille\/s2-materiaalit\/\" class=\"more-link\">Jatka lukemista<span class=\"screen-reader-text\"> &#8221;Selkokirjat ja kirjastosanasto&#8221;<\/span><\/a><\/p>\n","protected":false},"author":3396,"featured_media":0,"parent":115,"menu_order":0,"comment_status":"closed","ping_status":"closed","template":"","meta":{"footnotes":""},"class_list":["post-137","page","type-page","status-publish","hentry"],"_links":{"self":[{"href":"https:\/\/blog.edu.turku.fi\/toinenastekirjastossa\/wp-json\/wp\/v2\/pages\/137","targetHints":{"allow":["GET"]}}],"collection":[{"href":"https:\/\/blog.edu.turku.fi\/toinenastekirjastossa\/wp-json\/wp\/v2\/pages"}],"about":[{"href":"https:\/\/blog.edu.turku.fi\/toinenastekirjastossa\/wp-json\/wp\/v2\/types\/page"}],"author":[{"embeddable":true,"href":"https:\/\/blog.edu.turku.fi\/toinenastekirjastossa\/wp-json\/wp\/v2\/users\/3396"}],"replies":[{"embeddable":true,"href":"https:\/\/blog.edu.turku.fi\/toinenastekirjastossa\/wp-json\/wp\/v2\/comments?post=137"}],"version-history":[{"count":15,"href":"https:\/\/blog.edu.turku.fi\/toinenastekirjastossa\/wp-json\/wp\/v2\/pages\/137\/revisions"}],"predecessor-version":[{"id":473,"href":"https:\/\/blog.edu.turku.fi\/toinenastekirjastossa\/wp-json\/wp\/v2\/pages\/137\/revisions\/473"}],"up":[{"embeddable":true,"href":"https:\/\/blog.edu.turku.fi\/toinenastekirjastossa\/wp-json\/wp\/v2\/pages\/115"}],"wp:attachment":[{"href":"https:\/\/blog.edu.turku.fi\/toinenastekirjastossa\/wp-json\/wp\/v2\/media?parent=137"}],"curies":[{"name":"wp","href":"https:\/\/api.w.org\/{rel}","templated":true}]}}